{"id":93,"date":"2017-03-21T12:11:14","date_gmt":"2017-03-21T12:11:14","guid":{"rendered":"http:\/\/museulourinha.org\/wordpress\/?page_id=93"},"modified":"2018-06-17T16:44:00","modified_gmt":"2018-06-17T16:44:00","slug":"calcolitico","status":"publish","type":"page","link":"https:\/\/museulourinha.org\/en\/exposicoes\/atlantico\/arqueologia\/calcolitico\/","title":{"rendered":"Chalcolithic"},"content":{"rendered":"<p align=\"justify\">Na zona, o testemunho exemplar do calcol\u00edtico \u00e9 o Castro do Zambujal, no concelho de Torres Vedras, caracterizada pela estrutura arquitet\u00f3nica de torres e muralhas e pela presen\u00e7a de achados arqueol\u00f3gicos da metalurgia do cobre.<\/p>\n<p align=\"justify\">No ritual funer\u00e1rio, j\u00e1 bastante intr\u00ednseco \u00e0 civiliza\u00e7\u00e3o de ent\u00e3o, surge um novo g\u00e9nero de t\u00famulo: a <em><span class=\"tx_it\">Tholos<\/span><\/em>, do grego, com o significado de t\u00famulo colectivo. De c\u00e2mara circular e cobertura abobadada, a tholos ou sepultura de falsa c\u00fapula tem uma express\u00e3o na Lourinh\u00e3, o <a href=\"http:\/\/museulourinha.org\/en\/exposicoes\/atlantico\/arqueologia\/calcolitico\/tholos-de-paimogo\/\">Tholos de Paimogo<\/a>.<\/p>\n<p align=\"justify\"><img fetchpriority=\"high\" decoding=\"async\" class=\"wp-image-827 aligncenter\" src=\"http:\/\/museulourinha.org\/wordpress\/wp-content\/uploads\/2017\/03\/arq_calc_calc-300x161.jpg\" alt=\"\" width=\"391\" height=\"210\" srcset=\"https:\/\/museulourinha.org\/wp-content\/uploads\/2017\/03\/arq_calc_calc-300x161.jpg 300w, https:\/\/museulourinha.org\/wp-content\/uploads\/2017\/03\/arq_calc_calc.jpg 364w\" sizes=\"(max-width: 391px) 100vw, 391px\" \/><\/p>","protected":false},"excerpt":{"rendered":"<p>Na zona, o testemunho exemplar do calcol\u00edtico \u00e9 o Castro do Zambujal, no concelho de Torres Vedras, caracterizada pela estrutura[Ler Mais &#8230;]<\/p>","protected":false},"author":8,"featured_media":0,"parent":3885,"menu_order":4,"comment_status":"closed","ping_status":"closed","template":"","meta":{"footnotes":"","_links_to":"","_links_to_target":""},"class_list":["post-93","page","type-page","status-publish","hentry"],"_links":{"self":[{"href":"https:\/\/museulourinha.org\/en\/wp-json\/wp\/v2\/pages\/93","targetHints":{"allow":["GET"]}}],"collection":[{"href":"https:\/\/museulourinha.org\/en\/wp-json\/wp\/v2\/pages"}],"about":[{"href":"https:\/\/museulourinha.org\/en\/wp-json\/wp\/v2\/types\/page"}],"author":[{"embeddable":true,"href":"https:\/\/museulourinha.org\/en\/wp-json\/wp\/v2\/users\/8"}],"replies":[{"embeddable":true,"href":"https:\/\/museulourinha.org\/en\/wp-json\/wp\/v2\/comments?post=93"}],"version-history":[{"count":0,"href":"https:\/\/museulourinha.org\/en\/wp-json\/wp\/v2\/pages\/93\/revisions"}],"up":[{"embeddable":true,"href":"https:\/\/museulourinha.org\/en\/wp-json\/wp\/v2\/pages\/3885"}],"wp:attachment":[{"href":"https:\/\/museulourinha.org\/en\/wp-json\/wp\/v2\/media?parent=93"}],"curies":[{"name":"wp","href":"https:\/\/api.w.org\/{rel}","templated":true}]}}