{"id":86,"date":"2017-03-21T12:09:39","date_gmt":"2017-03-21T12:09:39","guid":{"rendered":"http:\/\/museulourinha.org\/wordpress\/?page_id=86"},"modified":"2018-03-11T11:30:14","modified_gmt":"2018-03-11T11:30:14","slug":"neolitico","status":"publish","type":"page","link":"https:\/\/museulourinha.org\/en\/exposicoes\/atlantico\/arqueologia\/neolitico\/","title":{"rendered":"Neolithic"},"content":{"rendered":"<p align=\"justify\">O Neol\u00edtico, tamb\u00e9m denominado por idade da pedra polida, define-se precisamente pela t\u00e9cnica de polimento de utens\u00edlios de pedra. O Neol\u00edtico \u00e9 ainda caracterizado pelo fabrico de cer\u00e2mica, pelo desenvolvimento da agricultura e da pastor\u00edcia, que se traduz na capacidade de reproduzir, armazenar e seleccionar novas fontes de alimentos.<\/p>\n<p align=\"justify\">O armazenamento de comida e a sua possibilidade de produ\u00e7\u00e3o num local, levou a que no Neol\u00edtico se desse a sedentariza\u00e7\u00e3o em detrimento do nomadismo.<\/p>\n<p align=\"justify\"><img fetchpriority=\"high\" decoding=\"async\" class=\"wp-image-821 aligncenter\" src=\"http:\/\/museulourinha.org\/wordpress\/wp-content\/uploads\/2017\/03\/arq_neol_neol-244x300.jpg\" alt=\"\" width=\"364\" height=\"449\" srcset=\"https:\/\/museulourinha.org\/wp-content\/uploads\/2017\/03\/arq_neol_neol-244x300.jpg 244w, https:\/\/museulourinha.org\/wp-content\/uploads\/2017\/03\/arq_neol_neol.jpg 364w\" sizes=\"(max-width: 364px) 100vw, 364px\" \/><\/p>","protected":false},"excerpt":{"rendered":"<p>O Neol\u00edtico, tamb\u00e9m denominado por idade da pedra polida, define-se precisamente pela t\u00e9cnica de polimento de utens\u00edlios de pedra. O[Ler Mais &#8230;]<\/p>","protected":false},"author":8,"featured_media":0,"parent":3885,"menu_order":3,"comment_status":"closed","ping_status":"closed","template":"","meta":{"footnotes":"","_links_to":"","_links_to_target":""},"class_list":["post-86","page","type-page","status-publish","hentry"],"_links":{"self":[{"href":"https:\/\/museulourinha.org\/en\/wp-json\/wp\/v2\/pages\/86","targetHints":{"allow":["GET"]}}],"collection":[{"href":"https:\/\/museulourinha.org\/en\/wp-json\/wp\/v2\/pages"}],"about":[{"href":"https:\/\/museulourinha.org\/en\/wp-json\/wp\/v2\/types\/page"}],"author":[{"embeddable":true,"href":"https:\/\/museulourinha.org\/en\/wp-json\/wp\/v2\/users\/8"}],"replies":[{"embeddable":true,"href":"https:\/\/museulourinha.org\/en\/wp-json\/wp\/v2\/comments?post=86"}],"version-history":[{"count":0,"href":"https:\/\/museulourinha.org\/en\/wp-json\/wp\/v2\/pages\/86\/revisions"}],"up":[{"embeddable":true,"href":"https:\/\/museulourinha.org\/en\/wp-json\/wp\/v2\/pages\/3885"}],"wp:attachment":[{"href":"https:\/\/museulourinha.org\/en\/wp-json\/wp\/v2\/media?parent=86"}],"curies":[{"name":"wp","href":"https:\/\/api.w.org\/{rel}","templated":true}]}}