{"id":787,"date":"2017-03-23T15:21:28","date_gmt":"2017-03-23T15:21:28","guid":{"rendered":"http:\/\/museulourinha.org\/wordpress\/?page_id=787"},"modified":"2024-12-14T11:28:20","modified_gmt":"2024-12-14T11:28:20","slug":"direcao","status":"publish","type":"page","link":"https:\/\/museulourinha.org\/en\/geal\/orgaos-sociais\/direcao\/","title":{"rendered":"Dire\u00e7\u00e3o"},"content":{"rendered":"<h2>Constitui\u00e7\u00e3o da Dire\u00e7\u00e3o do GEAL:<\/h2>\n<p>Eleita a 4 de outubro de 2024, para o tri\u00e9nio 2024\/2027<\/p>\n<p style=\"text-align: center;\"><strong><span class=\"txbold\">Margarida Nobre<\/span><\/strong><br \/>\nPresidente<\/p>\n<p style=\"text-align: center;\"><strong><span class=\"txbold\">Ricardo Gomes<\/span><\/strong><br \/>\nVice-Presidente<\/p>\n<p style=\"text-align: center;\"><strong><span class=\"txbold\">Alexandre Rovisco<\/span><\/strong><br \/>\nTesoureiro<\/p>\n<p style=\"text-align: center;\"><b>Sofia Lopes<br \/>\n<\/b>Secret\u00e1ria<\/p>\n<p style=\"text-align: center;\"><strong><span class=\"txbold\">Pedro Silva<\/span><\/strong><br \/>\nVogal<\/p>\n<p style=\"text-align: center;\"><b>V\u00edctor L\u00f3pez Rojas<br \/>\n<\/b>Vogal<\/p>\n<p style=\"text-align: center;\"><b>Sofia Sim\u00f5es<br \/>\n<\/b>Vogal<\/p>\n<p style=\"text-align: center;\"><b>M\u00e1rio Silva<br \/>\n<\/b>Suplente<\/p>\n<p style=\"text-align: center;\"><strong><span class=\"txbold\">Hern\u00e2ni Santos<\/span><\/strong><br \/>\nSuplente<\/p>","protected":false},"excerpt":{"rendered":"<p>Constitui\u00e7\u00e3o da Dire\u00e7\u00e3o do GEAL: Eleita a 4 de outubro de 2024, para o tri\u00e9nio 2024\/2027 Margarida Nobre Presidente Ricardo[Ler Mais &#8230;]<\/p>","protected":false},"author":8,"featured_media":0,"parent":30,"menu_order":2,"comment_status":"closed","ping_status":"closed","template":"","meta":{"footnotes":"","_links_to":"","_links_to_target":""},"class_list":["post-787","page","type-page","status-publish","hentry"],"_links":{"self":[{"href":"https:\/\/museulourinha.org\/en\/wp-json\/wp\/v2\/pages\/787","targetHints":{"allow":["GET"]}}],"collection":[{"href":"https:\/\/museulourinha.org\/en\/wp-json\/wp\/v2\/pages"}],"about":[{"href":"https:\/\/museulourinha.org\/en\/wp-json\/wp\/v2\/types\/page"}],"author":[{"embeddable":true,"href":"https:\/\/museulourinha.org\/en\/wp-json\/wp\/v2\/users\/8"}],"replies":[{"embeddable":true,"href":"https:\/\/museulourinha.org\/en\/wp-json\/wp\/v2\/comments?post=787"}],"version-history":[{"count":2,"href":"https:\/\/museulourinha.org\/en\/wp-json\/wp\/v2\/pages\/787\/revisions"}],"predecessor-version":[{"id":8008,"href":"https:\/\/museulourinha.org\/en\/wp-json\/wp\/v2\/pages\/787\/revisions\/8008"}],"up":[{"embeddable":true,"href":"https:\/\/museulourinha.org\/en\/wp-json\/wp\/v2\/pages\/30"}],"wp:attachment":[{"href":"https:\/\/museulourinha.org\/en\/wp-json\/wp\/v2\/media?parent=787"}],"curies":[{"name":"wp","href":"https:\/\/api.w.org\/{rel}","templated":true}]}}