{"id":77,"date":"2017-03-21T12:08:47","date_gmt":"2017-03-21T12:08:47","guid":{"rendered":"http:\/\/museulourinha.org\/wordpress\/?page_id=77"},"modified":"2022-12-21T16:38:53","modified_gmt":"2022-12-21T16:38:53","slug":"contactos","status":"publish","type":"page","link":"https:\/\/museulourinha.org\/en\/informacoes\/contactos\/","title":{"rendered":"Contacts"},"content":{"rendered":"<h2>Morada<\/h2>\n<p>Rua Jo\u00e3o Luis de Moura, 95<br \/>\n2530-158 Lourinh\u00e3<br \/>\nPortugal<\/p>\n<h2>Telefones<\/h2>\n<table class=\"tx\" style=\"height: 157px; width: 99.9036%;\" width=\"515\">\n<tbody>\n<tr style=\"height: 63.9688px;\">\n<td class=\"txbold\" style=\"height: 10px; width: 34.6988%;\">Informa\u00e7\u00f5es, marca\u00e7\u00e3o de visitas:<\/td>\n<td style=\"height: 10px; width: 64.3373%;\">[+351] 261 414 003 (National landline call)<\/td>\n<\/tr>\n<tr style=\"height: 29px;\">\n<td class=\"txbold\" style=\"height: 29px; width: 34.6988%;\">Administra\u00e7\u00e3o e laborat\u00f3rio:<\/td>\n<td style=\"height: 29px; width: 64.3373%;\">[+351] 261 423 887 (National landline call)<\/td>\n<\/tr>\n<tr style=\"height: 29px;\">\n<td class=\"txbold\" style=\"height: 29px; width: 34.6988%;\">Mobile Phone<\/td>\n<td style=\"height: 29px; width: 64.3373%;\">[+351] 939 315 850  (National mobile call)<\/td>\n<\/tr>\n<\/tbody>\n<\/table>\n<h2>Correio eletr\u00f3nico<\/h2>\n<table class=\"tx\" style=\"width: 99.341%; height: 140px;\">\n<tbody>\n<tr style=\"height: 28px;\">\n<td class=\"txbold\" style=\"width: 41.6544%; height: 28px;\">Geral:<\/td>\n<td style=\"width: 125.959%; height: 28px;\"><a class=\"txlinks_int\" href=\"mailto:geral@museulourinha.org\">geral @ museulourinha.org<\/a><\/td>\n<\/tr>\n<tr style=\"height: 28px;\">\n<td class=\"txbold\" style=\"width: 41.6544%; height: 28px;\">Marca\u00e7\u00e3o de visitas:<\/td>\n<td style=\"width: 125.959%; height: 28px;\"><a class=\"txlinks_int\" href=\"mailto:reservas@museulourinha.org\">mailto:reservas@museulourinha.org<\/a><\/td>\n<\/tr>\n<tr style=\"height: 28px;\">\n<td class=\"txbold\" style=\"width: 41.6544%; height: 28px;\">Dire\u00e7\u00e3o:<\/td>\n<td style=\"width: 125.959%; height: 28px;\"><a class=\"txlinks_int\" href=\"mailto:direccao@museulourinha.org\">direccao @ museulourinha.org<\/a><\/td>\n<\/tr>\n<tr style=\"height: 28px;\">\n<td class=\"txbold\" style=\"width: 41.6544%; height: 28px;\">Tesouraria:<\/td>\n<td style=\"width: 125.959%; height: 28px;\"><a class=\"txlinks_int\" href=\"mailto:tesouraria@museulourinha.org\">tesouraria @ museulourinha.org<\/a><\/td>\n<\/tr>\n<tr style=\"height: 28px;\">\n<td style=\"width: 41.6544%; height: 28px;\">Investigation<\/td>\n<td style=\"width: 125.959%; height: 28px;\"><a href=\"mailto:investigacao@museulourinha.org\">investigacao @ museulourinha.org<\/a><\/td>\n<\/tr>\n<\/tbody>\n<\/table>","protected":false},"excerpt":{"rendered":"<p>Morada Rua Jo\u00e3o Luis de Moura, 95 2530-158 Lourinh\u00e3 Portugal Telefones Informa\u00e7\u00f5es, marca\u00e7\u00e3o de visitas: [+351] 261 414 003 (Chamada[Ler Mais &#8230;]<\/p>","protected":false},"author":8,"featured_media":0,"parent":41,"menu_order":0,"comment_status":"closed","ping_status":"closed","template":"","meta":{"footnotes":"","_links_to":"","_links_to_target":""},"class_list":["post-77","page","type-page","status-publish","hentry"],"_links":{"self":[{"href":"https:\/\/museulourinha.org\/en\/wp-json\/wp\/v2\/pages\/77","targetHints":{"allow":["GET"]}}],"collection":[{"href":"https:\/\/museulourinha.org\/en\/wp-json\/wp\/v2\/pages"}],"about":[{"href":"https:\/\/museulourinha.org\/en\/wp-json\/wp\/v2\/types\/page"}],"author":[{"embeddable":true,"href":"https:\/\/museulourinha.org\/en\/wp-json\/wp\/v2\/users\/8"}],"replies":[{"embeddable":true,"href":"https:\/\/museulourinha.org\/en\/wp-json\/wp\/v2\/comments?post=77"}],"version-history":[{"count":0,"href":"https:\/\/museulourinha.org\/en\/wp-json\/wp\/v2\/pages\/77\/revisions"}],"up":[{"embeddable":true,"href":"https:\/\/museulourinha.org\/en\/wp-json\/wp\/v2\/pages\/41"}],"wp:attachment":[{"href":"https:\/\/museulourinha.org\/en\/wp-json\/wp\/v2\/media?parent=77"}],"curies":[{"name":"wp","href":"https:\/\/api.w.org\/{rel}","templated":true}]}}