{"id":751,"date":"2017-03-23T10:23:58","date_gmt":"2017-03-23T10:23:58","guid":{"rendered":"http:\/\/museulourinha.org\/wordpress\/?page_id=751"},"modified":"2018-03-14T09:56:40","modified_gmt":"2018-03-14T09:56:40","slug":"voluntariado","status":"publish","type":"page","link":"https:\/\/museulourinha.org\/en\/museu\/voluntariado\/","title":{"rendered":"Volunteering"},"content":{"rendered":"<h2><strong>Voluntariado no Museu da Lourinh\u00e3<\/strong><\/h2>\n<p style=\"text-align: center;\">O Museu da Lourinh\u00e3 aceita volunt\u00e1rios nas mais diversas \u00e1reas!<\/p>\n<p>O <strong>Programa de Voluntariado do Museu da Lourinh\u00e3<\/strong> aceita pessoas nacionais e estrangeiras que queiram colaborar em diversas \u00e1reas. O volunt\u00e1rio poder\u00e1 trabalhar no laborat\u00f3rio, em escava\u00e7\u00f5es no campo e em actividades no Museu (inventaria\u00e7\u00e3o, acolhimento e recep\u00e7\u00e3o, servi\u00e7o educativo, exposi\u00e7\u00e3o, comunica\u00e7\u00e3o e imagem e inform\u00e1tica).<\/p>\n<p>O Museu da Lourinh\u00e3 tem desde h\u00e1 muito uma longa tradi\u00e7\u00e3o na aceita\u00e7\u00e3o de volunt\u00e1rios. O GEAL &#8211; Grupo de Etnografia e Arqueologia da Lourinh\u00e3 e o Museu da Lourinh\u00e3 foram criados por um grupo de jovens e entusiastas volunt\u00e1rios. Assim, a abertura \u00e0 comunidade e o acolhimento de volunt\u00e1rios fazem parte das caracter\u00edsticas da institui\u00e7\u00e3o, sendo uma mais valia para o seu desenvolvimento.<\/p>\n<p>O volunt\u00e1rio desenvolver\u00e1 a actividade \u00e0 qual se prop\u00f5e dentro das suas disponibilidades. Recebe forma\u00e7\u00e3o adaptada \u00e0s \u00e1reas em que ir\u00e1 trabalhar e um certificado no final do voluntariado. O trabalho desenvolvido pelo volunt\u00e1rio estar\u00e1 coberto por um seguro.<\/p>\n<p>Por outro lado, os volunt\u00e1rios ganham experi\u00eancia e forma\u00e7\u00e3o em v\u00e1rias \u00e1reas, o que, nalguns casos, tem-se revelado \u00fatil para a sua vida pessoal e profissional.<\/p>\n<p>&nbsp;<\/p>\n<h2><strong>Programas de Voluntariado\u00a0<\/strong><\/h2>\n<table style=\"width: 777px;\" border=\"0\" cellspacing=\"0\" cellpadding=\"0\">\n<tbody>\n<tr>\n<td class=\"txbold\" style=\"width: 83px;\" align=\"center\" valign=\"bottom\" height=\"17\">\u00a0<\/td>\n<td class=\"txbold\" style=\"width: 116px;\" align=\"center\" valign=\"bottom\" height=\"17\">Laboratory<\/td>\n<td class=\"txbold\" style=\"width: 153px;\" align=\"center\" valign=\"bottom\" height=\"17\">Escava\u00e7\u00f5es<br \/>\n paleontol\u00f3gicas<\/td>\n<td class=\"txbold\" style=\"width: 124px;\" align=\"center\" valign=\"bottom\" height=\"17\">Archeology<br \/>\n e Etnografia<\/td>\n<td class=\"txbold\" style=\"width: 174px;\" align=\"center\" valign=\"bottom\" height=\"17\">Museologia<\/td>\n<td class=\"txbold\" style=\"width: 125px;\" align=\"center\" valign=\"bottom\">Marketing e administra\u00e7\u00e3o<\/td>\n<\/tr>\n<tr>\n<td class=\"txbold\" style=\"width: 83px;\" align=\"right\" height=\"17\">Per\u00edodo<\/td>\n<td class=\"tx\" style=\"width: 116px;\" align=\"center\" bgcolor=\"#EBEEF0\" height=\"17\">Todo o ano<\/td>\n<td class=\"tx\" style=\"width: 153px;\" align=\"center\" bgcolor=\"#EBEEF0\" height=\"17\">Ver\u00e3o<\/td>\n<td class=\"tx\" style=\"width: 124px;\" align=\"center\" bgcolor=\"#EBEEF0\" height=\"17\">Todo o ano<\/td>\n<td class=\"tx\" style=\"width: 174px;\" align=\"center\" bgcolor=\"#EBEEF0\">Todo o ano<\/td>\n<td class=\"tx\" style=\"width: 125px;\" align=\"center\" bgcolor=\"#EBEEF0\">Todo o ano<\/td>\n<\/tr>\n<tr>\n<td class=\"txbold\" style=\"width: 83px;\" align=\"right\" height=\"17\">Requisitos<br \/>\n m\u00ednimos<\/td>\n<td class=\"tx\" style=\"width: 116px;\" align=\"center\" bgcolor=\"#EBEEF0\" height=\"17\">Maiores de<br \/>\n 16 anos<\/td>\n<td class=\"tx\" style=\"width: 153px;\" align=\"center\" bgcolor=\"#EBEEF0\" height=\"17\">Maiores de<br \/>\n 18 anos.<strong><span class=\"tx_legenda\">*<\/span><\/strong><\/td>\n<td class=\"tx\" style=\"width: 124px;\" align=\"center\" bgcolor=\"#EBEEF0\" height=\"17\">Maiores de<br \/>\n 16 anos<\/td>\n<td class=\"tx\" style=\"width: 174px;\" align=\"center\" bgcolor=\"#EBEEF0\">Maiores de<br \/>\n 16 anos<\/td>\n<td class=\"tx\" style=\"width: 125px;\" align=\"center\" bgcolor=\"#EBEEF0\">Maiores de<br \/>\n 16 anos<\/td>\n<\/tr>\n<tr>\n<td class=\"txbold\" style=\"width: 83px;\" align=\"right\" height=\"17\">Tarefas<\/td>\n<td class=\"tx\" style=\"width: 116px;\" align=\"center\" bgcolor=\"#EBEEF0\" height=\"17\">Prepara\u00e7\u00e3o de<br \/>\n f\u00f3sseis, moldagem,<br \/>\n escava\u00e7\u00f5es, etc.<br \/>\n Foco no<br \/>\n trabalho de<br \/>\n laborat\u00f3rio.<\/td>\n<td class=\"tx\" style=\"width: 153px;\" align=\"center\" bgcolor=\"#EBEEF0\" height=\"17\">Escava\u00e7\u00f5es e<br \/>\n prospec\u00e7\u00e3o<br \/>\n no campo,<br \/>\n prepara\u00e7\u00e3o<br \/>\n de f\u00f3sseis em<br \/>\n laborat\u00f3rio.<\/td>\n<td class=\"tx\" style=\"width: 124px;\" align=\"center\" bgcolor=\"#EBEEF0\" height=\"17\">Apoio aos<br \/>\n trabalhos<br \/>\n correntes em<br \/>\n Archeology<br \/>\n e Etnografia.<\/td>\n<td class=\"tx\" style=\"width: 174px;\" align=\"center\" bgcolor=\"#EBEEF0\">Vigil\u00e2ncia, desenvolvimento<br \/>\n e melhoria da<br \/>\n exposi\u00e7\u00e3o.<br \/>\n Apoio a atividades.<\/td>\n<td class=\"tx\" style=\"width: 125px;\" align=\"center\" bgcolor=\"#EBEEF0\">Apoio aos<br \/>\n trabalhos<br \/>\n correntes em<br \/>\n marketing.<\/td>\n<\/tr>\n<\/tbody>\n<\/table>\n<p><span style=\"font-size: 10pt;\"><strong>*<\/strong> Este \u00e9 o \u00fanico regime de voluntariado que, por haver muitos interessados, requer uma selec\u00e7\u00e3o cuidadosa. Para tal, necessita do <strong>envio de\u00a0Curriculum Vitae<\/strong>, a quando da candidatura. Volunt\u00e1rios que tenham participado no regime de prepara\u00e7\u00e3o de f\u00f3sseis em laborat\u00f3rio ao longo do ano s\u00e3o automaticamente aceites para as escava\u00e7\u00f5es. Em caso de empate na selec\u00e7\u00e3o, os associados do GEAL tem prefer\u00eancia.<\/span><\/p>\n<p>Os interessados dever\u00e3o contactar o Museu, por carta ou por correio electr\u00f3nico para [<a href=\"\/en\/geral@museulourinha.org\/\">geral @ museulourinha.org<\/a>] indicando:<br \/>\n . Nome<br \/>\n . Contactos (morada, telefones, e email)<br \/>\n . Forma\u00e7\u00e3o e profiss\u00e3o<br \/>\n . Interesses (Arqueologia, Etnografia, Paleontologia ou outros)<br \/>\n . N\u00famero de associado (caso o seja)<\/p>\n<p>&nbsp;<\/p>\n<h3>Apoio a estagi\u00e1rios e trabalhos universit\u00e1rios<\/h3>\n<p>O Museu da Lourinh\u00e3 d\u00e1 apoio a estagi\u00e1rios do ensino superior. Bi\u00f3logos, ge\u00f3logos, muse\u00f3logos, inform\u00e1ticos, formandos em marketing, fot\u00f3grafos e outras forma\u00e7\u00f5es superiores que estejam interessados em estagiar ou realizar trabalhos universit\u00e1rios devem contactar o Museu da Lourinh\u00e3, apresentando uma proposta.<\/p>","protected":false},"excerpt":{"rendered":"<p>Voluntariado no Museu da Lourinh\u00e3 O Museu da Lourinh\u00e3 aceita volunt\u00e1rios nas mais diversas \u00e1reas! O Programa de Voluntariado do[Ler Mais &#8230;]<\/p>","protected":false},"author":8,"featured_media":0,"parent":10,"menu_order":5,"comment_status":"closed","ping_status":"closed","template":"","meta":{"footnotes":"","_links_to":"","_links_to_target":""},"class_list":["post-751","page","type-page","status-publish","hentry"],"_links":{"self":[{"href":"https:\/\/museulourinha.org\/en\/wp-json\/wp\/v2\/pages\/751","targetHints":{"allow":["GET"]}}],"collection":[{"href":"https:\/\/museulourinha.org\/en\/wp-json\/wp\/v2\/pages"}],"about":[{"href":"https:\/\/museulourinha.org\/en\/wp-json\/wp\/v2\/types\/page"}],"author":[{"embeddable":true,"href":"https:\/\/museulourinha.org\/en\/wp-json\/wp\/v2\/users\/8"}],"replies":[{"embeddable":true,"href":"https:\/\/museulourinha.org\/en\/wp-json\/wp\/v2\/comments?post=751"}],"version-history":[{"count":0,"href":"https:\/\/museulourinha.org\/en\/wp-json\/wp\/v2\/pages\/751\/revisions"}],"up":[{"embeddable":true,"href":"https:\/\/museulourinha.org\/en\/wp-json\/wp\/v2\/pages\/10"}],"wp:attachment":[{"href":"https:\/\/museulourinha.org\/en\/wp-json\/wp\/v2\/media?parent=751"}],"curies":[{"name":"wp","href":"https:\/\/api.w.org\/{rel}","templated":true}]}}