{"id":75,"date":"2017-03-21T12:08:23","date_gmt":"2017-03-21T12:08:23","guid":{"rendered":"http:\/\/museulourinha.org\/wordpress\/?page_id=75"},"modified":"2017-05-03T10:28:54","modified_gmt":"2017-05-03T10:28:54","slug":"emprego","status":"publish","type":"page","link":"https:\/\/museulourinha.org\/en\/informacoes\/emprego\/","title":{"rendered":"employment"},"content":{"rendered":"<p align=\"justify\">O GEAL &#8211; Museu da Lourinh\u00e3 tem extensas rela\u00e7\u00f5es com a comunidade local, estabelecimentos de Ensino quer do concelho da Lourinh\u00e3 quer de outras zonas de Portugal, e tamb\u00e9m, institui\u00e7\u00f5es nacionais e estrangeiras, entre as quais v\u00e1rios Museus e Universidades.<\/p>\n<p align=\"justify\">\u00c9 uma situa\u00e7\u00e3o ben\u00e9fica para ambas as partes, pois a experi\u00eancia e forma\u00e7\u00e3o ganha pelos volunt\u00e1rios durante a sua colabora\u00e7\u00e3o tem sido, em n\u00e3o poucos casos, de grande inteesse na sua vida pessoal e profissional.<\/p>\n<h2>Apoio a estagi\u00e1rios e trabalhos universit\u00e1rios<\/h2>\n<p align=\"justify\">O GEAL apoia estagi\u00e1rios do ensino superior, por exemplo, mestrandos e doutorandos. Bi\u00f3logos, ge\u00f3logos, muse\u00f3logos, inform\u00e1ticos, formandos em marketing, fot\u00f3grafos, em particular, bem como formandos de outras \u00e1reas do ensino superior que estejam interessados em estagiar ou realizar trabalhos universit\u00e1rios poder\u00e3o apresentar uma candidatura \u00e0 Direc\u00e7\u00e3o do GEAL, por carta ou por correio electr\u00f3nico para [<a class=\"txlink\" href=\"mailto:direccao@museulourinha.org\">direccao@museulourinha.org<\/a>] indicando:<\/p>\n<ul>\n<li>Nome<\/li>\n<li>Contactos (morada, telefones, e email)<\/li>\n<li>Forma\u00e7\u00e3o acad\u00e9mica<\/li>\n<li>Objectivo e descri\u00e7\u00e3o da candidatura (actvidades, per\u00edodo, resultados esperados, outros dados relevantes)<\/li>\n<li>Motiva\u00e7\u00e3o<\/li>\n<li>N\u00famero de associado (se aplic\u00e1vel)<\/li>\n<\/ul>\n<p align=\"justify\">e anexando um <i>curriculum vitae<\/i>.<\/p>\n<h2>Apoio a forma\u00e7\u00e3o em contexto de trabalho<\/h2>\n<p align=\"justify\">O GEAL proporciona est\u00e1gios de forma\u00e7\u00e3o em contexto de trabalho, nomeadamente nas \u00e1reas de inform\u00e1tica, turismo e marketing. As candidaturas s\u00e3o realizadas atrav\u00e9s do estabelecimento de ensino, por proposta \u00e0 Direc\u00e7\u00e3o do GEAL, de acordo com as regras e procedimentos oficiais.<\/p>\n<h2>employment<\/h2>\n<p align=\"justify\">As oportunidades de emprego s\u00e3o anunciadas por diversos meios, nomeadamente na imprensa local. A todo o tempo poder\u00e3o criar-se vagas para fun\u00e7\u00f5es quer permanentes quer tempor\u00e1rias. O GEAL aceita a submiss\u00e3o de candidaturas n\u00e3o solicitadas, que ser\u00e3o consideradas a quando da abertura de uma vaga. \u00c9 imprescind\u00edvel que tais candidaturas sejam apresentadas \u00e0 Direc\u00e7\u00e3o do GEAL, por carta ou correio electr\u00f3nico [<a class=\"txlink\" href=\"mailto:direccao@museulourinha.org\">direccao@museulourinha.org<\/a>] indicando:<\/p>\n<ul>\n<li>Nome<\/li>\n<li>Contactos (morada, telefones, e email)<\/li>\n<li>Forma\u00e7\u00e3o acad\u00e9mica<\/li>\n<li>Objectivo da candidatura<\/li>\n<li>Motiva\u00e7\u00e3o<\/li>\n<\/ul>\n<p align=\"justify\">e anexando um <i>curriculum vitae<\/i>.<\/p>\n<h2>Preparadores de f\u00f3sseis<\/h2>\n<p class=\"tx\" align=\"justify\">Presentemente n\u00e3o est\u00e1 aberto qualquer concurso de admiss\u00e3o, aconselhando-se os potenciais interessados a visitarem ou contactarem o Museu da Lourinh\u00e3. Poder\u00e3o tamb\u00e9m participar em a\u00e7\u00f5es de <a class=\"txlinks_int\" href=\"http:\/\/museulourinha.org\/en\/wordpress\/museu\/voluntariado\/\">voluntariado<\/a>.<\/p>\n<table border=\"0\" width=\"543\" cellspacing=\"0\" cellpadding=\"0\" bgcolor=\"#EBEEF0\">\n<tbody>\n<tr>\n<td class=\"txbold\" align=\"right\" valign=\"top\" width=\"105\" height=\"17\">Requisitos\u00a0 m\u00ednimos:<\/td>\n<td width=\"10\"><\/td>\n<td class=\"tx\" valign=\"top\" width=\"428\">12\u00ba ano de escolaridade, saber falar e escrever ingl\u00eas.<\/td>\n<\/tr>\n<tr>\n<td colspan=\"3\" height=\"1\"><img decoding=\"async\" data-src=\"http:\/\/www.museulourinha.org\/images\/transp.gif\" width=\"1\" height=\"1\" src=\"data:image\/svg+xml;base64,PHN2ZyB3aWR0aD0iMSIgaGVpZ2h0PSIxIiB4bWxucz0iaHR0cDovL3d3dy53My5vcmcvMjAwMC9zdmciPjwvc3ZnPg==\" class=\"lazyload\" style=\"--smush-placeholder-width: 1px; --smush-placeholder-aspect-ratio: 1\/1;\" \/><\/td>\n<\/tr>\n<tr>\n<td class=\"txbold\" align=\"right\" valign=\"top\" width=\"105\" height=\"17\">Prefer\u00eancias:<\/td>\n<td width=\"10\"><\/td>\n<td class=\"tx\" valign=\"top\" width=\"428\">Indiv\u00edduos com pratica em trabalhos de per\u00edcia manual, com iniciativa e capacidade de improvisar. Aptos a realizar trabalhos de campo (escava\u00e7\u00f5es) em condi\u00e7\u00f5es adversas. D\u00e1-se prefer\u00eancia a licenciados ou licenciandos em Biologia e Geologia, e a quem tenha experi\u00eancia em prepara\u00e7\u00e3o de f\u00f3sseis e\/ou moldagem. \u00c9 fator preferencial ter participado em regime de voluntariado (<a class=\"txlinks_int\" href=\"http:\/\/museulourinha.org\/en\/wordpress\/museu\/voluntariado\/\">saber mais<\/a>).<\/td>\n<\/tr>\n<tr>\n<td colspan=\"3\" height=\"1\"><img decoding=\"async\" data-src=\"http:\/\/www.museulourinha.org\/images\/transp.gif\" width=\"1\" height=\"1\" src=\"data:image\/svg+xml;base64,PHN2ZyB3aWR0aD0iMSIgaGVpZ2h0PSIxIiB4bWxucz0iaHR0cDovL3d3dy53My5vcmcvMjAwMC9zdmciPjwvc3ZnPg==\" class=\"lazyload\" style=\"--smush-placeholder-width: 1px; --smush-placeholder-aspect-ratio: 1\/1;\" \/><\/td>\n<\/tr>\n<tr>\n<td class=\"txbold\" align=\"right\" valign=\"top\" width=\"105\" height=\"17\">Tarefas:<\/td>\n<td width=\"10\"><\/td>\n<td class=\"tx\" valign=\"top\" width=\"428\">Prepara\u00e7\u00e3o de f\u00f3sseis, moldagem, escava\u00e7\u00f5es, etc. realizado sobretudo em laborat\u00f3rio. Gest\u00e3o das colec\u00e7\u00f5es de paleontologia. Escava\u00e7\u00f5es e prospec\u00e7\u00e3o no campo.<\/td>\n<\/tr>\n<\/tbody>\n<\/table>","protected":false},"excerpt":{"rendered":"<p>O GEAL &#8211; Museu da Lourinh\u00e3 tem extensas rela\u00e7\u00f5es com a comunidade local, estabelecimentos de Ensino quer do concelho da[Ler Mais &#8230;]<\/p>","protected":false},"author":8,"featured_media":0,"parent":41,"menu_order":0,"comment_status":"closed","ping_status":"closed","template":"","meta":{"footnotes":"","_links_to":"","_links_to_target":""},"class_list":["post-75","page","type-page","status-publish","hentry"],"_links":{"self":[{"href":"https:\/\/museulourinha.org\/en\/wp-json\/wp\/v2\/pages\/75","targetHints":{"allow":["GET"]}}],"collection":[{"href":"https:\/\/museulourinha.org\/en\/wp-json\/wp\/v2\/pages"}],"about":[{"href":"https:\/\/museulourinha.org\/en\/wp-json\/wp\/v2\/types\/page"}],"author":[{"embeddable":true,"href":"https:\/\/museulourinha.org\/en\/wp-json\/wp\/v2\/users\/8"}],"replies":[{"embeddable":true,"href":"https:\/\/museulourinha.org\/en\/wp-json\/wp\/v2\/comments?post=75"}],"version-history":[{"count":0,"href":"https:\/\/museulourinha.org\/en\/wp-json\/wp\/v2\/pages\/75\/revisions"}],"up":[{"embeddable":true,"href":"https:\/\/museulourinha.org\/en\/wp-json\/wp\/v2\/pages\/41"}],"wp:attachment":[{"href":"https:\/\/museulourinha.org\/en\/wp-json\/wp\/v2\/media?parent=75"}],"curies":[{"name":"wp","href":"https:\/\/api.w.org\/{rel}","templated":true}]}}