{"id":749,"date":"2017-03-23T10:23:32","date_gmt":"2017-03-23T10:23:32","guid":{"rendered":"http:\/\/museulourinha.org\/wordpress\/?page_id=749"},"modified":"2019-01-29T17:52:42","modified_gmt":"2019-01-29T17:52:42","slug":"colaboracoes","status":"publish","type":"page","link":"https:\/\/museulourinha.org\/en\/museu\/colaboracoes\/","title":{"rendered":"Collaborations"},"content":{"rendered":"<div align=\"center\">\n<h2 style=\"text-align: left;\">Entidades e Institui\u00e7\u00f5es<\/h2>\n<h3>Colabora\u00e7\u00f5es e Protocolos com o GEAL<\/h3>\n<p>&nbsp;<\/p>\n<\/div>\n<table style=\"height: 1245px;\" border=\"0\" width=\"543\" cellspacing=\"0\" cellpadding=\"8\">\n<tbody>\n<tr style=\"height: 66px;\">\n<td style=\"height: 66px; width: 374px;\" valign=\"top\">\n<p class=\"subtit\">Entidades de \u00edndole cultural e social<\/p>\n<\/td>\n<td style=\"height: 66px; width: 25px;\" valign=\"top\">\u00a0<\/td>\n<td style=\"height: 66px; width: 376px;\" valign=\"top\">\n<p class=\"subtit\">Entidades de \u00edndole cient\u00edfica e museol\u00f3gica<\/p>\n<\/td>\n<\/tr>\n<tr style=\"height: 1179px;\">\n<td class=\"tx\" style=\"height: 1179px; width: 374px;\" valign=\"top\" bgcolor=\"#EBEEF0\">\n<p><a class=\"txlinks\">C\u00e2mara Municipal da Lourinh\u00e3 <\/a>\u00a0 (<a class=\"txlinks_int\">Protocolo<\/a>)<\/p>\n<p><a class=\"txlinks\">ADAPECIL &#8211; Associa\u00e7\u00e3o de Amor Para a Educa\u00e7\u00e3o de Cidad\u00e3os Inadaptados da Lourinh\u00e3 <\/a>\u00a0 (<a class=\"txlinks_int\">Protocolo<\/a>)<\/p>\n<p><a class=\"txlinks\">Casa Pia de Lisboa <\/a>\u00a0 (<a class=\"txlinks_int\">Acordo de coopera\u00e7\u00e3o<\/a>)<\/p>\n<p><a class=\"txlinks\">Ci\u00eancia Viva \u2013 Ag\u00eancia Nacional para a Cultura Cient\u00edfica e Tecnol\u00f3gica <\/a><\/p>\n<p><a class=\"txlinks\">Escola B\u00e1sica dos 2\u00ba e 3\u00ba Ciclos Dr. Afonso Rodrigues Pereira <\/a>\u00a0 (<a class=\"txlinks_int\">Protocolo<\/a>)<\/p>\n<p><a class=\"txlinks\">GAPAB &#8211; Grupo dos Amigos da Praia Areia Branca <\/a>\u00a0 (<a class=\"txlinks_int\">Protocolo<\/a>)<\/p>\n<p>AMAL &#8211; Associa\u00e7\u00e3o Musical e Art\u00edstica Lourinhanense\u00a0 (<a class=\"txlinks_int\">Protocolo<\/a>)<\/p>\n<p>Sociedade L\u00edrica Moitense \u00a0 (<a class=\"txlinks_int\">Protocolo<\/a>)<\/p>\n<p><a class=\"txlinks\">Associa\u00e7\u00e3o Musical da Atalaia <\/a>\u00a0 (<a class=\"txlinks_int\">Protocolo<\/a>)<\/p>\n<p>&nbsp;<\/p>\n<\/td>\n<td style=\"height: 1179px; width: 25px;\" valign=\"top\">\u00a0<\/td>\n<td class=\"tx\" style=\"height: 1179px; width: 376px;\" valign=\"top\" bgcolor=\"#EBEEF0\">\n<p><a class=\"txlinks\">Academia das Ci\u00eancias de Lisboa<\/a><\/p>\n<p><a class=\"txlinks\">\u00a0Dinosaurier Park M\u00fcnchehagen <\/a><\/p>\n<p><a class=\"txlinks\">Deutsches Elektronen-Synchrotron<\/a><\/p>\n<p><a class=\"txlinks\" href=\"https:\/\/www.fct.unl.pt\/\">Faculdade de Ci\u00eancias e Tecnologia &#8211; Universidade Nova de Lisboa<\/a><\/p>\n<p><a class=\"txlinks\">Fundaci\u00f3n Conjunto Paleontol\u00f3gico de Teruel &#8211; Din\u00f3polis <\/a><\/p>\n<p><a class=\"txlinks\">Instituto Gulbenkian de Ci\u00eancia <\/a><\/p>\n<p><a class=\"txlinks\">Museu Geol\u00f3gico <\/a><\/p>\n<p><a class=\"txlinks\">Mus\u00e9um d&#8217;histoire naturelle de la Ville de Gen\u00e8ve <\/a><\/p>\n<p><a class=\"txlinks\">Museo del Jur\u00e1ssico de Asturias <\/a><\/p>\n<p><a class=\"txlinks\">Museu Nacional de Geologia (de Mo\u00e7ambique) <\/a><\/p>\n<p><a class=\"txlinks\">Natural History Museum <\/a><\/p>\n<p>Nieders\u00e4chsisches Landesmuseum Hannover<\/p>\n<p><a class=\"txlinks\" href=\"http:\/\/www.sauriermuseum.ch\/en\/home\/\">Sauriermuseum Aathal <\/a><\/p>\n<p><a class=\"txlinks\">St\u00e4dtischen Museum of Halberstadt<\/a><\/p>\n<p><a class=\"txlinks\">Southern Methodist University (USA) <\/a><\/p>\n<p><a class=\"txlinks\">Universidade Agostinho Neto (Angola) <\/a><\/p>\n<p><a class=\"txlinks\" href=\"https:\/\/www.uc.pt\/\"><img decoding=\"async\" data-src=\"https:\/\/upload.wikimedia.org\/wikipedia\/commons\/thumb\/b\/bd\/Logo_of_the_University_of_Coimbra%2C_Portugal.png\/1200px-Logo_of_the_University_of_Coimbra%2C_Portugal.png\" alt=\"Resultado de imagem para universidade de coimbra\" width=\"58\" height=\"28\" src=\"data:image\/svg+xml;base64,PHN2ZyB3aWR0aD0iMSIgaGVpZ2h0PSIxIiB4bWxucz0iaHR0cDovL3d3dy53My5vcmcvMjAwMC9zdmciPjwvc3ZnPg==\" class=\"lazyload\" style=\"--smush-placeholder-width: 58px; --smush-placeholder-aspect-ratio: 58\/28;\" \/> Universidade de Coimbra <\/a><\/p>\n<p><a class=\"txlinks\">Universidade de \u00c9vora <\/a><\/p>\n<p><a class=\"txlinks\">University Museum of Zoology (Cambridge, UK) <\/a><\/p>\n<p><a class=\"txlinks\">The University of Iowa (USA) <\/a>\u00a0 (<a class=\"txlinks_int\">Protocolo<\/a>)<\/p>\n<\/td>\n<\/tr>\n<\/tbody>\n<\/table>\n<p><strong>Outras colabora\u00e7\u00f5es<\/strong><\/p>\n<p>Protocolo de coopera\u00e7\u00e3o com a empresa PDL e a Munic\u00edpio da Lourinh\u00e3.<\/p>","protected":false},"excerpt":{"rendered":"<p>Entidades e Institui\u00e7\u00f5es Colabora\u00e7\u00f5es e Protocolos com o GEAL &nbsp; Entidades de \u00edndole cultural e social \u00a0 Entidades de \u00edndole[Ler Mais &#8230;]<\/p>","protected":false},"author":8,"featured_media":0,"parent":10,"menu_order":4,"comment_status":"closed","ping_status":"closed","template":"","meta":{"footnotes":"","_links_to":"","_links_to_target":""},"class_list":["post-749","page","type-page","status-publish","hentry"],"_links":{"self":[{"href":"https:\/\/museulourinha.org\/en\/wp-json\/wp\/v2\/pages\/749","targetHints":{"allow":["GET"]}}],"collection":[{"href":"https:\/\/museulourinha.org\/en\/wp-json\/wp\/v2\/pages"}],"about":[{"href":"https:\/\/museulourinha.org\/en\/wp-json\/wp\/v2\/types\/page"}],"author":[{"embeddable":true,"href":"https:\/\/museulourinha.org\/en\/wp-json\/wp\/v2\/users\/8"}],"replies":[{"embeddable":true,"href":"https:\/\/museulourinha.org\/en\/wp-json\/wp\/v2\/comments?post=749"}],"version-history":[{"count":0,"href":"https:\/\/museulourinha.org\/en\/wp-json\/wp\/v2\/pages\/749\/revisions"}],"up":[{"embeddable":true,"href":"https:\/\/museulourinha.org\/en\/wp-json\/wp\/v2\/pages\/10"}],"wp:attachment":[{"href":"https:\/\/museulourinha.org\/en\/wp-json\/wp\/v2\/media?parent=749"}],"curies":[{"name":"wp","href":"https:\/\/api.w.org\/{rel}","templated":true}]}}