{"id":65,"date":"2017-03-21T12:07:28","date_gmt":"2017-03-21T12:07:28","guid":{"rendered":"http:\/\/museulourinha.org\/wordpress\/?page_id=65"},"modified":"2018-03-11T11:29:42","modified_gmt":"2018-03-11T11:29:42","slug":"mesolitico","status":"publish","type":"page","link":"https:\/\/museulourinha.org\/en\/exposicoes\/atlantico\/arqueologia\/mesolitico\/","title":{"rendered":"Mesolithic"},"content":{"rendered":"<p align=\"justify\">Durante o Mesol\u00edtico, novas condi\u00e7\u00f5es clim\u00e1ticas e ecol\u00f3gicas levam a uma ocupa\u00e7\u00e3o mais intensiva do litoral e dos estu\u00e1rios, ou seja, mais pr\u00f3xima de linhas de \u00e1gua. Esta situa\u00e7\u00e3o origina a acumula\u00e7\u00e3o de imensas quantidades de moluscos por parte do homem, que formam as jazidas arqueol\u00f3gicas mais caracter\u00edsticas deste per\u00edodo &#8211; <em><span class=\"tx_it\">os concheiros<\/span><\/em>.<\/p>\n<p align=\"justify\">Os concheiros, vest\u00edgios deixados pelas ocupa\u00e7\u00f5es sucessivas de pequenas comunidades de 20 a 25 indiv\u00edduos, s\u00e3o restos de acampamentos onde se constru\u00edam cabanas, p\u00e1ra-ventos, lareiras e outras estruturas de apoio ao povoamento.<\/p>\n<p align=\"justify\">Os recursos alimentares diversificam-se a par de inova\u00e7\u00f5es t\u00e9cnicas na ind\u00fastria l\u00edtica que se aperfei\u00e7oava havendo um trabalho na pedra cada vez mais pormenorizado. Assim, a utiliza\u00e7\u00e3o sistem\u00e1tica de artefactos comp\u00f3sitos constru\u00eddos no essencial a partir de micr\u00f3litos, permitiram aos ca\u00e7adores-pescadores-recolectores atingir um modo de vida que lhes permite sobreviver com base na recolha de recursos naturais.<\/p>\n<p align=\"justify\">As esta\u00e7\u00f5es, da zona da Lourinh\u00e3, onde est\u00e3o patentes este per\u00edodo s\u00e3o as de Toledo, Valfrades e Ponta da Vigia j\u00e1 no concelho de Torres Vedras, todas \u00e0 cota de 30 metros.<\/p>\n<p align=\"justify\"><img fetchpriority=\"high\" decoding=\"async\" class=\"size-medium wp-image-812 aligncenter\" src=\"http:\/\/museulourinha.org\/wordpress\/wp-content\/uploads\/2017\/03\/arq_meso_meso-267x300.jpg\" alt=\"\" width=\"267\" height=\"300\" srcset=\"https:\/\/museulourinha.org\/wp-content\/uploads\/2017\/03\/arq_meso_meso-267x300.jpg 267w, https:\/\/museulourinha.org\/wp-content\/uploads\/2017\/03\/arq_meso_meso.jpg 364w\" sizes=\"(max-width: 267px) 100vw, 267px\" \/><\/p>","protected":false},"excerpt":{"rendered":"<p>Durante o Mesol\u00edtico, novas condi\u00e7\u00f5es clim\u00e1ticas e ecol\u00f3gicas levam a uma ocupa\u00e7\u00e3o mais intensiva do litoral e dos estu\u00e1rios, ou[Ler Mais &#8230;]<\/p>","protected":false},"author":8,"featured_media":0,"parent":3885,"menu_order":2,"comment_status":"closed","ping_status":"closed","template":"","meta":{"footnotes":"","_links_to":"","_links_to_target":""},"class_list":["post-65","page","type-page","status-publish","hentry"],"_links":{"self":[{"href":"https:\/\/museulourinha.org\/en\/wp-json\/wp\/v2\/pages\/65","targetHints":{"allow":["GET"]}}],"collection":[{"href":"https:\/\/museulourinha.org\/en\/wp-json\/wp\/v2\/pages"}],"about":[{"href":"https:\/\/museulourinha.org\/en\/wp-json\/wp\/v2\/types\/page"}],"author":[{"embeddable":true,"href":"https:\/\/museulourinha.org\/en\/wp-json\/wp\/v2\/users\/8"}],"replies":[{"embeddable":true,"href":"https:\/\/museulourinha.org\/en\/wp-json\/wp\/v2\/comments?post=65"}],"version-history":[{"count":0,"href":"https:\/\/museulourinha.org\/en\/wp-json\/wp\/v2\/pages\/65\/revisions"}],"up":[{"embeddable":true,"href":"https:\/\/museulourinha.org\/en\/wp-json\/wp\/v2\/pages\/3885"}],"wp:attachment":[{"href":"https:\/\/museulourinha.org\/en\/wp-json\/wp\/v2\/media?parent=65"}],"curies":[{"name":"wp","href":"https:\/\/api.w.org\/{rel}","templated":true}]}}