{"id":608,"date":"2017-03-21T15:59:47","date_gmt":"2017-03-21T15:59:47","guid":{"rendered":"http:\/\/museulourinha.org\/wordpress\/?page_id=608"},"modified":"2018-03-10T17:33:07","modified_gmt":"2018-03-10T17:33:07","slug":"paleolitico","status":"publish","type":"page","link":"https:\/\/museulourinha.org\/en\/exposicoes\/atlantico\/arqueologia\/paleolitico\/","title":{"rendered":"Paleolithic"},"content":{"rendered":"<p align=\"justify\">O Paleol\u00edtico \u00e9 a era arqueol\u00f3gica de maior dimens\u00e3o cronol\u00f3gica, em que se faz toda a evolu\u00e7\u00e3o em termos humanos passando-se pelas diversas fases desde o primata\u00a0<em><span class=\"tx_it\">Ramapithecus<\/span> <\/em>at\u00e9 ao <em><span class=\"tx_it\">Homosapiens sapiens sapiens<\/span><\/em>, atingindo ent\u00e3o um aspecto semelhante ao do homem actual.<\/p>\n<p align=\"justify\">As varia\u00e7\u00f5es clim\u00e1ticas s\u00e3o grandes atravessando glacia\u00e7\u00f5es e interglacia\u00e7\u00f5es que, al\u00e9m das grandes altera\u00e7\u00f5es de temperaturas e pluviosidade, influenciaram a cota zero correspondente ao n\u00edvel do mar.<\/p>\n<p align=\"justify\">\u00c9 durante o Paleol\u00edtico que se aprende a trabalhar madeira, cordas, pedra, osso, se descobre o fogo, se adquire t\u00e9cnicas de ca\u00e7a, se revelam os primeiros rituais traduzidos nas figuras rupestres.<\/p>\n<p align=\"justify\">Na Lourinh\u00e3 exitem, ao longo da costa, forma\u00e7\u00f5es plistoc\u00e9nicas com cotas entre os 94 e os 114 metros acima do actual n\u00edvel do mar, constitu\u00eddos por n\u00edveis de arenitos consolidados com abundantes calhaus rolados de quartzito. Este material foi utilizado posteriormente pelos primeiros homens que, vindos do Norte de \u00c1frica atrav\u00e9s do Estreito de Gibraltar, penetraram na Europa tomando como rumo o sentido das costas mediterr\u00e2nica e atl\u00e2ntica, e os cursos de grandes rios como o Guadalquibir, o Guadiana e o Tejo.<\/p>\n<p align=\"justify\">\u00c9 por isso que os primeiros testemunhos destes n\u00f3madas ca\u00e7adores s\u00e3o encontrados na orla costeira. Estes testemunhos em pedra apresentam a evolu\u00e7\u00e3o caracter\u00edstica que acompanha o Paleol\u00edtico Inferior, M\u00e9dio e Superior.<\/p>\n<p align=\"justify\">O Paleol\u00edtico, do grego <em><span class=\"tx_it\">lithos<\/span><\/em>=pedra, <em><span class=\"tx_it\">paleo<\/span><\/em>=antigo, caracteriza-se pela exist\u00eancia de industria l\u00edtica sobre calhau rolado trabalhado inicialmente apenas sobre uma das faces, o uniface, at\u00e9 atingir os bifaces totalmente trabalhados, n\u00facleos, raspadeiras, lascas e, at\u00e9, bel\u00edssimas pontas de seta em quartzo ou em s\u00edlex.<\/p>\n<p align=\"justify\"><img fetchpriority=\"high\" decoding=\"async\" class=\"wp-image-805 aligncenter\" src=\"http:\/\/museulourinha.org\/wordpress\/wp-content\/uploads\/2017\/03\/arq_pale_pale-228x300.jpg\" alt=\"\" width=\"367\" height=\"483\" srcset=\"https:\/\/museulourinha.org\/wp-content\/uploads\/2017\/03\/arq_pale_pale-228x300.jpg 228w, https:\/\/museulourinha.org\/wp-content\/uploads\/2017\/03\/arq_pale_pale.jpg 364w\" sizes=\"(max-width: 367px) 100vw, 367px\" \/><\/p>","protected":false},"excerpt":{"rendered":"<p>O Paleol\u00edtico \u00e9 a era arqueol\u00f3gica de maior dimens\u00e3o cronol\u00f3gica, em que se faz toda a evolu\u00e7\u00e3o em termos humanos[Ler Mais &#8230;]<\/p>","protected":false},"author":8,"featured_media":0,"parent":3885,"menu_order":1,"comment_status":"closed","ping_status":"closed","template":"","meta":{"footnotes":"","_links_to":"","_links_to_target":""},"class_list":["post-608","page","type-page","status-publish","hentry"],"_links":{"self":[{"href":"https:\/\/museulourinha.org\/en\/wp-json\/wp\/v2\/pages\/608","targetHints":{"allow":["GET"]}}],"collection":[{"href":"https:\/\/museulourinha.org\/en\/wp-json\/wp\/v2\/pages"}],"about":[{"href":"https:\/\/museulourinha.org\/en\/wp-json\/wp\/v2\/types\/page"}],"author":[{"embeddable":true,"href":"https:\/\/museulourinha.org\/en\/wp-json\/wp\/v2\/users\/8"}],"replies":[{"embeddable":true,"href":"https:\/\/museulourinha.org\/en\/wp-json\/wp\/v2\/comments?post=608"}],"version-history":[{"count":0,"href":"https:\/\/museulourinha.org\/en\/wp-json\/wp\/v2\/pages\/608\/revisions"}],"up":[{"embeddable":true,"href":"https:\/\/museulourinha.org\/en\/wp-json\/wp\/v2\/pages\/3885"}],"wp:attachment":[{"href":"https:\/\/museulourinha.org\/en\/wp-json\/wp\/v2\/media?parent=608"}],"curies":[{"name":"wp","href":"https:\/\/api.w.org\/{rel}","templated":true}]}}