{"id":581,"date":"2017-03-21T15:10:02","date_gmt":"2017-03-21T15:10:02","guid":{"rendered":"http:\/\/museulourinha.org\/wordpress\/?page_id=581"},"modified":"2018-03-14T18:32:24","modified_gmt":"2018-03-14T18:32:24","slug":"lista-dos-dinossauros","status":"publish","type":"page","link":"https:\/\/museulourinha.org\/en\/exposicoes\/atlantico\/paleontologia\/dinossauros-de-portugal\/lista-dos-dinossauros\/","title":{"rendered":"Lista dos Dinossauros"},"content":{"rendered":"<div align=\"right\">\u00a0<\/div>\n<h2 style=\"text-align: left;\" align=\"right\">Lista dos dinossauros de Portugal<\/h2>\n<div align=\"right\">\u00a0<\/div>\n<table border=\"0\" width=\"553\" cellspacing=\"0\" cellpadding=\"0\">\n<tbody>\n<tr style=\"height: 27px;\" bgcolor=\"#CED9E5\">\n<td class=\"tx\" style=\"height: 27px;\" align=\"right\" valign=\"bottom\" bgcolor=\"#CED9E5\" width=\"232\">\u00a0<\/td>\n<td class=\"tx_it\" style=\"height: 27px;\" valign=\"top\" nowrap=\"nowrap\" width=\"311\">\u00a0<\/td>\n<\/tr>\n<tr style=\"height: 252px;\" bgcolor=\"#CED9E5\">\n<td class=\"tx\" style=\"height: 252px;\" align=\"right\" valign=\"bottom\" bgcolor=\"#CED9E5\" width=\"232\">\n<p style=\"text-align: left;\">THEROPODA (os carn\u00edvoros b\u00edpedes)<\/p>\n<p><span style=\"text-align: start;\">\u00a0\u00a0<\/span><br style=\"text-align: start;\" \/><br \/>\n <img decoding=\"async\" data-src=\"http:\/\/www.museulourinha.org\/images\/theropoda.gif\" width=\"240\" height=\"127\" src=\"data:image\/svg+xml;base64,PHN2ZyB3aWR0aD0iMSIgaGVpZ2h0PSIxIiB4bWxucz0iaHR0cDovL3d3dy53My5vcmcvMjAwMC9zdmciPjwvc3ZnPg==\" class=\"lazyload\" style=\"--smush-placeholder-width: 240px; --smush-placeholder-aspect-ratio: 240\/127;\" \/><\/p>\n<\/td>\n<td class=\"tx_it\" style=\"height: 252px;\" valign=\"top\" nowrap=\"nowrap\" width=\"311\">&#8211;\u00a0<a class=\"txlinks_int\" href=\"https:\/\/museulourinha.org\/en\/pt\/paleon_dino_t1.htm\/\"><em>Ceratosaurus<\/em> sp.<\/a>\u00a0<br \/>\n &#8211;\u00a0<em><a class=\"txlinks_int\" href=\"https:\/\/museulourinha.org\/en\/pt\/paleon_dino_t2.htm\/\">Torvosaurus gurneyi<\/a><\/em><br \/>\n &#8211;\u00a0<em><a class=\"txlinks_int\" href=\"https:\/\/museulourinha.org\/en\/pt\/paleon_dino_t3.htm\/\">Lourinhanosaurus antunesi<\/a><\/em><br \/>\n &#8211;\u00a0<em><a class=\"txlinks_int\" href=\"https:\/\/museulourinha.org\/en\/pt\/paleon_dino_t4.htm\/\">Allosaurus europaeus<\/a><\/em><br \/>\n &#8211;\u00a0<a class=\"txlinks_int\" href=\"https:\/\/museulourinha.org\/en\/pt\/paleon_dino_t5.htm\/\">cf. <em>Compsognathus<\/em> sp.<\/a>\u00a0<br \/>\n &#8211;\u00a0<a class=\"txlinks_int\" href=\"https:\/\/museulourinha.org\/en\/pt\/paleon_dino_t6.htm\/\"><em>Stokesosaurus<\/em> sp.<\/a><br \/>\n &#8211;\u00a0<a class=\"txlinks_int\" href=\"https:\/\/museulourinha.org\/en\/pt\/paleon_dino_t7.htm\/\">cf. <em>Richardoestesia<\/em> sp.<\/a><br \/>\n &#8211;\u00a0<em><a class=\"txlinks_int\" href=\"https:\/\/museulourinha.org\/en\/pt\/paleon_dino_t8.htm\/\">Euronychodon portucalensis<\/a><\/em><br \/>\n &#8211;\u00a0<a class=\"txlinks_int\" href=\"https:\/\/museulourinha.org\/en\/pt\/paleon_dino_t9.htm\/\">cf. <em>Paronychodon<\/em> sp.<\/a>\u00a0<br \/>\n &#8211;\u00a0<em><a class=\"txlinks_int\" href=\"https:\/\/museulourinha.org\/en\/pt\/paleon_dino_t10.htm\/\">Archaeopteryx<\/a><\/em><\/td>\n<\/tr>\n<tr style=\"height: 27px;\" bgcolor=\"#CED9E5\">\n<td class=\"tx\" style=\"height: 27px;\" align=\"right\" valign=\"bottom\" bgcolor=\"#CED9E5\" width=\"232\">\u00a0<\/td>\n<td class=\"tx_it\" style=\"height: 27px;\" valign=\"top\" nowrap=\"nowrap\" width=\"311\">\u00a0<\/td>\n<\/tr>\n<tr style=\"height: 19px;\" bgcolor=\"#E1E9F1\">\n<td class=\"tx\" style=\"height: 19px;\" align=\"right\" valign=\"bottom\" bgcolor=\"#E1E9F1\" width=\"232\">\u00a0<\/td>\n<td class=\"tx_it\" style=\"height: 19px;\" valign=\"top\" nowrap=\"nowrap\" width=\"311\">\u00a0<\/td>\n<\/tr>\n<tr style=\"height: 239px;\" bgcolor=\"#E1E9F1\">\n<td class=\"tx\" style=\"height: 239px; width: 232px; vertical-align: top;\" align=\"right\" valign=\"bottom\" bgcolor=\"#E1E9F1\" width=\"232\">\n<p style=\"text-align: left;\">SAUROPODA (os gigantes herb\u00edvoros)<\/p>\n<p><img decoding=\"async\" data-src=\"http:\/\/www.museulourinha.org\/images\/sauropoda.gif\" width=\"240\" height=\"149\" src=\"data:image\/svg+xml;base64,PHN2ZyB3aWR0aD0iMSIgaGVpZ2h0PSIxIiB4bWxucz0iaHR0cDovL3d3dy53My5vcmcvMjAwMC9zdmciPjwvc3ZnPg==\" class=\"lazyload\" style=\"--smush-placeholder-width: 240px; --smush-placeholder-aspect-ratio: 240\/149;\" \/><\/p>\n<\/td>\n<td class=\"tx_it\" style=\"height: 239px;\" valign=\"top\" nowrap=\"nowrap\" width=\"311\">&#8211;\u00a0<em><a class=\"txlinks_int\" href=\"https:\/\/museulourinha.org\/en\/pt\/paleon_dino_s1.htm\/\">Supersaurus lourinhanensis<\/a><\/em><br \/>\n &#8211;\u00a0<em><a class=\"txlinks_int\" href=\"https:\/\/museulourinha.org\/en\/pt\/paleon_dino_s2.htm\/\">Lusotitan atalaiensis<\/a><\/em><br \/>\n &#8211;\u00a0<em><a class=\"txlinks_int\" href=\"https:\/\/museulourinha.org\/en\/pt\/paleon_dino_s3.htm\/\">Lourinhasaurus alenquerensis<\/a><\/em><br \/>\n &#8211;\u00a0<a class=\"txlinks_int\" href=\"https:\/\/museulourinha.org\/en\/pt\/paleon_dino_s4.htm\/\"><em>Camarasaurus<\/em> sp.<\/a>\u00a0\u00a0<br \/>\n&#8211;\u00a0<i>Zby atlanticus<br \/>\n<\/i>&#8211; ?<em>Pleurocoelous valdensis<\/em><\/td>\n<\/tr>\n<tr style=\"height: 20px;\" bgcolor=\"#E1E9F1\">\n<td class=\"tx\" style=\"height: 20px;\" align=\"right\" valign=\"bottom\" bgcolor=\"#E1E9F1\" width=\"232\">\u00a0<\/td>\n<td class=\"tx_it\" style=\"height: 20px;\" valign=\"top\" nowrap=\"nowrap\" width=\"311\">\u00a0<\/td>\n<\/tr>\n<tr style=\"height: 27px;\" bgcolor=\"#F1F5F9\">\n<td class=\"tx\" style=\"height: 27px;\" align=\"right\" valign=\"bottom\" width=\"232\">\u00a0<\/td>\n<td class=\"tx_it\" style=\"height: 27px;\" valign=\"top\" nowrap=\"nowrap\" width=\"311\">\u00a0<\/td>\n<\/tr>\n<tr style=\"height: 280.313px;\" bgcolor=\"#F1F5F9\">\n<td class=\"tx\" style=\"height: 280.313px; width: 232px; vertical-align: top;\" align=\"right\" valign=\"bottom\" width=\"232\">\n<p style=\"text-align: left;\">ORNITHISCHIA (os com focinho em forma de bico)<\/p>\n<p><span style=\"text-align: start;\">\u00a0<\/span><img decoding=\"async\" data-src=\"http:\/\/www.museulourinha.org\/images\/ornithischia.gif\" width=\"240\" height=\"112\" src=\"data:image\/svg+xml;base64,PHN2ZyB3aWR0aD0iMSIgaGVpZ2h0PSIxIiB4bWxucz0iaHR0cDovL3d3dy53My5vcmcvMjAwMC9zdmciPjwvc3ZnPg==\" class=\"lazyload\" style=\"--smush-placeholder-width: 240px; --smush-placeholder-aspect-ratio: 240\/112;\" \/><\/p>\n<\/td>\n<td class=\"tx_it\" style=\"height: 280.313px;\" valign=\"top\" nowrap=\"nowrap\" width=\"311\">&#8211;\u00a0<em><a class=\"txlinks_int\" href=\"https:\/\/museulourinha.org\/en\/pt\/paleon_dino_o1.htm\/\">Taveirosaurus costai<\/a><\/em><br \/>\n &#8211;\u00a0<a class=\"txlinks_int\" href=\"https:\/\/museulourinha.org\/en\/pt\/paleon_dino_o2.htm\/\"><em>Lusitanosaurus liasicus<\/em><\/a><br \/>\n &#8211;\u00a0<em><a class=\"txlinks_int\" href=\"https:\/\/museulourinha.org\/en\/pt\/paleon_dino_o3.htm\/\">Miragaia longicollum<\/a><\/em><br \/>\n &#8211;\u00a0<em><a class=\"txlinks_int\" href=\"https:\/\/museulourinha.org\/en\/pt\/paleon_dino_o4.htm\/\">Dracopelta zbyszewskii<\/a><\/em><br \/>\n &#8211;\u00a0<a class=\"txlinks_int\" href=\"https:\/\/museulourinha.org\/en\/pt\/paleon_dino_o5.htm\/\"><em>Hypsilophodon<\/em> sp.<\/a><br \/>\n &#8211;\u00a0<em><a class=\"txlinks_int\" href=\"https:\/\/museulourinha.org\/en\/pt\/paleon_dino_o6.htm\/\">Phyllodon henkeli<\/a><\/em><br \/>\n &#8211;\u00a0<em><a class=\"txlinks_int\" href=\"https:\/\/museulourinha.org\/en\/pt\/paleon_dino_o7.htm\/\">Draconyx loureiroi<\/a><\/em><br \/>\n &#8211;\u00a0<a class=\"txlinks_int\" href=\"https:\/\/museulourinha.org\/en\/pt\/paleon_dino_o8.htm\/\"><em>Iguanodon<\/em> sp.<\/a><br \/>\n &#8211;\u00a0<em><a class=\"txlinks_int\" href=\"https:\/\/museulourinha.org\/en\/pt\/paleon_dino_o9.htm\/\">Alocodon kuehnei<\/a><\/em><br \/>\n &#8211;\u00a0<em><a class=\"txlinks_int\" href=\"https:\/\/museulourinha.org\/en\/pt\/paleon_dino_o10.htm\/\">Trimucrodon cuneatus<\/a>\u00a0<\/em><br \/>\n &#8211; Cf. <em>Craterosaurus<br \/>\n<\/em><\/td>\n<\/tr>\n<tr style=\"height: 27px;\" bgcolor=\"#F1F5F9\">\n<td class=\"tx\" style=\"height: 27px;\" align=\"right\" valign=\"bottom\" width=\"232\">\u00a0<\/td>\n<td class=\"tx_it\" style=\"height: 27px;\" valign=\"top\" nowrap=\"nowrap\" width=\"311\">\u00a0<\/td>\n<\/tr>\n<\/tbody>\n<\/table>\n<p align=\"justify\">Informa\u00e7\u00e3o por cortesia do Doutor Oct\u00e1vio Mateus.<\/p>\n<p>Para quaisquer quest\u00f5es sobre dinossauros de Portugal contacte-nos por telefone ou envie-nos um e-mail para\u00a0<a class=\"txlinks_int\" href=\"mailto:geral@museulourinha.org\">geral @ museulourinha.org<\/a>.<\/p>","protected":false},"excerpt":{"rendered":"<p>\u00a0 Lista dos dinossauros de Portugal \u00a0 \u00a0 \u00a0 THEROPODA (os carn\u00edvoros b\u00edpedes) \u00a0\u00a0 &#8211;\u00a0Ceratosaurus sp.\u00a0 &#8211;\u00a0Torvosaurus gurneyi &#8211;\u00a0Lourinhanosaurus antunesi[Ler Mais &#8230;]<\/p>","protected":false},"author":8,"featured_media":0,"parent":573,"menu_order":1,"comment_status":"closed","ping_status":"closed","template":"","meta":{"footnotes":"","_links_to":"","_links_to_target":""},"class_list":["post-581","page","type-page","status-publish","hentry"],"_links":{"self":[{"href":"https:\/\/museulourinha.org\/en\/wp-json\/wp\/v2\/pages\/581","targetHints":{"allow":["GET"]}}],"collection":[{"href":"https:\/\/museulourinha.org\/en\/wp-json\/wp\/v2\/pages"}],"about":[{"href":"https:\/\/museulourinha.org\/en\/wp-json\/wp\/v2\/types\/page"}],"author":[{"embeddable":true,"href":"https:\/\/museulourinha.org\/en\/wp-json\/wp\/v2\/users\/8"}],"replies":[{"embeddable":true,"href":"https:\/\/museulourinha.org\/en\/wp-json\/wp\/v2\/comments?post=581"}],"version-history":[{"count":0,"href":"https:\/\/museulourinha.org\/en\/wp-json\/wp\/v2\/pages\/581\/revisions"}],"up":[{"embeddable":true,"href":"https:\/\/museulourinha.org\/en\/wp-json\/wp\/v2\/pages\/573"}],"wp:attachment":[{"href":"https:\/\/museulourinha.org\/en\/wp-json\/wp\/v2\/media?parent=581"}],"curies":[{"name":"wp","href":"https:\/\/api.w.org\/{rel}","templated":true}]}}