{"id":577,"date":"2017-03-21T15:08:44","date_gmt":"2017-03-21T15:08:44","guid":{"rendered":"http:\/\/museulourinha.org\/wordpress\/?page_id=577"},"modified":"2022-02-18T00:22:57","modified_gmt":"2022-02-18T00:22:57","slug":"ciid-concurso-de-ilustracao","status":"publish","type":"page","link":"https:\/\/museulourinha.org\/en\/ciid-concurso-de-ilustracao\/","title":{"rendered":"CIID &#8211; Concurso de Ilustra\u00e7\u00e3o"},"content":{"rendered":"<div data-elementor-type=\"wp-post\" data-elementor-id=\"577\" class=\"elementor elementor-577\">\n\t\t\t\t\t\t<section class=\"elementor-section elementor-top-section elementor-element elementor-element-4d2b0a64 elementor-section-boxed elementor-section-height-default elementor-section-height-default wpr-particle-no wpr-jarallax-no wpr-parallax-no wpr-sticky-section-no\" data-id=\"4d2b0a64\" data-element_type=\"section\">\n\t\t\t\t\t\t<div class=\"elementor-container elementor-column-gap-default\">\n\t\t\t\t\t<div class=\"elementor-column elementor-col-100 elementor-top-column elementor-element elementor-element-62c72421\" data-id=\"62c72421\" data-element_type=\"column\">\n\t\t\t<div class=\"elementor-widget-wrap elementor-element-populated\">\n\t\t\t\t\t\t<div class=\"elementor-element elementor-element-2d153956 elementor-widget elementor-widget-text-editor\" data-id=\"2d153956\" data-element_type=\"widget\" data-widget_type=\"text-editor.default\">\n\t\t\t\t<div class=\"elementor-widget-container\">\n\t\t\t\t\t\t\t\t\t<h2 style=\"text-align: center;\"><a href=\"http:\/\/museulourinha.org\/wp-content\/uploads\/2019\/01\/CIID-logo-cast.tif\"><img decoding=\"async\" class=\"alignnone size-full wp-image-4608\" src=\"http:\/\/museulourinha.org\/wp-content\/uploads\/2019\/01\/CIID-logo-cast.tif\" alt=\"\"><\/a><img decoding=\"async\" class=\"alignnone size-full wp-image-4608\" src=\"http:\/\/museulourinha.org\/wp-content\/uploads\/2019\/01\/CIID-logo-cast.tif\" alt=\"\">International Dinosaur Illustration Competition<\/h2>\n<p style=\"text-align: justify;\"><img decoding=\"async\" class=\"alignnone size-full wp-image-4608\" src=\"http:\/\/museulourinha.org\/wp-content\/uploads\/2019\/01\/CIID-logo-cast.tif\" alt=\"\"><img fetchpriority=\"high\" decoding=\"async\" class=\"wp-image-4609 alignleft\" src=\"http:\/\/museulourinha.org\/wp-content\/uploads\/2019\/01\/CIID-logo.jpeg\" alt=\"\" width=\"184\" height=\"315\">The International Dinosaur Illustration Competition (CIID) aims to encourage the creation of illustrations of high scientific and artistic value, in the field of paleontology.<\/p>\n<p style=\"text-align: justify;\">Scientific rigor and quality of technique are the main selection criteria for works, with preference also being given to Portuguese species. Although the name of the competition contains the word dinosaurs, the regulations allow the illustrations to be about any extinct animal.<\/p>\n<p style=\"text-align: justify;\">Held for the first time in 2000\/2001, it has been expanding. In all 8 editions, 503 works were submitted to the competition, created by 201 artists from 36 countries, from all continents. Of these, 66 were awarded, from 40 artists from 17 countries.<\/p>\n<p><\/p>\n<p><strong>The period for receiving works for the <a href=\"https:\/\/museulourinha.org\/en\/2022\/02\/18\/x-ciid-2022\/\" target=\"_blank\">10th Edition of the CIID<\/a>!<\/strong><\/p>\n<p><\/p>\n<p><b>Editions:<\/b><\/p>\t\t\t\t\t\t\t\t<\/div>\n\t\t\t\t<\/div>\n\t\t\t\t\t<\/div>\n\t\t<\/div>\n\t\t\t\t\t<\/div>\n\t\t<\/section>\n\t\t\t\t<section class=\"elementor-section elementor-top-section elementor-element elementor-element-64ad453 elementor-section-boxed elementor-section-height-default elementor-section-height-default wpr-particle-no wpr-jarallax-no wpr-parallax-no wpr-sticky-section-no\" data-id=\"64ad453\" data-element_type=\"section\">\n\t\t\t\t\t\t<div class=\"elementor-container elementor-column-gap-default\">\n\t\t\t\t\t<div class=\"elementor-column elementor-col-100 elementor-top-column elementor-element elementor-element-2e2378b\" data-id=\"2e2378b\" data-element_type=\"column\">\n\t\t\t<div class=\"elementor-widget-wrap\">\n\t\t\t\t\t\t\t<\/div>\n\t\t<\/div>\n\t\t\t\t\t<\/div>\n\t\t<\/section>\n\t\t\t\t<\/div>","protected":false},"excerpt":{"rendered":"<p>Concurso Internacional de Ilustra\u00e7\u00e3o de Dinossauros O Concurso Internacional de Ilustra\u00e7\u00e3o de Dinossauros (CIID) pretende estimular a cria\u00e7\u00e3o de ilustra\u00e7\u00f5es[Ler Mais &#8230;]<\/p>","protected":false},"author":8,"featured_media":0,"parent":0,"menu_order":3,"comment_status":"closed","ping_status":"closed","template":"","meta":{"footnotes":"","_links_to":"","_links_to_target":""},"class_list":["post-577","page","type-page","status-publish","hentry"],"_links":{"self":[{"href":"https:\/\/museulourinha.org\/en\/wp-json\/wp\/v2\/pages\/577","targetHints":{"allow":["GET"]}}],"collection":[{"href":"https:\/\/museulourinha.org\/en\/wp-json\/wp\/v2\/pages"}],"about":[{"href":"https:\/\/museulourinha.org\/en\/wp-json\/wp\/v2\/types\/page"}],"author":[{"embeddable":true,"href":"https:\/\/museulourinha.org\/en\/wp-json\/wp\/v2\/users\/8"}],"replies":[{"embeddable":true,"href":"https:\/\/museulourinha.org\/en\/wp-json\/wp\/v2\/comments?post=577"}],"version-history":[{"count":0,"href":"https:\/\/museulourinha.org\/en\/wp-json\/wp\/v2\/pages\/577\/revisions"}],"wp:attachment":[{"href":"https:\/\/museulourinha.org\/en\/wp-json\/wp\/v2\/media?parent=577"}],"curies":[{"name":"wp","href":"https:\/\/api.w.org\/{rel}","templated":true}]}}