{"id":575,"date":"2017-03-21T15:08:08","date_gmt":"2017-03-21T15:08:08","guid":{"rendered":"http:\/\/museulourinha.org\/wordpress\/?page_id=575"},"modified":"2019-03-08T15:57:27","modified_gmt":"2019-03-08T15:57:27","slug":"investigacao_em_paleontologia","status":"publish","type":"page","link":"https:\/\/museulourinha.org\/en\/museu\/investigacao\/investigacao_em_paleontologia\/","title":{"rendered":"Research in Paleontology"},"content":{"rendered":"<h2 style=\"text-align: center;\">A investiga\u00e7\u00e3o em Paleontologia no Museu da Lourinh\u00e3<\/h2>\n<p style=\"text-align: justify;\">O Museu da Lourinh\u00e3 conta com uma j\u00e1 longa tradi\u00e7\u00e3o na investiga\u00e7\u00e3o no dom\u00ednio da Paleontologia. Tendo iniciado de uma maneira mais ou menos amadora, esta \u00e1rea tem vindo a desenvolver-se, profissionalizar-se e a especializar-se cada vez mais. Com um corpo crescente de <a href=\"http:\/\/museulourinha.org\/en\/museu\/investigacao\/investigacao_em_paleontologia\/colaboradores_em_paleontologia\/\">investigadores\/colaboradores<\/a>, o museu incentiva e desenvolve trabalhos de prospec\u00e7\u00e3o, escava\u00e7\u00e3o, prepara\u00e7\u00e3o laboratorial e estudo\/descri\u00e7\u00e3o\/publica\u00e7\u00e3o de muitos materiais f\u00f3sseis, quer encontrados na regi\u00e3o da Lourinh\u00e3, quer noutras partes do pa\u00eds e do mundo.<\/p>\n<p>O trabalho de investiga\u00e7\u00e3o em Paleontologia conta com o apoio financeiro do <a href=\"https:\/\/www.dinoparque.pt\/pt\/\">Dino Parque<\/a>.<\/p>\n<p style=\"text-align: justify;\">Este trabalho tem cruzado fronteiras, n\u00e3o s\u00f3 com a partilha de <a href=\"http:\/\/museulourinha.org\/en\/2017\/04\/05\/artigos-cientificos\/\">conhecimento com a restante comunidade cient\u00edfica<\/a>, mas tamb\u00e9m com o p\u00fablico al\u00e9m fronteiras que visita o Museu da Lourinh\u00e3 para conhecer as descobertas.<\/p>\n<p>Se tem algum f\u00f3ssil e queira saber mais sobre o mesmo, <a href=\"http:\/\/museulourinha.org\/en\/museu\/investigacao\/investigacao_em_paleontologia\/gostaria-de-identificar-um-fossil\/\">pergunte-nos<\/a>.<\/p>","protected":false},"excerpt":{"rendered":"<p>A investiga\u00e7\u00e3o em Paleontologia no Museu da Lourinh\u00e3 O Museu da Lourinh\u00e3 conta com uma j\u00e1 longa tradi\u00e7\u00e3o na investiga\u00e7\u00e3o[Ler Mais &#8230;]<\/p>","protected":false},"author":8,"featured_media":0,"parent":21,"menu_order":1,"comment_status":"closed","ping_status":"closed","template":"","meta":{"footnotes":"","_links_to":"","_links_to_target":""},"class_list":["post-575","page","type-page","status-publish","hentry"],"_links":{"self":[{"href":"https:\/\/museulourinha.org\/en\/wp-json\/wp\/v2\/pages\/575","targetHints":{"allow":["GET"]}}],"collection":[{"href":"https:\/\/museulourinha.org\/en\/wp-json\/wp\/v2\/pages"}],"about":[{"href":"https:\/\/museulourinha.org\/en\/wp-json\/wp\/v2\/types\/page"}],"author":[{"embeddable":true,"href":"https:\/\/museulourinha.org\/en\/wp-json\/wp\/v2\/users\/8"}],"replies":[{"embeddable":true,"href":"https:\/\/museulourinha.org\/en\/wp-json\/wp\/v2\/comments?post=575"}],"version-history":[{"count":0,"href":"https:\/\/museulourinha.org\/en\/wp-json\/wp\/v2\/pages\/575\/revisions"}],"up":[{"embeddable":true,"href":"https:\/\/museulourinha.org\/en\/wp-json\/wp\/v2\/pages\/21"}],"wp:attachment":[{"href":"https:\/\/museulourinha.org\/en\/wp-json\/wp\/v2\/media?parent=575"}],"curies":[{"name":"wp","href":"https:\/\/api.w.org\/{rel}","templated":true}]}}