{"id":522,"date":"2017-03-21T12:43:58","date_gmt":"2017-03-21T12:43:58","guid":{"rendered":"http:\/\/museulourinha.org\/wordpress\/?page_id=522"},"modified":"2017-03-27T10:06:23","modified_gmt":"2017-03-27T10:06:23","slug":"cafe-nicola","status":"publish","type":"page","link":"https:\/\/museulourinha.org\/en\/exposicoes\/etnografia\/coletividades\/cafe-nicola\/","title":{"rendered":"Caf\u00e9 Nicola"},"content":{"rendered":"<p align=\"justify\">O Caf\u00e9 Nicola surgiu logo depois do caf\u00e9 Arc\u00e1dia, em 19??. Este caf\u00e9, de Francisco Alves (ver em &#8220;correeiro&#8221;), foi durante muitos anos o centro de conv\u00edvio dos Lourinhanenses. Dada a exiguidade de r\u00e1dios existentes na vila, o Caf\u00e9 Nicola era o local onde os habitantes ouviam as not\u00edcias e, atrav\u00e9s da BBC, a evolu\u00e7\u00e3o Segunda Guerra Mundial, 1939-1945, sendo tamb\u00e9m o centro de discuss\u00e3o sobre a guerra.<\/p>\n<p align=\"justify\">De origem existe o r\u00e1dio, a m\u00e1quina de cortar paio e chouri\u00e7os, a batedeira, as ch\u00e1venas e a\u00e7ucareiro, o rel\u00f3gio de parede e a fotografia do propriet\u00e1rio, o Sr. Francisco Alves.<\/p>\n<p align=\"justify\">Como todo o mobili\u00e1rio se perdeu, as duas cadeiras existentes s\u00e3o provenientes do antigo &#8220;Clube 14 de Julho&#8221;, da Lourinh\u00e3, e a mesa do Caf\u00e9 Central na rua 1\u00ba de Dezembro em Lisboa.<\/p>\n<p align=\"justify\"><img fetchpriority=\"high\" decoding=\"async\" class=\"size-medium wp-image-936 aligncenter\" src=\"http:\/\/museulourinha.org\/wordpress\/wp-content\/uploads\/2017\/03\/etno_col_nico.-219x300.jpeg\" alt=\"\" width=\"219\" height=\"300\" srcset=\"https:\/\/museulourinha.org\/wp-content\/uploads\/2017\/03\/etno_col_nico.-219x300.jpeg 219w, https:\/\/museulourinha.org\/wp-content\/uploads\/2017\/03\/etno_col_nico..jpeg 364w\" sizes=\"(max-width: 219px) 100vw, 219px\" \/><\/p>","protected":false},"excerpt":{"rendered":"<p>O Caf\u00e9 Nicola surgiu logo depois do caf\u00e9 Arc\u00e1dia, em 19??. Este caf\u00e9, de Francisco Alves (ver em &#8220;correeiro&#8221;), foi[Ler Mais &#8230;]<\/p>","protected":false},"author":8,"featured_media":0,"parent":461,"menu_order":1,"comment_status":"closed","ping_status":"closed","template":"","meta":{"footnotes":"","_links_to":"","_links_to_target":""},"class_list":["post-522","page","type-page","status-publish","hentry"],"_links":{"self":[{"href":"https:\/\/museulourinha.org\/en\/wp-json\/wp\/v2\/pages\/522","targetHints":{"allow":["GET"]}}],"collection":[{"href":"https:\/\/museulourinha.org\/en\/wp-json\/wp\/v2\/pages"}],"about":[{"href":"https:\/\/museulourinha.org\/en\/wp-json\/wp\/v2\/types\/page"}],"author":[{"embeddable":true,"href":"https:\/\/museulourinha.org\/en\/wp-json\/wp\/v2\/users\/8"}],"replies":[{"embeddable":true,"href":"https:\/\/museulourinha.org\/en\/wp-json\/wp\/v2\/comments?post=522"}],"version-history":[{"count":0,"href":"https:\/\/museulourinha.org\/en\/wp-json\/wp\/v2\/pages\/522\/revisions"}],"up":[{"embeddable":true,"href":"https:\/\/museulourinha.org\/en\/wp-json\/wp\/v2\/pages\/461"}],"wp:attachment":[{"href":"https:\/\/museulourinha.org\/en\/wp-json\/wp\/v2\/media?parent=522"}],"curies":[{"name":"wp","href":"https:\/\/api.w.org\/{rel}","templated":true}]}}