{"id":506,"date":"2017-03-21T12:40:22","date_gmt":"2017-03-21T12:40:22","guid":{"rendered":"http:\/\/museulourinha.org\/wordpress\/?page_id=506"},"modified":"2017-03-23T17:53:24","modified_gmt":"2017-03-23T17:53:24","slug":"canteiro","status":"publish","type":"page","link":"https:\/\/museulourinha.org\/en\/exposicoes\/etnografia\/profissoes\/canteiro\/","title":{"rendered":"Contruction site"},"content":{"rendered":"<p align=\"justify\">O planalto das Cezaredas, estrutura geol\u00f3gica calc\u00e1ria de toda a zona Norte da Lourinh\u00e3, fornecia a mat\u00e9ria prima, a pedra, ao of\u00edcio do canteiro. As casas t\u00edpicas da maioria da regi\u00e3o Oeste, com as suas cantarias e soleiras em calc\u00e1rio abujardo, mantinham v\u00e1rios canteiros em actividade, sobretudo na aldeia de S. Bartolomeu, a prepararem n\u00e3o s\u00f3 estas pedras como tamb\u00e9m pias para animais, bicas, pias e pedras de lagar, etc. A pr\u00f3pria igreja g\u00f3tica de St\u00aa Maria do Castelo \u00e9 um exemplo consumado do trabalho destes art\u00edfices.<\/p>\n<p align=\"justify\">Foi a mecaniza\u00e7\u00e3o das ferramentas, com a evolu\u00e7\u00e3o da ind\u00fastria da pedra, que veio alterar o trabalho do canteiro substituindo praticamente todo o trabalho que ele fazia \u00e0 m\u00e3o por m\u00e1quinas el\u00e9ctricas de elevada efici\u00eancia e menor esfor\u00e7o f\u00edsico.<\/p>\n<p align=\"justify\"><img fetchpriority=\"high\" decoding=\"async\" class=\"size-medium wp-image-873 aligncenter\" src=\"http:\/\/museulourinha.org\/wordpress\/wp-content\/uploads\/2017\/03\/etno_prof_cant.-224x300.jpeg\" alt=\"\" width=\"224\" height=\"300\" srcset=\"https:\/\/museulourinha.org\/wp-content\/uploads\/2017\/03\/etno_prof_cant.-224x300.jpeg 224w, https:\/\/museulourinha.org\/wp-content\/uploads\/2017\/03\/etno_prof_cant..jpeg 294w\" sizes=\"(max-width: 224px) 100vw, 224px\" \/><\/p>","protected":false},"excerpt":{"rendered":"<p>O planalto das Cezaredas, estrutura geol\u00f3gica calc\u00e1ria de toda a zona Norte da Lourinh\u00e3, fornecia a mat\u00e9ria prima, a pedra,[Ler Mais &#8230;]<\/p>","protected":false},"author":8,"featured_media":0,"parent":459,"menu_order":10,"comment_status":"closed","ping_status":"closed","template":"","meta":{"footnotes":"","_links_to":"","_links_to_target":""},"class_list":["post-506","page","type-page","status-publish","hentry"],"_links":{"self":[{"href":"https:\/\/museulourinha.org\/en\/wp-json\/wp\/v2\/pages\/506","targetHints":{"allow":["GET"]}}],"collection":[{"href":"https:\/\/museulourinha.org\/en\/wp-json\/wp\/v2\/pages"}],"about":[{"href":"https:\/\/museulourinha.org\/en\/wp-json\/wp\/v2\/types\/page"}],"author":[{"embeddable":true,"href":"https:\/\/museulourinha.org\/en\/wp-json\/wp\/v2\/users\/8"}],"replies":[{"embeddable":true,"href":"https:\/\/museulourinha.org\/en\/wp-json\/wp\/v2\/comments?post=506"}],"version-history":[{"count":0,"href":"https:\/\/museulourinha.org\/en\/wp-json\/wp\/v2\/pages\/506\/revisions"}],"up":[{"embeddable":true,"href":"https:\/\/museulourinha.org\/en\/wp-json\/wp\/v2\/pages\/459"}],"wp:attachment":[{"href":"https:\/\/museulourinha.org\/en\/wp-json\/wp\/v2\/media?parent=506"}],"curies":[{"name":"wp","href":"https:\/\/api.w.org\/{rel}","templated":true}]}}