{"id":504,"date":"2017-03-21T12:40:01","date_gmt":"2017-03-21T12:40:01","guid":{"rendered":"http:\/\/museulourinha.org\/wordpress\/?page_id=504"},"modified":"2017-03-23T17:51:11","modified_gmt":"2017-03-23T17:51:11","slug":"botica","status":"publish","type":"page","link":"https:\/\/museulourinha.org\/en\/exposicoes\/etnografia\/profissoes\/botica\/","title":{"rendered":"apothecary"},"content":{"rendered":"<p align=\"justify\">A botica era a antiga farm\u00e1cia. Nesta exposi\u00e7\u00e3o inclui-se um arm\u00e1rio original da antiga botica onde se guardavam as diversas drogas e medicamentos e uma mesa com alguns dos antigos instrumentos de produ\u00e7\u00e3o de pomadas, h\u00f3stias (percursores dos comprimidos), suposit\u00f3rios, etc.<\/p>\n<p align=\"justify\">Contamos ainda com algumas curiosas pe\u00e7as para a pesagem do vinho, a fim de se saber a sua gradua\u00e7\u00e3o, trabalho da compet\u00eancia do botic\u00e1rio a que os agricultores da regi\u00e3o recorriam regularmente.<\/p>\n<p align=\"justify\"><img fetchpriority=\"high\" decoding=\"async\" class=\"size-medium wp-image-870 aligncenter\" src=\"http:\/\/museulourinha.org\/wordpress\/wp-content\/uploads\/2017\/03\/etno_prof_bot.-300x192.jpeg\" alt=\"\" width=\"300\" height=\"192\" srcset=\"https:\/\/museulourinha.org\/wp-content\/uploads\/2017\/03\/etno_prof_bot.-300x192.jpeg 300w, https:\/\/museulourinha.org\/wp-content\/uploads\/2017\/03\/etno_prof_bot..jpeg 364w\" sizes=\"(max-width: 300px) 100vw, 300px\" \/><\/p>","protected":false},"excerpt":{"rendered":"<p>A botica era a antiga farm\u00e1cia. Nesta exposi\u00e7\u00e3o inclui-se um arm\u00e1rio original da antiga botica onde se guardavam as diversas[Ler Mais &#8230;]<\/p>","protected":false},"author":8,"featured_media":0,"parent":459,"menu_order":9,"comment_status":"closed","ping_status":"closed","template":"","meta":{"footnotes":"","_links_to":"","_links_to_target":""},"class_list":["post-504","page","type-page","status-publish","hentry"],"_links":{"self":[{"href":"https:\/\/museulourinha.org\/en\/wp-json\/wp\/v2\/pages\/504","targetHints":{"allow":["GET"]}}],"collection":[{"href":"https:\/\/museulourinha.org\/en\/wp-json\/wp\/v2\/pages"}],"about":[{"href":"https:\/\/museulourinha.org\/en\/wp-json\/wp\/v2\/types\/page"}],"author":[{"embeddable":true,"href":"https:\/\/museulourinha.org\/en\/wp-json\/wp\/v2\/users\/8"}],"replies":[{"embeddable":true,"href":"https:\/\/museulourinha.org\/en\/wp-json\/wp\/v2\/comments?post=504"}],"version-history":[{"count":0,"href":"https:\/\/museulourinha.org\/en\/wp-json\/wp\/v2\/pages\/504\/revisions"}],"up":[{"embeddable":true,"href":"https:\/\/museulourinha.org\/en\/wp-json\/wp\/v2\/pages\/459"}],"wp:attachment":[{"href":"https:\/\/museulourinha.org\/en\/wp-json\/wp\/v2\/media?parent=504"}],"curies":[{"name":"wp","href":"https:\/\/api.w.org\/{rel}","templated":true}]}}