{"id":500,"date":"2017-03-21T12:39:22","date_gmt":"2017-03-21T12:39:22","guid":{"rendered":"http:\/\/museulourinha.org\/wordpress\/?page_id=500"},"modified":"2017-03-23T17:46:32","modified_gmt":"2017-03-23T17:46:32","slug":"segeiro","status":"publish","type":"page","link":"https:\/\/museulourinha.org\/en\/exposicoes\/etnografia\/profissoes\/segeiro\/","title":{"rendered":"Segeiro"},"content":{"rendered":"<p align=\"justify\">O Segeiro era o art\u00edfice ligado essencialmente \u00e0 constru\u00e7\u00e3o e repara\u00e7\u00e3o de carro\u00e7as, n\u00e3o deixando, no entanto, de fazer e reparar alguns objectos agr\u00edcolas. Curiosamente o termo de Segeiro era pouco conhecido na Lourinh\u00e3, sendo substitu\u00eddo pelo Ferreiro.<\/p>\n<p align=\"justify\">O acervo do segeiro foi-nos doado pelos herdeiros quando da morte do \u201cTi Remexido\u201d. As pe\u00e7as recuperadas encontravam-se debaixo de p\u00f3 e lixo que as cobriam por completo. Por curiosidade expomos os seu \u00f3culos e livro de assentos, o qual, por si s\u00f3, contribui para um melhor conhecimento da \u00e9poca. Gra\u00e7as a esta generosa oferta a exposi\u00e7\u00e3o do segeiro encontra-se relativamente completa. Neste momento \u00e9 imposs\u00edvel a reconstitui\u00e7\u00e3o da forja ou do grande cilindro de pedra (pesando v\u00e1rias toneladas) e destinado \u00e0 constru\u00e7\u00e3o da roda e implanta\u00e7\u00e3o do seu aro. Desta exposi\u00e7\u00e3o salienta-se o grande fole para alimentar a forja.<\/p>\n<p align=\"justify\">O desaparecimento do gado como animal de trac\u00e7\u00e3o e a procura de maquinaria agr\u00edcola motorizada levou \u00e0 extin\u00e7\u00e3o do segeiro.<\/p>\n<p align=\"justify\"><img fetchpriority=\"high\" decoding=\"async\" class=\"size-medium wp-image-865 aligncenter\" src=\"http:\/\/museulourinha.org\/wordpress\/wp-content\/uploads\/2017\/03\/etno_prof_segeiro.-296x300.jpeg\" alt=\"\" width=\"296\" height=\"300\" srcset=\"https:\/\/museulourinha.org\/wp-content\/uploads\/2017\/03\/etno_prof_segeiro.-296x300.jpeg 296w, https:\/\/museulourinha.org\/wp-content\/uploads\/2017\/03\/etno_prof_segeiro..jpeg 364w\" sizes=\"(max-width: 296px) 100vw, 296px\" \/><\/p>","protected":false},"excerpt":{"rendered":"<p>O Segeiro era o art\u00edfice ligado essencialmente \u00e0 constru\u00e7\u00e3o e repara\u00e7\u00e3o de carro\u00e7as, n\u00e3o deixando, no entanto, de fazer e[Ler Mais &#8230;]<\/p>","protected":false},"author":8,"featured_media":0,"parent":459,"menu_order":7,"comment_status":"closed","ping_status":"closed","template":"","meta":{"footnotes":"","_links_to":"","_links_to_target":""},"class_list":["post-500","page","type-page","status-publish","hentry"],"_links":{"self":[{"href":"https:\/\/museulourinha.org\/en\/wp-json\/wp\/v2\/pages\/500","targetHints":{"allow":["GET"]}}],"collection":[{"href":"https:\/\/museulourinha.org\/en\/wp-json\/wp\/v2\/pages"}],"about":[{"href":"https:\/\/museulourinha.org\/en\/wp-json\/wp\/v2\/types\/page"}],"author":[{"embeddable":true,"href":"https:\/\/museulourinha.org\/en\/wp-json\/wp\/v2\/users\/8"}],"replies":[{"embeddable":true,"href":"https:\/\/museulourinha.org\/en\/wp-json\/wp\/v2\/comments?post=500"}],"version-history":[{"count":0,"href":"https:\/\/museulourinha.org\/en\/wp-json\/wp\/v2\/pages\/500\/revisions"}],"up":[{"embeddable":true,"href":"https:\/\/museulourinha.org\/en\/wp-json\/wp\/v2\/pages\/459"}],"wp:attachment":[{"href":"https:\/\/museulourinha.org\/en\/wp-json\/wp\/v2\/media?parent=500"}],"curies":[{"name":"wp","href":"https:\/\/api.w.org\/{rel}","templated":true}]}}