{"id":4788,"date":"2019-03-27T15:00:50","date_gmt":"2019-03-27T15:00:50","guid":{"rendered":"http:\/\/museulourinha.org\/?page_id=4788"},"modified":"2020-02-25T17:27:37","modified_gmt":"2020-02-25T17:27:37","slug":"programa-de-incentivo-a-investigacao-horacio-mateus","status":"publish","type":"page","link":"https:\/\/museulourinha.org\/en\/museu\/investigacao\/programa-de-incentivo-a-investigacao-horacio-mateus\/","title":{"rendered":"Hor\u00e1cio Mateus Research Incentive Program"},"content":{"rendered":"<div data-elementor-type=\"wp-post\" data-elementor-id=\"4788\" class=\"elementor elementor-4788\">\n\t\t\t\t\t\t<section class=\"elementor-section elementor-top-section elementor-element elementor-element-15d33a67 elementor-section-boxed elementor-section-height-default elementor-section-height-default wpr-particle-no wpr-jarallax-no wpr-parallax-no wpr-sticky-section-no\" data-id=\"15d33a67\" data-element_type=\"section\">\n\t\t\t\t\t\t<div class=\"elementor-container elementor-column-gap-default\">\n\t\t\t\t\t<div class=\"elementor-column elementor-col-100 elementor-top-column elementor-element elementor-element-6a41730d\" data-id=\"6a41730d\" data-element_type=\"column\">\n\t\t\t<div class=\"elementor-widget-wrap elementor-element-populated\">\n\t\t\t\t\t\t<div class=\"elementor-element elementor-element-79791e9 elementor-widget elementor-widget-text-editor\" data-id=\"79791e9\" data-element_type=\"widget\" data-widget_type=\"text-editor.default\">\n\t\t\t\t<div class=\"elementor-widget-container\">\n\t\t\t\t\t\t\t\t\t<p style=\"text-align: justify;\">O Grupo de Etnologia e Arqueologia da Lourinh\u00e3 (GEAL) disponibiliza o Programa de Incentivo \u00e0 Investiga\u00e7\u00e3o Hor\u00e1cio Mateus (PIIHM). Este programa pretende apoiar projetos de investiga\u00e7\u00e3o e estudos avan\u00e7ados nos dom\u00ednios das Ci\u00eancias Naturais e Sociais, nomeadamente da Antropologia, Arqueologia, Geologia e\/ou Paleontologia e Hist\u00f3ria Local, com incid\u00eancia no Concelho da Lourinh\u00e3.<\/p>\n<p style=\"text-align: justify;\">O PIIHM pretende incentivar a investiga\u00e7\u00e3o e o conhecimento do patrim\u00f3nio da regi\u00e3o, nas diferentes \u00e1reas de a\u00e7\u00e3o em desenvolve o seu trabalho. Parte financiamento para este programa prov\u00e9m da <a href=\"http:\/\/dinoparque.pt\">PDL-Parque dos Dinossauros da Lourinh\u00e3<\/a>, no \u00e2mbito do protocolo de coopera\u00e7\u00e3o celebrado entre o Munic\u00edpio da Lourinh\u00e3, a PDL e o GEAL, destinado ao desenvolvimento do trabalho cient\u00edfico em geologia e\/ou paleontologia, no concelho da Lourinh\u00e3.<\/p>\n<p style=\"text-align: justify;\">Ser\u00e3o considerados projetos que visem a prepara\u00e7\u00e3o laboratorial de pe\u00e7as e\/ou o estudo de temas, factos, f\u00f3sseis ou outros com origem no territ\u00f3rio do concelho da Lourinh\u00e3, que possam dar contributos para a ci\u00eancia. Cada projeto ter\u00e1 de ser coordenado por um investigador, com o grau de doutoramento. Ser\u00e1 tamb\u00e9m poss\u00edvel a candidatura de projetos liderados por licenciados, mestrandos, mestres ou doutorandos, em parceria com doutores\/orientadores.<\/p>\n<p style=\"text-align: justify;\">Com um or\u00e7amento anual vari\u00e1vel, o PIIHM ir\u00e1 apoiar o desenvolvimento do conhecimento atrav\u00e9s da comparticipa\u00e7\u00e3o nas despesas ou nos encargos dos projetos, n\u00e3o se prevendo o financiamento integral dos projetos.<\/p>\n<p style=\"text-align: justify;\">Este programa de incentivo \u00e0 investiga\u00e7\u00e3o \u00e9 tamb\u00e9m uma homenagem a um dos s\u00f3cios fundadores do GEAL e co-fundador do Museu da Lourinh\u00e3, Hor\u00e1cio Mateus.<\/p>\n<p>Poder\u00e1 consultar o regulamento <a href=\"http:\/\/museulourinha.org\/wp-content\/uploads\/2020\/02\/PIIHM-2020-regulamento-alterado-em-7-2-20.pdf\">here<\/a>.<\/p>\t\t\t\t\t\t\t\t<\/div>\n\t\t\t\t<\/div>\n\t\t\t\t\t<\/div>\n\t\t<\/div>\n\t\t\t\t\t<\/div>\n\t\t<\/section>\n\t\t\t\t<section class=\"elementor-section elementor-top-section elementor-element elementor-element-65e7e53 elementor-section-boxed elementor-section-height-default elementor-section-height-default wpr-particle-no wpr-jarallax-no wpr-parallax-no wpr-sticky-section-no\" data-id=\"65e7e53\" data-element_type=\"section\">\n\t\t\t\t\t\t<div class=\"elementor-container elementor-column-gap-default\">\n\t\t\t\t\t<div class=\"elementor-column elementor-col-100 elementor-top-column elementor-element elementor-element-3d58c14\" data-id=\"3d58c14\" data-element_type=\"column\">\n\t\t\t<div class=\"elementor-widget-wrap\">\n\t\t\t\t\t\t\t<\/div>\n\t\t<\/div>\n\t\t\t\t\t<\/div>\n\t\t<\/section>\n\t\t\t\t<\/div>","protected":false},"excerpt":{"rendered":"<p>O Grupo de Etnologia e Arqueologia da Lourinh\u00e3 (GEAL) disponibiliza o Programa de Incentivo \u00e0 Investiga\u00e7\u00e3o Hor\u00e1cio Mateus (PIIHM). Este[Ler Mais &#8230;]<\/p>","protected":false},"author":8,"featured_media":0,"parent":21,"menu_order":0,"comment_status":"closed","ping_status":"closed","template":"","meta":{"footnotes":"","_links_to":"","_links_to_target":""},"class_list":["post-4788","page","type-page","status-publish","hentry"],"_links":{"self":[{"href":"https:\/\/museulourinha.org\/en\/wp-json\/wp\/v2\/pages\/4788","targetHints":{"allow":["GET"]}}],"collection":[{"href":"https:\/\/museulourinha.org\/en\/wp-json\/wp\/v2\/pages"}],"about":[{"href":"https:\/\/museulourinha.org\/en\/wp-json\/wp\/v2\/types\/page"}],"author":[{"embeddable":true,"href":"https:\/\/museulourinha.org\/en\/wp-json\/wp\/v2\/users\/8"}],"replies":[{"embeddable":true,"href":"https:\/\/museulourinha.org\/en\/wp-json\/wp\/v2\/comments?post=4788"}],"version-history":[{"count":0,"href":"https:\/\/museulourinha.org\/en\/wp-json\/wp\/v2\/pages\/4788\/revisions"}],"up":[{"embeddable":true,"href":"https:\/\/museulourinha.org\/en\/wp-json\/wp\/v2\/pages\/21"}],"wp:attachment":[{"href":"https:\/\/museulourinha.org\/en\/wp-json\/wp\/v2\/media?parent=4788"}],"curies":[{"name":"wp","href":"https:\/\/api.w.org\/{rel}","templated":true}]}}