{"id":4762,"date":"2019-03-09T16:31:36","date_gmt":"2019-03-09T16:31:36","guid":{"rendered":"http:\/\/museulourinha.org\/?page_id=4762"},"modified":"2019-11-24T16:25:24","modified_gmt":"2019-11-24T16:25:24","slug":"laboratorio-de-preparacao-e-conservacao","status":"publish","type":"page","link":"https:\/\/museulourinha.org\/en\/laboratorio-de-preparacao-e-conservacao\/","title":{"rendered":"Isabel Mateus Laboratory"},"content":{"rendered":"<h2 style=\"text-align: center;\">Isabel Mateus Laboratory<\/h2>\n<p style=\"text-align: justify;\"><img decoding=\"async\" class=\"wp-image-4767 alignright lazyload\" data-src=\"http:\/\/museulourinha.org\/wp-content\/uploads\/2019\/03\/DSC_0122-e1552146556774-278x300.jpg\" alt=\"\" width=\"179\" height=\"193\" data-srcset=\"https:\/\/museulourinha.org\/wp-content\/uploads\/2019\/03\/DSC_0122-e1552146556774-278x300.jpg 278w, https:\/\/museulourinha.org\/wp-content\/uploads\/2019\/03\/DSC_0122-e1552146556774-556x600.jpg 556w, https:\/\/museulourinha.org\/wp-content\/uploads\/2019\/03\/DSC_0122-e1552146556774-464x500.jpg 464w\" data-sizes=\"(max-width: 179px) 100vw, 179px\" src=\"data:image\/svg+xml;base64,PHN2ZyB3aWR0aD0iMSIgaGVpZ2h0PSIxIiB4bWxucz0iaHR0cDovL3d3dy53My5vcmcvMjAwMC9zdmciPjwvc3ZnPg==\" style=\"--smush-placeholder-width: 179px; --smush-placeholder-aspect-ratio: 179\/193;\" \/>O laborat\u00f3rio\u00a0 de prepara\u00e7\u00e3o e conserva\u00e7\u00e3o do Museu da Lourinh\u00e3 &#8211; Laborat\u00f3rio Isabel Mateus &#8211; \u00e9 um espa\u00e7o dedicado \u00e0 prepara\u00e7\u00e3o, conserva\u00e7\u00e3o e restauro de pe\u00e7as pertencentes ao acervo do museu. Por este local passam diariamente materiais das diferentes \u00e1reas tem\u00e1ticas das cole\u00e7\u00f5es do museu, como f\u00f3sseis, pe\u00e7as arqueol\u00f3gicos, exemplares osteol\u00f3gicos e materiais etnogr\u00e1ficos. Contudo, \u00e9 um laborat\u00f3rio que se tem especializado na prepara\u00e7\u00e3o de f\u00f3sseis, sendo um dos melhores do pa\u00eds nesta \u00e1rea. Este \u00e9 um espa\u00e7o de acesso condicionado, devido \u00e0 natureza dos trabalhos que a\u00ed s\u00e3o desenvolvidos.<\/p>\n<p style=\"text-align: justify;\">Este laborat\u00f3rio encontra-se possu\u00ed v\u00e1rios equipamentos que permitem o<span style=\"font-size: 1.0625rem;\">\u00a0tratamento das pe\u00e7as, essencialmente\u00a0<\/span><span style=\"font-size: 1.0625rem;\">mec\u00e2nicos. Em alguns casos espec\u00edficos, s\u00e3o tamb\u00e9m utilizados m\u00e9todos\u00a0<\/span><span style=\"font-size: 1.0625rem;\">qu\u00edmicos<\/span><span style=\"font-size: 1.0625rem;\">.<\/span><span style=\"font-size: 1.0625rem;\">\u00a0<\/span><span style=\"font-size: 1.0625rem;\">No caso dos f\u00f3sseis, a prepara\u00e7\u00e3o f\u00edsica envolve a utiliza\u00e7\u00e3o de agulhas, sondas, martelos e escopros, micromartelos pneum\u00e1ticos ou serras rebarbadoras, variando com a pe\u00e7a e t\u00e9cnica utilizada. A par deste processo, aplicam-se adesivos e consolidantes, que tornam poss\u00edvel a extra\u00e7\u00e3o e conserva\u00e7\u00e3o dos f\u00f3sseis.<\/span><\/p>\n<p style=\"text-align: justify;\">Este espa\u00e7o tem-se especializado no trabalho dos f\u00f3sseis do Jur\u00e1ssico superior da regi\u00e3o da Lourinh\u00e3 (~150 milh\u00f5es de anos atr\u00e1s), por\u00e9m s\u00e3o tamb\u00e9m aqui preparados f\u00f3sseis de outras idades e locais, como <span style=\"font-size: 1.0625rem;\">Algarve<\/span><span style=\"font-size: 1.0625rem;\">, Angola,\u00a0<\/span><span style=\"font-size: 1.0625rem;\">Gronel\u00e2ndia<\/span><span style=\"font-size: 1.0625rem;\">,<\/span><span style=\"font-size: 1.0625rem;\">\u00a0<\/span><span style=\"font-size: 1.0625rem;\">Mo\u00e7ambique\u00a0<\/span><span style=\"font-size: 1.0625rem;\">and<\/span><span style=\"font-size: 1.0625rem;\">\u00a0<\/span><span style=\"font-size: 1.0625rem;\">Wyoming (Estados Unidos da Am\u00e9rica). Prepararam-se ainda restos \u00f3sseos recentes de institui\u00e7\u00f5es parceiras como, por exemplo, a Academia das Ci\u00eancias de Lisboa, o Museu Geol\u00f3gico de Lisboa ou o\u00a0<\/span><em style=\"font-size: 1.0625rem;\">American Museum of Natural History<\/em><span style=\"font-size: 1.0625rem;\">.<\/span><\/p>\n<p style=\"text-align: justify;\"><span style=\"font-size: 1.0625rem;\"><img fetchpriority=\"high\" decoding=\"async\" class=\"wp-image-4765 alignleft\" src=\"http:\/\/museulourinha.org\/wp-content\/uploads\/2019\/03\/100_1893-225x300.jpg\" alt=\"\" width=\"214\" height=\"285\" srcset=\"https:\/\/museulourinha.org\/wp-content\/uploads\/2019\/03\/100_1893-225x300.jpg 225w, https:\/\/museulourinha.org\/wp-content\/uploads\/2019\/03\/100_1893-450x600.jpg 450w, https:\/\/museulourinha.org\/wp-content\/uploads\/2019\/03\/100_1893-375x500.jpg 375w\" sizes=\"(max-width: 214px) 100vw, 214px\" \/>Outra atividade desenvolvida \u00e9 a realiza\u00e7\u00e3o de moldes e r\u00e9plicas das pe\u00e7as museol\u00f3gicas. A produ\u00e7\u00e3o de r\u00e9plicas facilita o estudo cient\u00edfico, j\u00e1 que algumas pe\u00e7as s\u00e3o bastante fr\u00e1geis, e podem ser em exposi\u00e7\u00f5es museol\u00f3gicas, em Portugal e no estrangeiro.<\/span><\/p>\n<p style=\"text-align: justify;\">O trabalho desenvolvido no laborat\u00f3rio \u00e9 essencial para a investiga\u00e7\u00e3o cient\u00edfica e conserva\u00e7\u00e3o das pe\u00e7as por muitas, e muitas, gera\u00e7\u00f5es. Este conta com o trabalho de profissionais, que cuidam dos materiais, com a preciosa ajuda de mais de 80 volunt\u00e1rios anuais. S\u00e3o ainda utilizadores ass\u00edduos estudantes de licenciatura, mestrado e doutoramento, nas \u00e1reas da Geologia, Biologia e Paleontologia, que colaboram no trabalho laboratorial e recebem apoio na realiza\u00e7\u00e3o das suas teses.<\/p>","protected":false},"excerpt":{"rendered":"<p>Laborat\u00f3rio Isabel Mateus O laborat\u00f3rio\u00a0 de prepara\u00e7\u00e3o e conserva\u00e7\u00e3o do Museu da Lourinh\u00e3 &#8211; Laborat\u00f3rio Isabel Mateus &#8211; \u00e9 um[Ler Mais &#8230;]<\/p>","protected":false},"author":8,"featured_media":0,"parent":0,"menu_order":0,"comment_status":"closed","ping_status":"closed","template":"","meta":{"footnotes":"","_links_to":"","_links_to_target":""},"class_list":["post-4762","page","type-page","status-publish","hentry"],"_links":{"self":[{"href":"https:\/\/museulourinha.org\/en\/wp-json\/wp\/v2\/pages\/4762","targetHints":{"allow":["GET"]}}],"collection":[{"href":"https:\/\/museulourinha.org\/en\/wp-json\/wp\/v2\/pages"}],"about":[{"href":"https:\/\/museulourinha.org\/en\/wp-json\/wp\/v2\/types\/page"}],"author":[{"embeddable":true,"href":"https:\/\/museulourinha.org\/en\/wp-json\/wp\/v2\/users\/8"}],"replies":[{"embeddable":true,"href":"https:\/\/museulourinha.org\/en\/wp-json\/wp\/v2\/comments?post=4762"}],"version-history":[{"count":0,"href":"https:\/\/museulourinha.org\/en\/wp-json\/wp\/v2\/pages\/4762\/revisions"}],"wp:attachment":[{"href":"https:\/\/museulourinha.org\/en\/wp-json\/wp\/v2\/media?parent=4762"}],"curies":[{"name":"wp","href":"https:\/\/api.w.org\/{rel}","templated":true}]}}