{"id":4716,"date":"2019-03-01T17:04:56","date_gmt":"2019-03-01T17:04:56","guid":{"rendered":"http:\/\/museulourinha.org\/?page_id=4716"},"modified":"2020-04-27T13:12:34","modified_gmt":"2020-04-27T12:12:34","slug":"visitas-com-sabores","status":"publish","type":"page","link":"https:\/\/museulourinha.org\/en\/visitas-com-sabores\/","title":{"rendered":"Visits with Flavors"},"content":{"rendered":"<h2 style=\"text-align: center;\">Visitas com Sabores &#8211; Lourinh\u00e3<\/h2>\n<p style=\"text-align: justify;\"><span style=\"font-size: 12pt;\">O Museu da Lourinh\u00e3 associa-se a dois programas de visitas para grupos seniores, ao Concelho da Lourinh\u00e3.\u00a0<\/span><\/p>\n<p style=\"text-align: justify;\"><span style=\"font-size: 12pt;\">Com 800 anos de hist\u00f3ria, a Vila da Lourinh\u00e3 conta com um vasto e riqu\u00edssimo patrim\u00f3nio cultural, natural e hist\u00f3rico. Atrav\u00e9s dos programas \u201cHist\u00f3ria com Sabores&#8221; e &#8220;Ci\u00eancia com Sabores\u201d, o visitante poder\u00e1\u00a0conhecer a vila da Lourinh\u00e3, suas gentes, tradi\u00e7\u00f5es e costumes. Dependendo do programa escolhido, estas visitas passam por locais como o Museu da Lourinh\u00e3, o Centro de Interpreta\u00e7\u00e3o da Batalha do Vimeiro, a Adega Cooperativa da Lourinh\u00e3 e o <a href=\"http:\/\/www.dinoparque.pt\">Dino Parque da Lourinh\u00e3<\/a>, contando tamb\u00e9m com provas de degusta\u00e7\u00e3o de produtos locais.<\/span><\/p>\n<p style=\"text-align: justify;\"><span style=\"font-size: 12pt;\">A Lourinh\u00e3 desde h\u00e1 muito que det\u00e9m o t\u00edtulo de Capital dos dinossauros. Como tal, o Museu da Lourinh\u00e3 d\u00e1 as boas vindas aos participantes com uma visita guiada ao seu n\u00facleo museol\u00f3gico principal. Neste, \u00e9 realizada uma viagem no tempo com cerca de 250 milh\u00f5es de anos, desde o in\u00edcio da forma\u00e7\u00e3o do Oceano Atl\u00e2ntico at\u00e9 ao nosso passado mais recente, quando o Sr. Amolador ainda gateava a lou\u00e7a partida.<\/span><\/p>\n<p style=\"text-align: justify;\"><span style=\"font-size: 12pt;\">Durante a visita poder\u00e1 tamb\u00e9m provar um dos doces t\u00edpicos da Lourinh\u00e3 as famosas Areias Brancas, fabricados pela <a href=\"https:\/\/pt-pt.facebook.com\/casaareiasbrancas\/\">Casa das Areias Brancas<\/a>. Ficar\u00e1, assim, a conhecer alguns dos segredos da Do\u00e7aria Tradicional da Lourinh\u00e3.<\/span><\/p>\n<p style=\"text-align: justify;\"><span style=\"font-size: 12pt;\">Ap\u00f3s esta vista, j\u00e1 \u00e9 hora de retemperar for\u00e7as e nada melhor do que uma paragem para degustar os pratos mais t\u00edpicos da regi\u00e3o. No acolhedor restaurante da vila, O Castelo, ser\u00e3o servidas as iguarias da Lourinh\u00e3.<\/span><\/p>\n<p style=\"text-align: justify;\"><span style=\"font-size: 12pt;\">J\u00e1 o percurso no per\u00edodo da tarde depender\u00e1 do programa escolhido.<\/span><\/p>\n<p><img fetchpriority=\"high\" decoding=\"async\" class=\"wp-image-4738 alignleft\" src=\"http:\/\/museulourinha.org\/wp-content\/uploads\/2019\/03\/hist\u00f3ria-com-sabores.jpg\" alt=\"\" width=\"347\" height=\"185\" srcset=\"https:\/\/museulourinha.org\/wp-content\/uploads\/2019\/03\/hist\u00f3ria-com-sabores.jpg 750w, https:\/\/museulourinha.org\/wp-content\/uploads\/2019\/03\/hist\u00f3ria-com-sabores-300x160.jpg 300w\" sizes=\"(max-width: 347px) 100vw, 347px\" \/><\/p>\n<p style=\"text-align: justify;\"><span style=\"font-size: 12pt;\">No programa \u201c<a href=\"https:\/\/www.oestetur.com\/optitravel\/www\/layouts\/layout03\/detail_bf_view.php?id=1301874\">Hist\u00f3ria com Sabores<\/a>&#8220;, o percurso ir\u00e1 passar pela\u00a0Adega Cooperativa da Lourinh\u00e3 e termina no\u00a0Centro de Interpreta\u00e7\u00e3o da Batalha do Vimeiro.<\/span><\/p>\n<p style=\"text-align: justify;\"><span style=\"font-size: 12pt;\">A regi\u00e3o da Lourinh\u00e3 \u00e9 uma de tr\u00eas demarcadas para a produ\u00e7\u00e3o de aguardente v\u00ednica do mundo, para al\u00e9m de Cognac e Armagnac. A passagem pela <a href=\"https:\/\/doc-lourinha.pt\/\">Adega Cooperativa da Lourinh\u00e3<\/a> dar\u00e1 a conhecer este produto \u00fanico no nosso pa\u00eds, visitando as caves e dando a provar esta bebida. acompanhada com a degusta\u00e7\u00e3o de past\u00e9is de aguardente (da <a href=\"http:\/\/lourinius.blogspot.com\/\">Pastelaria Lourinius<\/a>) e bombons de aguardente da <a href=\"http:\/\/www.bombons.pt\/\">Doce Lourinh\u00e3<\/a>.<\/span><\/p>\n<p style=\"text-align: justify;\"><span style=\"font-size: 12pt;\">Mais de 200 anos se passaram desde a vit\u00f3ria do ex\u00e9rcito anglo-luso sobre as for\u00e7as de Fran\u00e7a Imperial na Batalha do Vimeiro e que colocou termo \u00e0 Primeira Invas\u00e3o Francesa em Portugal. O <a href=\"https:\/\/pt-pt.facebook.com\/CIBV-Centro-de-Interpreta%C3%A7%C3%A3o-da-Batalha-do-Vimeiro-151004314931746\/\">Centro de Interpreta\u00e7\u00e3o da Batalha do Vimeiro<\/a> localiza-se no campo de batalha e apresenta um esp\u00f3lio composto por armamento, fardamento, documenta\u00e7\u00e3o e pe\u00e7as arqueol\u00f3gicas.<\/span><\/p>\n<p><img decoding=\"async\" class=\"wp-image-5040 alignright lazyload\" data-src=\"http:\/\/museulourinha.org\/wp-content\/uploads\/2019\/07\/visita-com-sabores-2.jpg\" alt=\"\" width=\"365\" height=\"194\" data-srcset=\"https:\/\/museulourinha.org\/wp-content\/uploads\/2019\/07\/visita-com-sabores-2.jpg 750w, https:\/\/museulourinha.org\/wp-content\/uploads\/2019\/07\/visita-com-sabores-2-300x160.jpg 300w\" data-sizes=\"(max-width: 365px) 100vw, 365px\" src=\"data:image\/svg+xml;base64,PHN2ZyB3aWR0aD0iMSIgaGVpZ2h0PSIxIiB4bWxucz0iaHR0cDovL3d3dy53My5vcmcvMjAwMC9zdmciPjwvc3ZnPg==\" style=\"--smush-placeholder-width: 365px; --smush-placeholder-aspect-ratio: 365\/194;\" \/><\/p>\n<p style=\"text-align: justify;\"><span style=\"font-size: 12pt;\">Por outro lado, no programa &#8220;<a href=\"https:\/\/www.oestetur.com\/optitravel\/www\/layouts\/layout03\/detail_bf_view.php?id=1301873\">Ci\u00eancia com Sabores<\/a>\u201d, o<\/span><span style=\"font-size: 12pt; text-align: justify;\">\u00a0visitante ser\u00e1 levado at\u00e9 ao <\/span>Dino Parque da Lourinh\u00e3<span style=\"font-size: 12pt; text-align: justify;\">.<\/span><\/p>\n<p style=\"text-align: justify;\"><span style=\"font-size: 12pt; text-align: justify;\">Este \u00e9 um parque tem\u00e1tico dedicado aos dinossauros, com mais de 120 modelos de esp\u00e9cies de animais j\u00e1 extintos, espalhados por diferentes percursos pedestres. Este \u00e9 um excelente local para aprender mais sobre os seres do passado que habitaram no nosso planeta.<\/span><\/p>\n<p style=\"text-align: justify;\"><span style=\"font-size: 12pt;\">Para al\u00e9m dos percursos pedestres com os modelos, poder\u00e1 tamb\u00e9m visitar o outro n\u00facleo museol\u00f3gico do Museu da Lourinh\u00e3, onde est\u00e3o expostos os f\u00f3sseis de dinossauros que viveram na regi\u00e3o da Lourinh\u00e3.<\/span><\/p>\n<p style=\"text-align: justify;\">Para mais informa\u00e7\u00f5es sobre estas visitas e reservas, <a href=\"mailto:reservas@museulourinha.org\">contacte-nos<\/a>.<\/p>\n<p style=\"text-align: justify;\">\u00a0<\/p>","protected":false},"excerpt":{"rendered":"<p>Visitas com Sabores &#8211; Lourinh\u00e3 O Museu da Lourinh\u00e3 associa-se a dois programas de visitas para grupos seniores, ao Concelho[Ler Mais &#8230;]<\/p>","protected":false},"author":8,"featured_media":0,"parent":0,"menu_order":0,"comment_status":"closed","ping_status":"closed","template":"","meta":{"footnotes":"","_links_to":"","_links_to_target":""},"class_list":["post-4716","page","type-page","status-publish","hentry"],"_links":{"self":[{"href":"https:\/\/museulourinha.org\/en\/wp-json\/wp\/v2\/pages\/4716","targetHints":{"allow":["GET"]}}],"collection":[{"href":"https:\/\/museulourinha.org\/en\/wp-json\/wp\/v2\/pages"}],"about":[{"href":"https:\/\/museulourinha.org\/en\/wp-json\/wp\/v2\/types\/page"}],"author":[{"embeddable":true,"href":"https:\/\/museulourinha.org\/en\/wp-json\/wp\/v2\/users\/8"}],"replies":[{"embeddable":true,"href":"https:\/\/museulourinha.org\/en\/wp-json\/wp\/v2\/comments?post=4716"}],"version-history":[{"count":0,"href":"https:\/\/museulourinha.org\/en\/wp-json\/wp\/v2\/pages\/4716\/revisions"}],"wp:attachment":[{"href":"https:\/\/museulourinha.org\/en\/wp-json\/wp\/v2\/media?parent=4716"}],"curies":[{"name":"wp","href":"https:\/\/api.w.org\/{rel}","templated":true}]}}