{"id":4696,"date":"2019-02-15T09:41:35","date_gmt":"2019-02-15T09:41:35","guid":{"rendered":"http:\/\/museulourinha.org\/?page_id=4696"},"modified":"2019-02-15T09:41:35","modified_gmt":"2019-02-15T09:41:35","slug":"fundadores-do-geal","status":"publish","type":"page","link":"https:\/\/museulourinha.org\/en\/fundadores-do-geal\/","title":{"rendered":"Fundadores do GEAL"},"content":{"rendered":"<h2 style=\"text-align: center;\">Os Fundadores do GEAL<\/h2>\n<p>A 15 de dezembro de 1981 o GEAL foi oficialmente registado. Foram membros fundadores:<\/p>\n<p class=\"txbold\">M\u00e1rio Jo\u00e3o Ribeiro da Silva<br \/>\nLu\u00eds Alberto Fidalgo de Mesquita<br \/>\nOl\u00edmpio Jos\u00e9 de Almeida Leit\u00e3o<br \/>\nMaria Augusta da Silva Roque<br \/>\nMaria Isabel Dias Madeira Mateus<br \/>\nCarlos Gentil Horta Tello de Oliveira<br \/>\nJos\u00e9 Carlos Rodrigo M\u00e1ximo da Costa<br \/>\nCarlos Manuel Marques dos Santos<br \/>\nMaria de Lurdes Alves<\/p>","protected":false},"excerpt":{"rendered":"<p>Os Fundadores do GEAL A 15 de dezembro de 1981 o GEAL foi oficialmente registado. Foram membros fundadores: M\u00e1rio Jo\u00e3o[Ler Mais &#8230;]<\/p>","protected":false},"author":8,"featured_media":0,"parent":0,"menu_order":0,"comment_status":"closed","ping_status":"closed","template":"","meta":{"footnotes":"","_links_to":"","_links_to_target":""},"class_list":["post-4696","page","type-page","status-publish","hentry"],"_links":{"self":[{"href":"https:\/\/museulourinha.org\/en\/wp-json\/wp\/v2\/pages\/4696","targetHints":{"allow":["GET"]}}],"collection":[{"href":"https:\/\/museulourinha.org\/en\/wp-json\/wp\/v2\/pages"}],"about":[{"href":"https:\/\/museulourinha.org\/en\/wp-json\/wp\/v2\/types\/page"}],"author":[{"embeddable":true,"href":"https:\/\/museulourinha.org\/en\/wp-json\/wp\/v2\/users\/8"}],"replies":[{"embeddable":true,"href":"https:\/\/museulourinha.org\/en\/wp-json\/wp\/v2\/comments?post=4696"}],"version-history":[{"count":0,"href":"https:\/\/museulourinha.org\/en\/wp-json\/wp\/v2\/pages\/4696\/revisions"}],"wp:attachment":[{"href":"https:\/\/museulourinha.org\/en\/wp-json\/wp\/v2\/media?parent=4696"}],"curies":[{"name":"wp","href":"https:\/\/api.w.org\/{rel}","templated":true}]}}