{"id":45,"date":"2017-03-21T12:03:49","date_gmt":"2017-03-21T12:03:49","guid":{"rendered":"http:\/\/museulourinha.org\/wordpress\/?page_id=45"},"modified":"2024-09-02T17:22:52","modified_gmt":"2024-09-02T16:22:52","slug":"visita","status":"publish","type":"page","link":"https:\/\/museulourinha.org\/en\/informacoes\/visita\/","title":{"rendered":"Visit"},"content":{"rendered":"<p>O Museu da Lourinh\u00e3 d\u00e1-lhe as boas-vindas!<\/p>\n<p>O Museu da Lourinh\u00e3, fundado em 1984, \u00e9 administrado pelo GEAL &#8211; Grupo de Etnologia e Arqueologia da Lourinh\u00e3, uma associa\u00e7\u00e3o privada sem fins lucrativos, de reconhecida utilidade p\u00fablica.<\/p>\n<p>As \u00e1reas de expositivas do Museu da Lourinh\u00e3, cont\u00eam as cole\u00e7\u00f5es de Arqueologia, Etnografia e Paleontologia.<\/p>\n<p>Pode visitar livremente o Museu, sem necessidade de marca\u00e7\u00e3o pr\u00e9via, ou optar por uma das v\u00e1rias tipologias de visitas guiadas (com marca\u00e7\u00e3o pr\u00e9via).<\/p>\n<p>As visitas guiadas ao Museu da Lourinh\u00e3 requerem no m\u00ednimo 5 participantes, e no caso de visitas guiadas ao campo, requerem no m\u00ednimo 10 participantes. Para marca\u00e7\u00e3o de visita guiada, <a href=\"https:\/\/museulourinha.org\/en\/informacoes\/contactos\/\">contacte-nos<\/a> para o <a class=\"txlinks_int\" href=\"mailto:reservas@museulourinha.org\">reservas@museulourinha.org<\/a>. Consulte o nosso Programa de Visitas Guiadas (brevemente dispon\u00edvel) para mais informa\u00e7\u00e3o.<\/p>\n<p>O Museu da Lourinh\u00e3 tamb\u00e9m disp\u00f5e de programas espec\u00edficos para <a href=\"https:\/\/museulourinha.org\/en\/informacoes\/visita\/escolas\/\">visitas escolares<\/a>.<\/p>","protected":false},"excerpt":{"rendered":"<p>O Museu da Lourinh\u00e3 d\u00e1-lhe as boas-vindas! O Museu da Lourinh\u00e3, fundado em 1984, \u00e9 administrado pelo GEAL &#8211; Grupo[Ler Mais &#8230;]<\/p>","protected":false},"author":8,"featured_media":0,"parent":41,"menu_order":0,"comment_status":"closed","ping_status":"closed","template":"","meta":{"footnotes":"","_links_to":"","_links_to_target":""},"class_list":["post-45","page","type-page","status-publish","hentry"],"_links":{"self":[{"href":"https:\/\/museulourinha.org\/en\/wp-json\/wp\/v2\/pages\/45","targetHints":{"allow":["GET"]}}],"collection":[{"href":"https:\/\/museulourinha.org\/en\/wp-json\/wp\/v2\/pages"}],"about":[{"href":"https:\/\/museulourinha.org\/en\/wp-json\/wp\/v2\/types\/page"}],"author":[{"embeddable":true,"href":"https:\/\/museulourinha.org\/en\/wp-json\/wp\/v2\/users\/8"}],"replies":[{"embeddable":true,"href":"https:\/\/museulourinha.org\/en\/wp-json\/wp\/v2\/comments?post=45"}],"version-history":[{"count":7,"href":"https:\/\/museulourinha.org\/en\/wp-json\/wp\/v2\/pages\/45\/revisions"}],"predecessor-version":[{"id":7916,"href":"https:\/\/museulourinha.org\/en\/wp-json\/wp\/v2\/pages\/45\/revisions\/7916"}],"up":[{"embeddable":true,"href":"https:\/\/museulourinha.org\/en\/wp-json\/wp\/v2\/pages\/41"}],"wp:attachment":[{"href":"https:\/\/museulourinha.org\/en\/wp-json\/wp\/v2\/media?parent=45"}],"curies":[{"name":"wp","href":"https:\/\/api.w.org\/{rel}","templated":true}]}}