{"id":4437,"date":"2018-08-19T09:53:12","date_gmt":"2018-08-19T09:53:12","guid":{"rendered":"http:\/\/museulourinha.org\/?page_id=4437"},"modified":"2019-10-29T11:36:35","modified_gmt":"2019-10-29T11:36:35","slug":"resultados-cientificos","status":"publish","type":"page","link":"https:\/\/museulourinha.org\/en\/museu\/investigacao\/resultados-cientificos\/","title":{"rendered":"Scientific articles"},"content":{"rendered":"<div data-elementor-type=\"wp-post\" data-elementor-id=\"4437\" class=\"elementor elementor-4437\">\n\t\t\t\t\t\t<section class=\"elementor-section elementor-top-section elementor-element elementor-element-60d675e elementor-section-boxed elementor-section-height-default elementor-section-height-default wpr-particle-no wpr-jarallax-no wpr-parallax-no wpr-sticky-section-no\" data-id=\"60d675e\" data-element_type=\"section\">\n\t\t\t\t\t\t<div class=\"elementor-container elementor-column-gap-default\">\n\t\t\t\t\t<div class=\"elementor-column elementor-col-100 elementor-top-column elementor-element elementor-element-24d937b7\" data-id=\"24d937b7\" data-element_type=\"column\">\n\t\t\t<div class=\"elementor-widget-wrap elementor-element-populated\">\n\t\t\t\t\t\t<div class=\"elementor-element elementor-element-7959a62b elementor-widget elementor-widget-text-editor\" data-id=\"7959a62b\" data-element_type=\"widget\" data-widget_type=\"text-editor.default\">\n\t\t\t\t<div class=\"elementor-widget-container\">\n\t\t\t\t\t\t\t\t\t<header>\n<h1>Scientific articles<\/h1>\n<\/header>\n<div style=\"text-align: justify;\">\n<p style=\"text-align: justify;\">Ao longo dos anos, os resultados da investiga\u00e7\u00e3o cient\u00edfica realizada pelo Museu da Lourinh\u00e3 tem sido publicada sob a forma de artigos cient\u00edficos. Segue-se a lista dos artigos publicados por investigadores ligados \u00e0 institui\u00e7\u00e3o:<\/p>\n<p style=\"text-align: justify;\"><span style=\"text-align: justify; font-size: inherit;\">1997<\/span><\/p>\n<p style=\"text-align: justify;\"><span style=\"text-align: justify; font-size: inherit;\">\u2013\u00a0MATEUS, I., MATEUS, H., ANTUNES, M.T, MATEUS, O., TAQUET, P. RIBEIRO, V. &amp; MANUPPELLA, G.\u00a0(1997). Couv\u00e9e, \u0153ufs et embryons d\u2019un Dinosaure Th\u00e9ropode du Jurassique de Lourinh\u00e3 (Portugal). C.R Acad. Sci. Paris, Sciences de la terre et des plan\u00e8tes, 325: 71-78.<br \/>Dispon\u00edvel em formato PDF em\u00a0<a href=\"https:\/\/docentes.fct.unl.pt\/sites\/default\/files\/omateus\/files\/mateus_et_al_1997_eggs_embryos_nest__couvee_oeufs_et_embryons_dun_dinosaure_theropode_du_jurassique_superieur_de_lourinha_portugal.pdf\">here<\/a><\/span><\/p>\n<p style=\"text-align: justify;\">1998<\/p>\n<p style=\"text-align: justify;\"><span style=\"text-align: justify; font-size: inherit;\">\u2013\u00a0ANTUNES, M.T.\u00a0(1998). A new Upper Jurassic Paulchoffatiid Multituberculate (Mammalia) from Pai Mogo, Portugal \/ and a few comments on Walter Georg K\u00fchne. Mem\u00f3rias da Academia de Ci\u00eancias de Lisboa. 37:125-153.<\/span><\/p>\n<p style=\"text-align: justify;\">\u2013\u00a0ANTUNES, M.T., TAQUET, P. &amp; RIBEIRO, V.\u00a0(1998). Upper jurassic dinosaur and crocodile eggs from Paimogo nesting site (Lourinh\u00e3 &#8211; Portugal). Mem\u00f3rias da Academia de Ci\u00eancias de Lisboa.37: 83-100.<\/p>\n<p style=\"text-align: justify;\"><span style=\"font-size: inherit;\">\u2013\u00a0MATEUS, H. (1998).\u00a0Jazida de ovos f\u00f3sseis de Paimogo, Lourinh\u00e3 (Jur\u00e1ssico Superior). Mem\u00f3rias da Academia de Ci\u00eancias de Lisboa, 37:79-81.<\/span><\/p>\n<p style=\"text-align: justify;\"><span style=\"font-size: inherit;\">\u2013\u00a0MATEUS, I., MATEUS, H., ANTUNES, M.T, MATEUS, O., TAQUET, P. RIBEIRO, V. &amp; MANUPPELLA, G.\u00a0(1998). Upper Jurassic theropod dinosaur embryos from Lourinh\u00e3 (Portugal). Mem\u00f3rias da Academia de Ci\u00eancias de Lisboa. 37: 101-110.<br \/><\/span><span style=\"font-size: inherit;\">Dispon\u00edvel em formato PDF em\u00a0<\/span><a style=\"font-size: inherit; background-color: #ffffff;\" href=\"http:\/\/www.dinodata.net\/lusodinos\/Scientificpapers.htm\" target=\"_blank\" rel=\"noopener\">http:\/\/www.dinodata.net\/lusodinos\/Scientificpapers.htm<\/a><\/p>\n<p style=\"text-align: justify;\">\u2013\u00a0MATEUS, O.\u00a0(1998). Lourinhanosaurus antunesi, a new Upper Jurassic allosauroid (Dinosauria: Theropoda) from Lourinh\u00e3 (Portugal). Mem\u00f3rias da Academia de Ci\u00eancias de Lisboa. 37: 111-124.<br \/>Dispon\u00edvel em formato PDF em\u00a0<a href=\"http:\/\/www.dinodata.net\/lusodinos\/Scientificpapers.htm\" target=\"_blank\" rel=\"noopener\">http:\/\/www.dinodata.net\/lusodinos\/Scientificpapers.htm<\/a><\/p>\n<p style=\"text-align: justify;\">\u2013\u00a0MATEUS, O.\u00a0(1998). Dinossauros de Portugal e um novo ter\u00f3pode do jur\u00e1ssico Superior da Lourinh\u00e3. Relat\u00f3rio de est\u00e1gio n\u00e3o publicado. Universidade de \u00c9vora.<\/p>\n<p style=\"text-align: justify;\">\u2013\u00a0MATEUS, O.\u00a0(1998). Ser\u00e3o as aves dinossauros? Ci\u00eanciaJ,6:5.<br \/>Dispon\u00edvel em formato PDF em\u00a0<a href=\"http:\/\/www.dinodata.net\/lusodinos\/Scientificpapers.htm\" target=\"_blank\" rel=\"noopener\">http:\/\/www.dinodata.net\/lusodinos\/Scientificpapers.htm<\/a><\/p>\n<p style=\"text-align: justify;\">1999<\/p>\n<p><span style=\"text-align: justify;\">\u2013\u00a0BONAPARTE, J.F., &amp; MATEUS, O.\u00a0(1999). A new diplodocid, Dinheirosaurus lourinhanensis gen. et sp. nov., from the Late Jurassic beds of Portugal. Revista del Museo Argentino de Ciencias Naturales. 5(2):13-29.<br \/><\/span><span style=\"font-size: inherit;\">Dispon\u00edvel em formato PDF em\u00a0<\/span><a style=\"font-size: inherit; background-color: #ffffff;\" href=\"http:\/\/www.dinodata.net\/lusodinos\/Scientificpapers.htm\" target=\"_blank\" rel=\"noopener\">http:\/\/www.dinodata.net\/lusodinos\/Scientificpapers.htm<\/a><\/p>\n<p><span style=\"font-size: inherit;\">\u2013\u00a0MATEUS, O.\u00a0(1999). Upper Jurassic dinosaurs from Lourinh\u00e3 and Portuguese dinosaur \u2013 with review of collecting in Laos. Geologisk Tidskrift (1): 33-32.<br \/><\/span><span style=\"font-size: inherit;\">Dispon\u00edvel em formato PDF em\u00a0<\/span><a style=\"font-size: inherit; background-color: #ffffff;\" href=\"http:\/\/www.dinodata.net\/lusodinos\/Scientificpapers.htm\" target=\"_blank\" rel=\"noopener\">http:\/\/www.dinodata.net\/lusodinos\/Scientificpapers.htm<\/a><\/p>\n<p style=\"text-align: justify;\">\u2013\u00a0MATEUS, O.\u00a0(1999). Monofilia dos dinossauros e Origem das Aves: Ser\u00e3o as aves dinossauros?. Actas do II Congresso de Ornitologia da SPEA: 184-185.<br \/>Dispon\u00edvel em formato PDF em\u00a0<a href=\"http:\/\/www.dinodata.net\/lusodinos\/Scientificpapers.htm\" target=\"_blank\" rel=\"noopener\">http:\/\/www.dinodata.net\/lusodinos\/Scientificpapers.htm<\/a><\/p>\n<p style=\"text-align: justify;\">2000<\/p>\n<p style=\"text-align: justify;\">\u2013\u00a0MATEUS, O. &amp; ANTUNES, M.T.\u00a0(2000). Torvosaurus sp. (Dinosauria: Theropoda) in the Late Jurassic of Portugal. Livro de Resumos do I Congresso Ib\u00e9rico de Paleontologia, pp: 115-117.<br \/>Dispon\u00edvel em formato PDF em\u00a0<a href=\"http:\/\/www.dinodata.net\/lusodinos\/Scientificpapers.htm\" target=\"_blank\" rel=\"noopener\">http:\/\/www.dinodata.net\/lusodinos\/Scientificpapers.htm<\/a><\/p>\n<p style=\"text-align: justify;\">\u2013\u00a0MATEUS, O. &amp; ANTUNES, M.T.\u00a0(2000). Ceratosaurus sp. (Dinosauria: Theropoda) in the Late Jurassic of Portugal. Abstract Volume of the 31st International Geological Congress, Rio de Janeiro.<br \/>Dispon\u00edvel em formato PDF em\u00a0<a href=\"http:\/\/www.dinodata.net\/lusodinos\/Scientificpapers.htm\" target=\"_blank\" rel=\"noopener\">http:\/\/www.dinodata.net\/lusodinos\/Scientificpapers.htm<\/a><\/p>\n<p style=\"text-align: justify;\">\u2013\u00a0MATEUS, O. &amp; ANTUNES, M.T.\u00a0(2000). Late Jurassic dinosaurs of Portugal. Abstracts of the 1st Symposium of European Dinosaurs. Dusseldorf, Germany.<\/p>\n<p style=\"text-align: justify;\">2001<\/p>\n<p style=\"text-align: justify;\">\u2013\u00a0MATEUS, O. &amp; ANTUNES, M.T.\u00a0(2001). Draconyx loureiroi, a new Camptosauridae (Dinosauria: Ornithopoda) from the Late Jurassic of Lourinh\u00e3, Portugal. Annales de Paleontologie, 87(1): 61-73.<br \/>Dispon\u00edvel em formato PDF em\u00a0<a href=\"http:\/\/www.dinodata.net\/lusodinos\/Scientificpapers.htm\" target=\"_blank\" rel=\"noopener\">http:\/\/www.dinodata.net\/lusodinos\/Scientificpapers.htm<\/a><\/p>\n<p style=\"text-align: justify;\">\u2013\u00a0MATEUS, O., ANTUNES, M.T. &amp; TAQUET, P.\u00a0(2001). Dinosaur ontogeny: The case of Lourinhanosaurus (Late Jurassic, Portugal). Journal of Vertebrate Paleontology, 21 (Suppl. 3): 78A.<br \/>Dispon\u00edvel em formato PDF em\u00a0<a href=\"http:\/\/www.dinodata.net\/lusodinos\/Scientificpapers.htm\" target=\"_blank\" rel=\"noopener\">http:\/\/www.dinodata.net\/lusodinos\/Scientificpapers.htm<\/a><\/p>\n<p style=\"text-align: justify;\">2002<\/p>\n<p style=\"text-align: justify;\">\u2013\u00a0MATEUS, O.\u00a0(2002). On a large vertebra of cf. Machimosaurus from the Late Jurassic of Lourinh\u00e3 (Portugal). XVIII Jornadas de la Sociedad Espa\u00f1ola de Paleontolog\u00eda; II Congreso Ib\u00e9rico de Paleontolog\u00eda. Salamanca: 73-75.<\/p>\n<\/div>\t\t\t\t\t\t\t\t<\/div>\n\t\t\t\t<\/div>\n\t\t\t\t\t<\/div>\n\t\t<\/div>\n\t\t\t\t\t<\/div>\n\t\t<\/section>\n\t\t\t\t<\/div>","protected":false},"excerpt":{"rendered":"<p>Artigos Cient\u00edficos Ao longo dos anos, os resultados da investiga\u00e7\u00e3o cient\u00edfica realizada pelo Museu da Lourinh\u00e3 tem sido publicada sob[Ler Mais &#8230;]<\/p>","protected":false},"author":8,"featured_media":0,"parent":21,"menu_order":4,"comment_status":"closed","ping_status":"closed","template":"","meta":{"footnotes":"","_links_to":"","_links_to_target":""},"class_list":["post-4437","page","type-page","status-publish","hentry"],"_links":{"self":[{"href":"https:\/\/museulourinha.org\/en\/wp-json\/wp\/v2\/pages\/4437","targetHints":{"allow":["GET"]}}],"collection":[{"href":"https:\/\/museulourinha.org\/en\/wp-json\/wp\/v2\/pages"}],"about":[{"href":"https:\/\/museulourinha.org\/en\/wp-json\/wp\/v2\/types\/page"}],"author":[{"embeddable":true,"href":"https:\/\/museulourinha.org\/en\/wp-json\/wp\/v2\/users\/8"}],"replies":[{"embeddable":true,"href":"https:\/\/museulourinha.org\/en\/wp-json\/wp\/v2\/comments?post=4437"}],"version-history":[{"count":0,"href":"https:\/\/museulourinha.org\/en\/wp-json\/wp\/v2\/pages\/4437\/revisions"}],"up":[{"embeddable":true,"href":"https:\/\/museulourinha.org\/en\/wp-json\/wp\/v2\/pages\/21"}],"wp:attachment":[{"href":"https:\/\/museulourinha.org\/en\/wp-json\/wp\/v2\/media?parent=4437"}],"curies":[{"name":"wp","href":"https:\/\/api.w.org\/{rel}","templated":true}]}}