{"id":4406,"date":"2018-08-18T10:02:52","date_gmt":"2018-08-18T10:02:52","guid":{"rendered":"http:\/\/museulourinha.org\/?page_id=4406"},"modified":"2019-03-08T15:59:16","modified_gmt":"2019-03-08T15:59:16","slug":"gostaria-de-identificar-um-fossil","status":"publish","type":"page","link":"https:\/\/museulourinha.org\/en\/museu\/investigacao\/investigacao_em_paleontologia\/gostaria-de-identificar-um-fossil\/","title":{"rendered":"Gostaria de identificar um f\u00f3ssil?"},"content":{"rendered":"<h2>Gostaria de identificar os f\u00f3sseis que possui?<\/h2>\n<p style=\"text-align: justify;\">Descobriu algum osso de dinossauro ou outro f\u00f3ssil interessante? Visite-nos ou <a href=\"mailto:investigacao@museulourinha.org\">contacte-nos<\/a> e iremos ajudar.<\/p>\n<p style=\"text-align: justify;\" align=\"justify\">Queremos deixar expresso o nosso agradecimento aos <span class=\"txbold\">doadores e descobridores\u00a0<\/span>de f\u00f3sseis do Museu da Lourinh\u00e3. S\u00e3o eles<span class=\"tx_legenda\">*<\/span>:<\/p>\n<table border=\"0\" width=\"100%\" cellspacing=\"0\" cellpadding=\"5\">\n<tbody>\n<tr valign=\"top\">\n<td class=\"tx\">Aart Walen<br \/>\nAna Irene Moreira da Rocha<br \/>\nAnt\u00f3nio Alves Gato<br \/>\nAnt\u00f3nio Filipe Lu\u00eds<br \/>\nAsmus Andersen<br \/>\nBarbara Diermann<br \/>\nBem Papst<br \/>\nCarlos Anuncia\u00e7\u00e3o<br \/>\nCristiano Dal Sasso<br \/>\nCust\u00f3dio Pinto<br \/>\nDaniel Berthe<br \/>\nElly Andersen<br \/>\nEmanuel Cruz<br \/>\nFl\u00e1vio (Porto das Barcas)<br \/>\nFrancisco Ant\u00f3nio Fernandes<br \/>\nGermano David Ma\u00e7arico<br \/>\nGreg\u00f3rio (Ribamar)<br \/>\nH\u00e9lia Paulo<br \/>\nHolger Ludtke<\/td>\n<td class=\"tx\">Hor\u00e1cio Mateus<br \/>\nIsabel Madeira Mateus<br \/>\nJesper Nielsen Mil\u00e0n<br \/>\nJo\u00e3o C\u00e9sar<br \/>\nJo\u00e3o Vit\u00f3rio Ma\u00e7arico<br \/>\nJos\u00e9 Costa Pedro<br \/>\nJos\u00e9 Esteves<br \/>\nJos\u00e9 Gomes Rodrigues<br \/>\nJos\u00e9 Manuel Ministro J\u00fanior<br \/>\nJos\u00e9 Martins<br \/>\nJos\u00e9 Norton<br \/>\nLeonel da Fonseca Carvalho<br \/>\nLu\u00eds Mateus<br \/>\nLu\u00eds Tom\u00e1s Sarreira<br \/>\nManuel Jorge Santos<br \/>\nManuel Teot\u00f3nio<br \/>\nMark Barrat<br \/>\nMarta Mateus<br \/>\nMiguel Barbosa<br \/>\nNicolai Christiansen<br \/>\nOct\u00e1vio Mateus<\/td>\n<td class=\"tx\">Nils Kn\u00f6tschke<br \/>\nOle Henningsen<br \/>\nPaulo Alexandre<br \/>\nPaulo Subtil<br \/>\nPedro Dantas<br \/>\nPedro Sales Henriques<br \/>\nPedro Vieira<br \/>\nRafael Diogo<br \/>\nRaymund Windolf<br \/>\nRui Cipriano<br \/>\nRui Soares<br \/>\nSilvano da Silva Gomes<br \/>\nSim\u00e3o Mateus<br \/>\nTeresa Caixaria<br \/>\nTerry Manning<br \/>\nVasco Ribeiro<br \/>\nVictor Bezerra<br \/>\nVictor Silva<\/td>\n<\/tr>\n<\/tbody>\n<\/table>\n<p><span style=\"font-size: 10pt;\"><span class=\"tx_legenda\">*<\/span> Pessoas que descobriram ou doaram f\u00f3sseis ao Museu da Lourinh\u00e3, sem estarem integrados em equipas de escava\u00e7\u00f5es do GEAL.<\/span><\/p>","protected":false},"excerpt":{"rendered":"<p>Gostaria de identificar os f\u00f3sseis que possui? Descobriu algum osso de dinossauro ou outro f\u00f3ssil interessante? Visite-nos ou contacte-nos e[Ler Mais &#8230;]<\/p>","protected":false},"author":8,"featured_media":0,"parent":575,"menu_order":2,"comment_status":"closed","ping_status":"closed","template":"","meta":{"footnotes":"","_links_to":"","_links_to_target":""},"class_list":["post-4406","page","type-page","status-publish","hentry"],"_links":{"self":[{"href":"https:\/\/museulourinha.org\/en\/wp-json\/wp\/v2\/pages\/4406","targetHints":{"allow":["GET"]}}],"collection":[{"href":"https:\/\/museulourinha.org\/en\/wp-json\/wp\/v2\/pages"}],"about":[{"href":"https:\/\/museulourinha.org\/en\/wp-json\/wp\/v2\/types\/page"}],"author":[{"embeddable":true,"href":"https:\/\/museulourinha.org\/en\/wp-json\/wp\/v2\/users\/8"}],"replies":[{"embeddable":true,"href":"https:\/\/museulourinha.org\/en\/wp-json\/wp\/v2\/comments?post=4406"}],"version-history":[{"count":0,"href":"https:\/\/museulourinha.org\/en\/wp-json\/wp\/v2\/pages\/4406\/revisions"}],"up":[{"embeddable":true,"href":"https:\/\/museulourinha.org\/en\/wp-json\/wp\/v2\/pages\/575"}],"wp:attachment":[{"href":"https:\/\/museulourinha.org\/en\/wp-json\/wp\/v2\/media?parent=4406"}],"curies":[{"name":"wp","href":"https:\/\/api.w.org\/{rel}","templated":true}]}}