{"id":3988,"date":"2018-03-24T12:47:40","date_gmt":"2018-03-24T12:47:40","guid":{"rendered":"http:\/\/museulourinha.org\/wordpress\/?page_id=3988"},"modified":"2023-11-14T17:08:39","modified_gmt":"2023-11-14T17:08:39","slug":"itinerantes","status":"publish","type":"page","link":"https:\/\/museulourinha.org\/en\/exposicoes\/itinerantes\/","title":{"rendered":"Itinerants"},"content":{"rendered":"<h2 style=\"text-align: center;\">2023 Catalog \u2013 Traveling Paleontology Exhibitions<\/h2>\n<h3 style=\"text-align: center;\">Dinosaurs from Portugal\u2026 and beyond!<\/h3>\n<p style=\"text-align: justify;\">The Lourinh\u00e3 Museum has a <strong>Traveling Exhibition<\/strong> with the theme of <strong>Paleontology<\/strong>. This is an Exhibition that aims to bring to the public a little of the world in which the dinosaurs of Lourinh\u00e3 lived.<\/p>\n<p style=\"text-align: justify;\">The\u00a0<strong>Traveling Paleontology Exhibition<\/strong>\u00a0includes a representative sample of <strong>original fossils<\/strong> and <strong>replicas<\/strong> of some of the <strong>dinosaur species<\/strong> (and not only) most emblematic of <strong>Lourinh\u00e3 region<\/strong>, with approximately <strong>150 million years<\/strong> (superior Jurassic)<\/p>\n<p style=\"text-align: justify;\">The pieces in this exhibition are accompanied by a significant set of information, on large format posters, with several editions throughout the country and abroad.<\/p>\n<p style=\"text-align: justify;\">Thus, this exhibition has already been on display in several Portuguese locations, such as: Boticas, Falagueira (Amadora), Lagos, Lisbon, Sert\u00e3, Torres Vedras and Abrantes. We also take the <strong>Paleontology of Lourinh\u00e3<\/strong> out of the country: Deuil-La Barre (outskirts of Paris, France).<\/p>\n<p style=\"text-align: left;\">The Itinerant Paleontology Exhibition \u201cDinosaurs of Portugal\u2026 and beyond!\u201d It can also come very close to you!<\/p>\n<p style=\"text-align: left;\">We invite you to consult our <a href=\"https:\/\/museulourinha.org\/wp-content\/uploads\/2023\/11\/Catalogo-2023-Exposicoes-Itinerantes-de-Paleontologia-Museu-da-Lourinha-PARA-SITE.pdf\">2023 Catalog \u2013 Traveling Paleontology Exhibitions<\/a>, to find out more about our offer!<\/p>\n<p><a href=\"https:\/\/museulourinha.org\/wp-content\/uploads\/2023\/11\/Catalogo-2023-Exposicoes-Itinerantes-de-Paleontologia-Museu-da-Lourinha-PARA-SITE.pdf\"><br \/>\n<\/a><a href=\"https:\/\/museulourinha.org\/wp-content\/uploads\/2023\/11\/Catalogo-2023-Exposicoes-Itinerantes-de-Paleontologia-Museu-da-Lourinha-PARA-SITE.pdf\"><img fetchpriority=\"high\" decoding=\"async\" class=\"aligncenter\" src=\"https:\/\/museulourinha.org\/wp-content\/uploads\/2022\/12\/Capa-Catalogo.emf_-389x500.png\" sizes=\"(max-width: 389px) 100vw, 389px\" srcset=\"https:\/\/museulourinha.org\/wp-content\/uploads\/2022\/12\/Capa-Catalogo.emf_-389x500.png 389w, https:\/\/museulourinha.org\/wp-content\/uploads\/2022\/12\/Capa-Catalogo.emf_-233x300.png 233w, https:\/\/museulourinha.org\/wp-content\/uploads\/2022\/12\/Capa-Catalogo.emf_-467x600.png 467w, https:\/\/museulourinha.org\/wp-content\/uploads\/2022\/12\/Capa-Catalogo.emf_.png 595w\" alt=\"\" width=\"389\" height=\"500\" \/><\/a><\/p>\n<p>For more information, contact us at geral@museulourinha.org.<\/p>","protected":false},"excerpt":{"rendered":"<p>Cat\u00e1logo 2023 &#8211; Exposi\u00e7\u00f5es Itinerantes de Paleontologia Dinossauros de Portugal&#8230; e n\u00e3o s\u00f3! O Museu da Lourinh\u00e3 possui uma Exposi\u00e7\u00e3o[Ler Mais &#8230;]<\/p>","protected":false},"author":8,"featured_media":0,"parent":34,"menu_order":6,"comment_status":"closed","ping_status":"closed","template":"","meta":{"footnotes":"","_links_to":"","_links_to_target":""},"class_list":["post-3988","page","type-page","status-publish","hentry"],"_links":{"self":[{"href":"https:\/\/museulourinha.org\/en\/wp-json\/wp\/v2\/pages\/3988","targetHints":{"allow":["GET"]}}],"collection":[{"href":"https:\/\/museulourinha.org\/en\/wp-json\/wp\/v2\/pages"}],"about":[{"href":"https:\/\/museulourinha.org\/en\/wp-json\/wp\/v2\/types\/page"}],"author":[{"embeddable":true,"href":"https:\/\/museulourinha.org\/en\/wp-json\/wp\/v2\/users\/8"}],"replies":[{"embeddable":true,"href":"https:\/\/museulourinha.org\/en\/wp-json\/wp\/v2\/comments?post=3988"}],"version-history":[{"count":0,"href":"https:\/\/museulourinha.org\/en\/wp-json\/wp\/v2\/pages\/3988\/revisions"}],"up":[{"embeddable":true,"href":"https:\/\/museulourinha.org\/en\/wp-json\/wp\/v2\/pages\/34"}],"wp:attachment":[{"href":"https:\/\/museulourinha.org\/en\/wp-json\/wp\/v2\/media?parent=3988"}],"curies":[{"name":"wp","href":"https:\/\/api.w.org\/{rel}","templated":true}]}}