{"id":3913,"date":"2018-03-14T10:09:31","date_gmt":"2018-03-14T10:09:31","guid":{"rendered":"http:\/\/museulourinha.org\/wordpress\/?page_id=3913"},"modified":"2019-08-23T10:14:44","modified_gmt":"2019-08-23T09:14:44","slug":"dinossauros-da-lourinha","status":"publish","type":"page","link":"https:\/\/museulourinha.org\/en\/exposicoes\/dinossauros-da-lourinha\/","title":{"rendered":"&#8220;Dinossauros da Lourinh\u00e3&#8221;"},"content":{"rendered":"<h2><strong>&#8220;Dinossauros da Lourinh\u00e3&#8221;<\/strong><\/h2>\n<p style=\"text-align: justify;\"><span style=\"font-size: 12pt;\">O Museu da Lourinh\u00e3 possui um segundo n\u00facleo museol\u00f3gico no Parque dos Dinossauros da Lourinh\u00e3 (PDL), com a exposi\u00e7\u00e3o &#8220;Dinossauros da Lourinh\u00e3&#8221;. Nesta exposi\u00e7\u00e3o complementar \u00e0 patente \u00e0quela que se encontra no pr\u00f3prio Museu,\u00a0 o visitante tem a oportunidade e ficar a conhecer os v\u00e1rios dinossauros da regi\u00e3o que t\u00eam sido encontrados na regi\u00e3o.\u00a0Nesta viajem no tempo, ter\u00e1 a oportunidade descobrir alguns dos dinossauros e cen\u00e1rios de vida destes animais que habitaram a regi\u00e3o, h\u00e1 cerca de 152 milh\u00f5es de anos, na \u00e9poca do Jur\u00e1ssico Superior.<\/span><\/p>\n<p style=\"text-align: justify;\"><span style=\"font-size: 12pt;\">Estes achados s\u00e3o o fruto do persistente trabalho de investiga\u00e7\u00e3o realizado ao longo de anos pelo Grupo de Etnografia e Arqueologia da Lourinh\u00e3 (GEAL)\/Museu da Lourinh\u00e3.\u00a0O valor cient\u00edfico dos achados de dinossauro a\u00ed expostos \u00e9 reconhecido nacional e internacionalmente, contendo v\u00e1rios exemplares que originaram novas esp\u00e9cies para a ci\u00eancia (hol\u00f3tipos). Os bens paleontol\u00f3gicos nesta exposi\u00e7\u00e3o, bem como os trabalhados no laborat\u00f3rio do PDL, s\u00e3o parte integrante do acervo do Museu da Lourinh\u00e3.<\/span><\/p>\n<p style=\"text-align: justify;\"><span style=\"font-size: 12pt;\">Esta exposi\u00e7\u00e3o resulta do protocolo de coopera\u00e7\u00e3o estabelecido entre a empresa PDL, o GEAL e o Munic\u00edpio da Lourinh\u00e3. No \u00e2mbito desta coopera\u00e7\u00e3o, o PDL acolhe a exposi\u00e7\u00e3o de paleontologia do Museu, intitulada \u201cDinossauros da Lourinh\u00e3\u201d, e apoia o trabalho de investiga\u00e7\u00e3o cient\u00edfica desenvolvido por esta institui\u00e7\u00e3o.<\/span><\/p>","protected":false},"excerpt":{"rendered":"<p>&#8220;Dinossauros da Lourinh\u00e3&#8221; O Museu da Lourinh\u00e3 possui um segundo n\u00facleo museol\u00f3gico no Parque dos Dinossauros da Lourinh\u00e3 (PDL), com[Ler Mais &#8230;]<\/p>","protected":false},"author":8,"featured_media":0,"parent":34,"menu_order":7,"comment_status":"closed","ping_status":"closed","template":"","meta":{"footnotes":"","_links_to":"","_links_to_target":""},"class_list":["post-3913","page","type-page","status-publish","hentry"],"_links":{"self":[{"href":"https:\/\/museulourinha.org\/en\/wp-json\/wp\/v2\/pages\/3913","targetHints":{"allow":["GET"]}}],"collection":[{"href":"https:\/\/museulourinha.org\/en\/wp-json\/wp\/v2\/pages"}],"about":[{"href":"https:\/\/museulourinha.org\/en\/wp-json\/wp\/v2\/types\/page"}],"author":[{"embeddable":true,"href":"https:\/\/museulourinha.org\/en\/wp-json\/wp\/v2\/users\/8"}],"replies":[{"embeddable":true,"href":"https:\/\/museulourinha.org\/en\/wp-json\/wp\/v2\/comments?post=3913"}],"version-history":[{"count":0,"href":"https:\/\/museulourinha.org\/en\/wp-json\/wp\/v2\/pages\/3913\/revisions"}],"up":[{"embeddable":true,"href":"https:\/\/museulourinha.org\/en\/wp-json\/wp\/v2\/pages\/34"}],"wp:attachment":[{"href":"https:\/\/museulourinha.org\/en\/wp-json\/wp\/v2\/media?parent=3913"}],"curies":[{"name":"wp","href":"https:\/\/api.w.org\/{rel}","templated":true}]}}