{"id":3899,"date":"2018-03-11T11:53:27","date_gmt":"2018-03-11T11:53:27","guid":{"rendered":"http:\/\/museulourinha.org\/wordpress\/?page_id=3899"},"modified":"2018-04-03T17:23:14","modified_gmt":"2018-04-03T17:23:14","slug":"sala-de-actividades","status":"publish","type":"page","link":"https:\/\/museulourinha.org\/en\/exposicoes\/sala-de-actividades\/","title":{"rendered":"Multipurpose Room"},"content":{"rendered":"<h2>Sala de Actividades<\/h2>\n<p style=\"text-align: justify;\">Neste espa\u00e7o s\u00e3o promovidas diversas atividades l\u00fadico-pedag\u00f3gicas, pensadas para o p\u00fablico mais jovem. Esta sala \u00e9 visit\u00e1vel no percurso normal de visita\u00e7\u00e3o do Museu, onde os mais novos poder\u00e3o realizar diversos trabalhos manuais, ver v\u00eddeos tem\u00e1ticos e tamb\u00e9m espreitar para dentro do nosso laborat\u00f3rio e ver as v\u00e1rias actividades que a\u00ed decorrem.<\/p>\n<p style=\"text-align: justify;\">\u00c9 tamb\u00e9m um espa\u00e7o para a realiza\u00e7\u00e3o de ateliers variados nas \u00e1reas da Paleontologia, Arqueologia e Etnografia, workshops de chocolate e exposi\u00e7\u00f5es tempor\u00e1rias.<\/p>\n<p><img fetchpriority=\"high\" decoding=\"async\" class=\"aligncenter\" src=\"http:\/\/www.museulourinha.org\/images\/SlideShow\/slide_003.jpg\" width=\"306\" height=\"204\" \/><\/p>","protected":false},"excerpt":{"rendered":"<p>Sala de Actividades Neste espa\u00e7o s\u00e3o promovidas diversas atividades l\u00fadico-pedag\u00f3gicas, pensadas para o p\u00fablico mais jovem. Esta sala \u00e9 visit\u00e1vel[Ler Mais &#8230;]<\/p>","protected":false},"author":8,"featured_media":0,"parent":34,"menu_order":4,"comment_status":"closed","ping_status":"closed","template":"","meta":{"footnotes":"","_links_to":"","_links_to_target":""},"class_list":["post-3899","page","type-page","status-publish","hentry"],"_links":{"self":[{"href":"https:\/\/museulourinha.org\/en\/wp-json\/wp\/v2\/pages\/3899","targetHints":{"allow":["GET"]}}],"collection":[{"href":"https:\/\/museulourinha.org\/en\/wp-json\/wp\/v2\/pages"}],"about":[{"href":"https:\/\/museulourinha.org\/en\/wp-json\/wp\/v2\/types\/page"}],"author":[{"embeddable":true,"href":"https:\/\/museulourinha.org\/en\/wp-json\/wp\/v2\/users\/8"}],"replies":[{"embeddable":true,"href":"https:\/\/museulourinha.org\/en\/wp-json\/wp\/v2\/comments?post=3899"}],"version-history":[{"count":0,"href":"https:\/\/museulourinha.org\/en\/wp-json\/wp\/v2\/pages\/3899\/revisions"}],"up":[{"embeddable":true,"href":"https:\/\/museulourinha.org\/en\/wp-json\/wp\/v2\/pages\/34"}],"wp:attachment":[{"href":"https:\/\/museulourinha.org\/en\/wp-json\/wp\/v2\/media?parent=3899"}],"curies":[{"name":"wp","href":"https:\/\/api.w.org\/{rel}","templated":true}]}}