{"id":3885,"date":"2018-03-10T17:32:32","date_gmt":"2018-03-10T17:32:32","guid":{"rendered":"http:\/\/museulourinha.org\/wordpress\/?page_id=3885"},"modified":"2018-03-15T14:54:39","modified_gmt":"2018-03-15T14:54:39","slug":"arqueologia","status":"publish","type":"page","link":"https:\/\/museulourinha.org\/en\/exposicoes\/atlantico\/arqueologia\/","title":{"rendered":"Archeology"},"content":{"rendered":"<p align=\"justify\">Archeology is the science that studies the evolution of human civilization from our primate ancestors to today.<\/p>\n<p align=\"justify\">The Lourinh\u00e3 Museum\u2019s Archeology collection includes:<\/p>\n<ul>\n<li>In pre-history: the<a class=\"txlinks_int\" href=\"http:\/\/museulourinha.org\/en\/wordpress\/exposicoes\/arquelogia\/paleolitico\/\"> Paleolithic <\/a>, the<a class=\"txlinks_int\" href=\"http:\/\/museulourinha.org\/en\/wordpress\/exposicoes\/arquelogia\/mesolitico\/\"> Mesolithic <\/a>, the <a class=\"txlinks_int\" href=\"http:\/\/museulourinha.org\/en\/wordpress\/exposicoes\/arquelogia\/neolitico\/\">Neolithic <\/a>, the <a class=\"txlinks_int\" href=\"http:\/\/museulourinha.org\/en\/wordpress\/exposicoes\/arquelogia\/calcolitico\/\">Chalcolithic <\/a>and the <a class=\"txlinks_int\" href=\"http:\/\/museulourinha.org\/en\/wordpress\/exposicoes\/arquelogia\/megalitismo\/\">phenomenon of megalithism <\/a>.<\/li>\n<li>In history: the<a class=\"txlinks_int\" href=\"http:\/\/museulourinha.org\/en\/wordpress\/exposicoes\/arquelogia\/romano\/\"> Roman Civilization <\/a>and the <a class=\"txlinks_int\" href=\"http:\/\/museulourinha.org\/en\/wordpress\/exposicoes\/arquelogia\/idade-media\/\">Middle Ages <\/a>.<\/li>\n<\/ul>\n<p>From each period we intend to show the most important elements of the collection, or of the Lourinh\u00e3 area, whether they are archaeological deposits or important objects.<\/p>","protected":false},"excerpt":{"rendered":"<p>A Arqueologia \u00e9 a ci\u00eancia que estuda a evolu\u00e7\u00e3o da civiliza\u00e7\u00e3o humana desde os nossos ancestrais primatas at\u00e9 hoje. A[Ler Mais &#8230;]<\/p>","protected":false},"author":8,"featured_media":0,"parent":39,"menu_order":2,"comment_status":"closed","ping_status":"closed","template":"","meta":{"footnotes":"","_links_to":"","_links_to_target":""},"class_list":["post-3885","page","type-page","status-publish","hentry"],"_links":{"self":[{"href":"https:\/\/museulourinha.org\/en\/wp-json\/wp\/v2\/pages\/3885","targetHints":{"allow":["GET"]}}],"collection":[{"href":"https:\/\/museulourinha.org\/en\/wp-json\/wp\/v2\/pages"}],"about":[{"href":"https:\/\/museulourinha.org\/en\/wp-json\/wp\/v2\/types\/page"}],"author":[{"embeddable":true,"href":"https:\/\/museulourinha.org\/en\/wp-json\/wp\/v2\/users\/8"}],"replies":[{"embeddable":true,"href":"https:\/\/museulourinha.org\/en\/wp-json\/wp\/v2\/comments?post=3885"}],"version-history":[{"count":0,"href":"https:\/\/museulourinha.org\/en\/wp-json\/wp\/v2\/pages\/3885\/revisions"}],"up":[{"embeddable":true,"href":"https:\/\/museulourinha.org\/en\/wp-json\/wp\/v2\/pages\/39"}],"wp:attachment":[{"href":"https:\/\/museulourinha.org\/en\/wp-json\/wp\/v2\/media?parent=3885"}],"curies":[{"name":"wp","href":"https:\/\/api.w.org\/{rel}","templated":true}]}}