{"id":3883,"date":"2018-03-10T17:31:55","date_gmt":"2018-03-10T17:31:55","guid":{"rendered":"http:\/\/museulourinha.org\/wordpress\/?page_id=3883"},"modified":"2024-05-07T16:11:14","modified_gmt":"2024-05-07T15:11:14","slug":"paleontologia","status":"publish","type":"page","link":"https:\/\/museulourinha.org\/en\/exposicoes\/atlantico\/paleontologia\/","title":{"rendered":"Paleontology"},"content":{"rendered":"<div data-elementor-type=\"wp-page\" data-elementor-id=\"3883\" class=\"elementor elementor-3883\">\n\t\t\t\t\t\t<section class=\"elementor-section elementor-top-section elementor-element elementor-element-66f79485 elementor-section-boxed elementor-section-height-default elementor-section-height-default wpr-particle-no wpr-jarallax-no wpr-parallax-no wpr-sticky-section-no\" data-id=\"66f79485\" data-element_type=\"section\">\n\t\t\t\t\t\t<div class=\"elementor-container elementor-column-gap-default\">\n\t\t\t\t\t<div class=\"elementor-column elementor-col-100 elementor-top-column elementor-element elementor-element-1fe0a183\" data-id=\"1fe0a183\" data-element_type=\"column\">\n\t\t\t<div class=\"elementor-widget-wrap elementor-element-populated\">\n\t\t\t\t\t\t<div class=\"elementor-element elementor-element-1584e9fe elementor-widget elementor-widget-text-editor\" data-id=\"1584e9fe\" data-element_type=\"widget\" data-widget_type=\"text-editor.default\">\n\t\t\t\t<div class=\"elementor-widget-container\">\n\t\t\t\t\t\t\t\t\t<p><img fetchpriority=\"high\" decoding=\"async\" class=\"alignleft wp-image-1841 size-full\" style=\"font-size: 1.0625rem;\" src=\"https:\/\/museulourinha.org\/wp-content\/uploads\/2017\/03\/esquema..jpeg\" alt=\"\" width=\"130\" height=\"469\" srcset=\"https:\/\/museulourinha.org\/wp-content\/uploads\/2017\/03\/esquema..jpeg 130w, https:\/\/museulourinha.org\/wp-content\/uploads\/2017\/03\/esquema.-83x300.jpeg 83w\" sizes=\"(max-width: 130px) 100vw, 130px\" \/><img decoding=\"async\" class=\"size-medium wp-image-1840 alignright lazyload\" data-src=\"https:\/\/museulourinha.org\/wp-content\/uploads\/2017\/03\/carta.-212x300.jpeg\" alt=\"\" width=\"212\" height=\"300\" data-srcset=\"https:\/\/museulourinha.org\/wp-content\/uploads\/2017\/03\/carta.-212x300.jpeg 212w, https:\/\/museulourinha.org\/wp-content\/uploads\/2017\/03\/carta..jpeg 275w\" data-sizes=\"(max-width: 212px) 100vw, 212px\" src=\"data:image\/svg+xml;base64,PHN2ZyB3aWR0aD0iMSIgaGVpZ2h0PSIxIiB4bWxucz0iaHR0cDovL3d3dy53My5vcmcvMjAwMC9zdmciPjwvc3ZnPg==\" style=\"--smush-placeholder-width: 212px; --smush-placeholder-aspect-ratio: 212\/300;\" \/>Paleontology is the Science that studies the traces of past life, which are somehow preserved in rocks, the fossils. These traces could be shells, bones, footprints or even eggshells.\u00a0<span style=\"font-size: 1.0625rem;\">When studying fossils the time scale is so large that geologists and paleontologists use the Million Years as a unit of temporal measurement.<\/span><\/p><p>The Lourinh\u00e3 Museum has a vast collection of fossils, incorporating a large part of the paleontological heritage of the region in which it is located.\u00a0<span style=\"font-size: 1.0625rem;\">The findings found here are extremely relevant as some specimens gave rise to new species for science (holotypes).<\/span><\/p><p><img decoding=\"async\" class=\"wp-image-2174 size-full alignright lazyload\" data-src=\"https:\/\/museulourinha.org\/wp-content\/uploads\/2017\/04\/1-11-A-L-e1494252654186.jpg\" alt=\"\" width=\"150\" height=\"178\" data-wp-editing=\"1\" src=\"data:image\/svg+xml;base64,PHN2ZyB3aWR0aD0iMSIgaGVpZ2h0PSIxIiB4bWxucz0iaHR0cDovL3d3dy53My5vcmcvMjAwMC9zdmciPjwvc3ZnPg==\" style=\"--smush-placeholder-width: 150px; --smush-placeholder-aspect-ratio: 150\/178;\" \/><\/p><p><span style=\"font-size: 1.0625rem;\">The <\/span><a style=\"font-size: 1.0625rem;\" href=\"http:\/\/museulourinha.org\/en\/wordpress\/exposicoes\/atlantico\/paleontologia\/dinossauros-de-portugal\/\">dinosaurs<\/a><span style=\"font-size: 1.0625rem;\"> are certainly the examples that have publicized the\u00a0<\/span><span style=\"font-size: 1.0625rem;\">name Lourinh\u00e3 beyond borders. The national and international relevance of the finds found in the region, and combined with the popularity of the topic, attract many visitors to the region, as well as students and specialists from all over the world.<\/span><\/p>\t\t\t\t\t\t\t\t<\/div>\n\t\t\t\t<\/div>\n\t\t\t\t\t<\/div>\n\t\t<\/div>\n\t\t\t\t\t<\/div>\n\t\t<\/section>\n\t\t\t\t<\/div>","protected":false},"excerpt":{"rendered":"<p>A Paleontologia \u00e9 a Ci\u00eancia que estuda os vest\u00edgios da vida do passado, que de algum modo encontram-se preservados nas[Ler Mais &#8230;]<\/p>","protected":false},"author":8,"featured_media":0,"parent":39,"menu_order":1,"comment_status":"closed","ping_status":"closed","template":"","meta":{"footnotes":"","_links_to":"","_links_to_target":""},"class_list":["post-3883","page","type-page","status-publish","hentry"],"_links":{"self":[{"href":"https:\/\/museulourinha.org\/en\/wp-json\/wp\/v2\/pages\/3883","targetHints":{"allow":["GET"]}}],"collection":[{"href":"https:\/\/museulourinha.org\/en\/wp-json\/wp\/v2\/pages"}],"about":[{"href":"https:\/\/museulourinha.org\/en\/wp-json\/wp\/v2\/types\/page"}],"author":[{"embeddable":true,"href":"https:\/\/museulourinha.org\/en\/wp-json\/wp\/v2\/users\/8"}],"replies":[{"embeddable":true,"href":"https:\/\/museulourinha.org\/en\/wp-json\/wp\/v2\/comments?post=3883"}],"version-history":[{"count":15,"href":"https:\/\/museulourinha.org\/en\/wp-json\/wp\/v2\/pages\/3883\/revisions"}],"predecessor-version":[{"id":7354,"href":"https:\/\/museulourinha.org\/en\/wp-json\/wp\/v2\/pages\/3883\/revisions\/7354"}],"up":[{"embeddable":true,"href":"https:\/\/museulourinha.org\/en\/wp-json\/wp\/v2\/pages\/39"}],"wp:attachment":[{"href":"https:\/\/museulourinha.org\/en\/wp-json\/wp\/v2\/media?parent=3883"}],"curies":[{"name":"wp","href":"https:\/\/api.w.org\/{rel}","templated":true}]}}