{"id":3866,"date":"2018-03-10T17:04:08","date_gmt":"2018-03-10T17:04:08","guid":{"rendered":"http:\/\/museulourinha.org\/wordpress\/?page_id=3866"},"modified":"2024-09-04T20:39:11","modified_gmt":"2024-09-04T19:39:11","slug":"associados","status":"publish","type":"page","link":"https:\/\/museulourinha.org\/en\/geal\/o-geal\/associados\/","title":{"rendered":"Associates"},"content":{"rendered":"<h2 style=\"text-align: left;\">SER ASSOCIADO DO GEAL<\/h2>\n<p style=\"text-align: center;\">Ser Associado do GEAL n\u00e3o \u00e9 uma obriga\u00e7\u00e3o, mas tem vantagens!<\/p>\n<p style=\"text-align: left;\">\u00a0Os Associados tem v\u00e1rios direitos e o Kit Cart\u00e3o Associado inclui:<\/p>\n<ul>\n<li>Entrada gratuita no Museu da Lourinh\u00e3;<\/li>\n<li>Participa\u00e7\u00e3o nas actividades do GEAL;<\/li>\n<li>Desconto de 10% na Loja do Museu da Lourinh\u00e3.<\/li>\n<\/ul>\n<p>Recomendamos que mantenha as suas quotas em dia e mantenha o actualizado o seu cart\u00e3o de Associado bem como o endere\u00e7o de correio electr\u00f3nico.<\/p>\n<p>Usufrua vantagens de ser Associado do GEAL!<\/p>\n<p align=\"left\">Tornar-se Associado do GEAL- Museu da Lourinh\u00e3 \u00e9 simples. Basta preencher a Proposta de Associado e enviar para o Museu da Lourinh\u00e3.<\/p>\n<p style=\"text-align: justify;\">A Assembleia Geral de 13 de Dezembro de 2008 aprovou os novos <a class=\"tx_links\" href=\"https:\/\/museulourinha.org\/en\/geal\/o-geal\/estatutos\/\">Estatutos do GEAL<\/a>, que se encontram publicados em Di\u00e1rio da Rep\u00fablica. Pode obter aqui os <a href=\"https:\/\/museulourinha.org\/wp-content\/uploads\/2018\/07\/GEAL_Estatutos_2008-12-13.pdf\">Estatutos no formato <\/a>PDF.<\/p>\n<p>&nbsp;<\/p>\n<h3>Inscri\u00e7\u00e3o como novo Associado<\/h3>\n<p class=\"tx\" style=\"text-align: justify;\">Se tiver a inten\u00e7\u00e3o de se tornar associado do GEAL, poder\u00e1 obter\u00a0a Proposta de Associado <a href=\"http:\/\/museulourinha.org\/wp-content\/uploads\/2018\/08\/GEAL_Proposta_Novo_Associado.pdf\">here<\/a>.<\/p>\n<p class=\"tx\" style=\"text-align: justify;\">Ter\u00e1 que tamb\u00e9m preencher a Declara\u00e7\u00e3o de Protec\u00e7\u00e3o de dados que pode ser descarregada <a href=\"http:\/\/museulourinha.org\/wp-content\/uploads\/2018\/08\/Declara\u00e7\u00e3o-com-consentimento-e-informa\u00e7\u00e3o-novos-associados.pdf\">here<\/a>. No caso de ser menor, ter\u00e1 que assinar antes uma outra declara\u00e7\u00e3o que pode descarregar <a href=\"http:\/\/museulourinha.org\/wp-content\/uploads\/2018\/08\/Declara\u00e7\u00e3o-menores-com-consentimento-e-informa\u00e7\u00e3o-novos-associados.pdf\">here<\/a>.<\/p>\n<p class=\"tx\" style=\"text-align: justify;\">Por favor envie a sua inten\u00e7\u00e3o de ades\u00e3o para o email <a href=\"\/en\/geral@museulourinha.org\/\">geral@museulourinha.org<\/a>.<\/p>\n<h3><\/h3>\n<h3>Pagamento de quotas<\/h3>\n<p>A quota m\u00ednima anual \u00e9 de \u20ac12.00 (doze euros).<\/p>\n<p>O Associado pode pagar as suas quotas de quatro formas distintas:<\/p>\n<p><span class=\"txbold\">1.<\/span> Efectuar o <span class=\"txbold\">pagamento directamente<\/span> no Museu da Lourinh\u00e3.<\/p>\n<p><span class=\"txbold\">2.<\/span> Enviar <span class=\"txbold\">cheque<\/span> \u00e0 ordem de GEAL- Museu da Lourinh\u00e3.<\/p>\n<p><span class=\"txbold\">3.<\/span> Efectuar <span class=\"txbold\">transfer\u00eancia banc\u00e1ria<\/span> para o NIB 0045 5190 40015570609 50. Este processo requer que o Associado notifique o GEAL, sem o que n\u00e3o nos \u00e9 poss\u00edvel identificar o pagamento.<\/p>","protected":false},"excerpt":{"rendered":"<p>SER ASSOCIADO DO GEAL Ser Associado do GEAL n\u00e3o \u00e9 uma obriga\u00e7\u00e3o, mas tem vantagens! \u00a0Os Associados tem v\u00e1rios direitos[Ler Mais &#8230;]<\/p>","protected":false},"author":8,"featured_media":0,"parent":1344,"menu_order":1,"comment_status":"closed","ping_status":"closed","template":"","meta":{"footnotes":"","_links_to":"","_links_to_target":""},"class_list":["post-3866","page","type-page","status-publish","hentry"],"_links":{"self":[{"href":"https:\/\/museulourinha.org\/en\/wp-json\/wp\/v2\/pages\/3866","targetHints":{"allow":["GET"]}}],"collection":[{"href":"https:\/\/museulourinha.org\/en\/wp-json\/wp\/v2\/pages"}],"about":[{"href":"https:\/\/museulourinha.org\/en\/wp-json\/wp\/v2\/types\/page"}],"author":[{"embeddable":true,"href":"https:\/\/museulourinha.org\/en\/wp-json\/wp\/v2\/users\/8"}],"replies":[{"embeddable":true,"href":"https:\/\/museulourinha.org\/en\/wp-json\/wp\/v2\/comments?post=3866"}],"version-history":[{"count":1,"href":"https:\/\/museulourinha.org\/en\/wp-json\/wp\/v2\/pages\/3866\/revisions"}],"predecessor-version":[{"id":7936,"href":"https:\/\/museulourinha.org\/en\/wp-json\/wp\/v2\/pages\/3866\/revisions\/7936"}],"up":[{"embeddable":true,"href":"https:\/\/museulourinha.org\/en\/wp-json\/wp\/v2\/pages\/1344"}],"wp:attachment":[{"href":"https:\/\/museulourinha.org\/en\/wp-json\/wp\/v2\/media?parent=3866"}],"curies":[{"name":"wp","href":"https:\/\/api.w.org\/{rel}","templated":true}]}}