{"id":37,"date":"2017-03-21T12:02:15","date_gmt":"2017-03-21T12:02:15","guid":{"rendered":"http:\/\/museulourinha.org\/wordpress\/?page_id=37"},"modified":"2018-07-04T10:56:20","modified_gmt":"2018-07-04T10:56:20","slug":"estatutos","status":"publish","type":"page","link":"https:\/\/museulourinha.org\/en\/geal\/o-geal\/estatutos\/","title":{"rendered":"Estatutos"},"content":{"rendered":"<p>&nbsp;<\/p>\n<p><strong>Estatutos do GEAL aprovados em 13 de Dezembro de 2008\u00a0<\/strong>[<a href=\"http:\/\/museulourinha.org\/wp-content\/uploads\/2018\/07\/GEAL_Estatutos_2008-12-13.pdf\">descarregar<\/a>]<\/p>\n<p>Pesquisa on-line da publica\u00e7\u00e3o dos Estatutos do GEAL no Portal da Justi\u00e7a<\/p>\n<ol>\n<li>Introduza o NIF: 501 419 500<\/li>\n<li>Em &#8220;Tipo de Publica\u00e7\u00e3o&#8221; selecione &#8220;Associa\u00e7\u00f5es e Funda\u00e7\u00f5es&#8221;<\/li>\n<li>Introduza o c\u00f3digo de valida\u00e7\u00e3o apresentado na p\u00e1gina do Portal<\/li>\n<\/ol>\n<p><strong>Estatutos do GEAL aprovados em 27 de Maio de 1998<\/strong> [<a href=\"http:\/\/museulourinha.org\/wp-content\/uploads\/2018\/07\/GEAL_Estatutos_1998-05-27.pdf\">descarregar<\/a>]<\/p>","protected":false},"excerpt":{"rendered":"<p>&nbsp; Estatutos do GEAL aprovados em 13 de Dezembro de 2008\u00a0[descarregar] Pesquisa on-line da publica\u00e7\u00e3o dos Estatutos do GEAL no[Ler Mais &#8230;]<\/p>","protected":false},"author":8,"featured_media":0,"parent":1344,"menu_order":2,"comment_status":"closed","ping_status":"closed","template":"","meta":{"footnotes":"","_links_to":"","_links_to_target":""},"class_list":["post-37","page","type-page","status-publish","hentry"],"_links":{"self":[{"href":"https:\/\/museulourinha.org\/en\/wp-json\/wp\/v2\/pages\/37","targetHints":{"allow":["GET"]}}],"collection":[{"href":"https:\/\/museulourinha.org\/en\/wp-json\/wp\/v2\/pages"}],"about":[{"href":"https:\/\/museulourinha.org\/en\/wp-json\/wp\/v2\/types\/page"}],"author":[{"embeddable":true,"href":"https:\/\/museulourinha.org\/en\/wp-json\/wp\/v2\/users\/8"}],"replies":[{"embeddable":true,"href":"https:\/\/museulourinha.org\/en\/wp-json\/wp\/v2\/comments?post=37"}],"version-history":[{"count":0,"href":"https:\/\/museulourinha.org\/en\/wp-json\/wp\/v2\/pages\/37\/revisions"}],"up":[{"embeddable":true,"href":"https:\/\/museulourinha.org\/en\/wp-json\/wp\/v2\/pages\/1344"}],"wp:attachment":[{"href":"https:\/\/museulourinha.org\/en\/wp-json\/wp\/v2\/media?parent=37"}],"curies":[{"name":"wp","href":"https:\/\/api.w.org\/{rel}","templated":true}]}}