{"id":15,"date":"2017-03-21T12:00:39","date_gmt":"2017-03-21T12:00:39","guid":{"rendered":"http:\/\/museulourinha.org\/wordpress\/?page_id=15"},"modified":"2026-03-06T13:43:48","modified_gmt":"2026-03-06T13:43:48","slug":"a-equipa","status":"publish","type":"page","link":"https:\/\/museulourinha.org\/en\/museu\/a-equipa\/","title":{"rendered":"The Team"},"content":{"rendered":"<p>The GEAL and Lourinh\u00e3 Museum team is made up of members of the governing bodies (all volunteers), employees linked to GEAL, including technicians and assistants, external collaborators and a group of <a href=\"http:\/\/museulourinha.org\/en\/wordpress\/museu\/voluntariado\/\">volunteers<\/a>.<\/p>\n<h2>GEAL collaborators \u2013 Lourinh\u00e3 Museum<\/h2>\n<p><strong>Carla Abreu &#8211; <\/strong>Coordenadora Operacional | Muse\u00f3loga<\/p>\n<p><strong>Carla Alexandra Tom\u00e1s &#8211; <\/strong>Coordenadora Cient\u00edfica | Ge\u00f3loga<\/p>\n<p><strong>Andr\u00e9 Saleiro &#8211; <\/strong>Paleont\u00f3logo (PhD) | Bi\u00f3logo<\/p>\n<p><strong>C\u00e1tia F. Ribeiro &#8211; <\/strong>Paleont\u00f3loga (MSc) | Bi\u00f3loga | Preparadora de F\u00f3sseis<\/p>\n<p><strong>Pedro Ferreira &#8211; <\/strong>Licenciado em Biologia e Geologia<\/p>\n<p><strong>Micael Martinho &#8211;<\/strong> Fossil Preparer<\/p>\n<p><strong>Jorge Beja &#8211; <\/strong>Museology Assistant<\/p>\n<p><strong>\u00a0<\/strong><\/p>","protected":false},"excerpt":{"rendered":"<p>A equipa do GEAL e do Museu da Lourinh\u00e3 \u00e9 constitu\u00edda, pelos membros dos \u00f3rg\u00e3os sociais (todos volunt\u00e1rios), pelos colaboradores[Ler Mais &#8230;]<\/p>","protected":false},"author":8,"featured_media":0,"parent":10,"menu_order":2,"comment_status":"closed","ping_status":"closed","template":"","meta":{"footnotes":"","_links_to":"","_links_to_target":""},"class_list":["post-15","page","type-page","status-publish","hentry"],"_links":{"self":[{"href":"https:\/\/museulourinha.org\/en\/wp-json\/wp\/v2\/pages\/15","targetHints":{"allow":["GET"]}}],"collection":[{"href":"https:\/\/museulourinha.org\/en\/wp-json\/wp\/v2\/pages"}],"about":[{"href":"https:\/\/museulourinha.org\/en\/wp-json\/wp\/v2\/types\/page"}],"author":[{"embeddable":true,"href":"https:\/\/museulourinha.org\/en\/wp-json\/wp\/v2\/users\/8"}],"replies":[{"embeddable":true,"href":"https:\/\/museulourinha.org\/en\/wp-json\/wp\/v2\/comments?post=15"}],"version-history":[{"count":7,"href":"https:\/\/museulourinha.org\/en\/wp-json\/wp\/v2\/pages\/15\/revisions"}],"predecessor-version":[{"id":8132,"href":"https:\/\/museulourinha.org\/en\/wp-json\/wp\/v2\/pages\/15\/revisions\/8132"}],"up":[{"embeddable":true,"href":"https:\/\/museulourinha.org\/en\/wp-json\/wp\/v2\/pages\/10"}],"wp:attachment":[{"href":"https:\/\/museulourinha.org\/en\/wp-json\/wp\/v2\/media?parent=15"}],"curies":[{"name":"wp","href":"https:\/\/api.w.org\/{rel}","templated":true}]}}