{"id":1344,"date":"2017-03-30T10:01:33","date_gmt":"2017-03-30T10:01:33","guid":{"rendered":"http:\/\/museulourinha.org\/wordpress\/?page_id=1344"},"modified":"2019-02-15T10:23:36","modified_gmt":"2019-02-15T10:23:36","slug":"o-geal","status":"publish","type":"page","link":"https:\/\/museulourinha.org\/en\/geal\/o-geal\/","title":{"rendered":"O GEAL"},"content":{"rendered":"<p align=\"justify\">\u00a0<\/p>\n<p><img fetchpriority=\"high\" decoding=\"async\" class=\"wp-image-3790 alignright\" style=\"text-align: justify;\" src=\"http:\/\/museulourinha.org\/wordpress\/wp-content\/uploads\/2018\/02\/GEAL_Logo_Transp_Redondo_r121g141b168.gif\" alt=\"\" width=\"238\" height=\"251\" \/><\/p>\n<p align=\"justify\"><strong><span style=\"color: #008000;\">INTRODU\u00c7\u00c3O<\/span><\/strong><\/p>\n<p align=\"justify\">&#8220;O Grupo de Etnologia e Arqueologia da Lourinh\u00e3, tamb\u00e9m designado por GEAL, \u00e9 uma pessoa colectiva de direito privado, fundada em 1981&#8230;&#8221; <em>(Estatutos dos GEAL)<\/em>.<\/p>\n<p align=\"justify\">O GEAL \u00e9 uma associa\u00e7\u00e3o cultural, sem fins lucrativos, de reconhecida utilidade p\u00fablica que dedica especial aten\u00e7\u00e3o \u00e0s seguintes \u00e1reas do conhecimento:<\/p>\n<ul>\n<li>Nas Ci\u00eancias da Natureza, \u00e0 Geologia e \u00e0 Biologia, nomeadamente \u00e0 Paleontologia e ao Ambiente.<\/li>\n<li>Nas Ci\u00eancias Sociais, \u00e0 Hist\u00f3ria, nomeadamente \u00e0 Arqueologia e Etnografia.<\/li>\n<\/ul>\n<p align=\"justify\">Assim, o GEAL tem como objectivos priorit\u00e1rios:<\/p>\n<ul>\n<li>Salvaguardar, defender e valorizar o patrim\u00f3nio natural e cultural.<\/li>\n<li>Promover o estudo e divulga\u00e7\u00e3o desse patrim\u00f3nio, prioritariamente atrav\u00e9s do <a class=\"txlinks_int\" href=\"http:\/\/museulourinha.org\/en\/museu\/o-museu\/\"><b>Museu da Lourinh\u00e3<\/b><\/a>.<\/li>\n<li>Defender o ambiente e a conserva\u00e7\u00e3o da natureza.<\/li>\n<li>Promover o pensamento cient\u00edfico, o gosto pela descoberta e a aproxima\u00e7\u00e3o \u00e0s boas pr\u00e1ticas de preserva\u00e7\u00e3o do patrim\u00f3nio, designadamente junto da popula\u00e7\u00e3o jovem.<\/li>\n<li>Promover a qualidade de vida com especial foco no Concelho da Lourinh\u00e3.<\/li>\n<\/ul>\n<h2><span style=\"color: #008000;\">Um pouco de hist\u00f3ria<\/span><\/h2>\n<p align=\"justify\">O GEAL nasce da vontade de um <a class=\"txlinks_int\" href=\"http:\/\/museulourinha.org\/en\/fundadores-do-geal\/\">grupo de amigos<\/a>, curiosos da etnologia e arqueologia, que fazem dos seus tempos livres uma verdadeira &#8220;estufa incubadora&#8221; de ideias e projectos.<\/p>\n<p align=\"justify\">Estava-se em 1979 e este grupo de amigos, n\u00e3o passava disso mesmo: um grupo de pessoas comungando da paix\u00e3o pelo patrim\u00f3nio local.<\/p>\n<p align=\"justify\">Com o aprofundar da actividade do grupo, que de forma espont\u00e2nea e gradual veio ocupar um papel fundamental no panorama cultural do concelho, surge a necessidade de dot\u00e1-lo de enquadramento jur\u00eddico apropriado.<\/p>\n<p align=\"justify\">Resolvem ent\u00e3o fundar, o <span class=\"txbold\">Grupo de Etnologia e Arqueologia da Lourinh\u00e3 (GEAL)<\/span>, sendo este registado a 15 de Dezembro de 1981. Viria mais tarde a adquir o estatuto de &#8220;Utilidade P\u00fablica&#8221;.<\/p>\n<p align=\"justify\">O GEAL proporcionou a base estrutural para a cria\u00e7\u00e3o do <a class=\"txlinks_int\" href=\"http:\/\/museulourinha.org\/en\/museu\/o-museu\/\">Museu da Lourinh\u00e3<\/a>, sua principal realiza\u00e7\u00e3o. O mote foi dado quando o Tribunal mudou de instala\u00e7\u00f5es, deixando desocupado o antigo edif\u00edcio. Com o apoio do Munic\u00edpio e muito trabalho volunt\u00e1rio, o Museu foi criado em 1984.<\/p>\n<p>&nbsp;<\/p>\n<h2><span style=\"color: #008000;\">O ponto de viragem &#8230;<\/span><\/h2>\n<p><img decoding=\"async\" class=\"size-medium wp-image-1394 alignright lazyload\" style=\"--smush-placeholder-width: 300px; --smush-placeholder-aspect-ratio: 300\/212;text-align: center;\" data-src=\"http:\/\/museulourinha.org\/wordpress\/wp-content\/uploads\/2017\/03\/museu1983.-1-300x212.jpeg\" alt=\"\" width=\"300\" height=\"212\" data-srcset=\"https:\/\/museulourinha.org\/wp-content\/uploads\/2017\/03\/museu1983.-1-300x212.jpeg 300w, https:\/\/museulourinha.org\/wp-content\/uploads\/2017\/03\/museu1983.-1-90x65.jpeg 90w, https:\/\/museulourinha.org\/wp-content\/uploads\/2017\/03\/museu1983.-1.jpeg 394w\" data-sizes=\"(max-width: 300px) 100vw, 300px\" src=\"data:image\/svg+xml;base64,PHN2ZyB3aWR0aD0iMSIgaGVpZ2h0PSIxIiB4bWxucz0iaHR0cDovL3d3dy53My5vcmcvMjAwMC9zdmciPjwvc3ZnPg==\" \/><\/p>\n<p align=\"justify\">Os anos 90 marcaram de forma indel\u00e9vel a hist\u00f3ria do GEAL e do Museu.<\/p>\n<p align=\"justify\">A descoberta do importante e \u00fanico <span class=\"txbold\">legado paleontol\u00f3gico<\/span> da regi\u00e3o, veio projectar a actividade do Museu e o patrim\u00f3nio lourinhanense no pa\u00eds e no mundo, tornando-se refer\u00eancia obrigat\u00f3ria na comunidade cient\u00edfica internacional.<\/p>\n<p align=\"justify\">A equipa t\u00e9cnica e cient\u00edfica do Museu ganha nova din\u00e2mica e novas compet\u00eancias mantendo colabora\u00e7\u00e3o t\u00e9cnica regular com v\u00e1rios pa\u00edses.<\/p>\n<p align=\"justify\">O GEAL conta hoje com mais de 600 <a class=\"txlinks_int\" href=\"http:\/\/museulourinha.org\/en\/geal\/o-geal\/associados\/\">associados<\/a> e um numeroso grupo de <a class=\"txlinks_int\" href=\"http:\/\/museulourinha.org\/en\/museu\/voluntariado\/\">volunteers<\/a>, mantendo activamente a investiga\u00e7\u00e3o e divulga\u00e7\u00e3o cient\u00edficas, e uma forte colabora\u00e7\u00e3o de natureza cultural, social, cient\u00edfica e museol\u00f3gica com v\u00e1rias <a class=\"txlinks_int\" href=\"http:\/\/museulourinha.org\/en\/museu\/colaboracoes\/\">entidades<\/a>, nacionais e estrangeiras.<\/p>\n<h2 style=\"text-align: center;\"><span style=\"color: #008000;\">Venha visitar o Museu da Lourinh\u00e3!<\/span><\/h2>","protected":false},"excerpt":{"rendered":"<p>\u00a0 INTRODU\u00c7\u00c3O &#8220;O Grupo de Etnologia e Arqueologia da Lourinh\u00e3, tamb\u00e9m designado por GEAL, \u00e9 uma pessoa colectiva de direito[Ler Mais &#8230;]<\/p>","protected":false},"author":8,"featured_media":0,"parent":9,"menu_order":0,"comment_status":"closed","ping_status":"closed","template":"","meta":{"footnotes":"","_links_to":"","_links_to_target":""},"class_list":["post-1344","page","type-page","status-publish","hentry"],"_links":{"self":[{"href":"https:\/\/museulourinha.org\/en\/wp-json\/wp\/v2\/pages\/1344","targetHints":{"allow":["GET"]}}],"collection":[{"href":"https:\/\/museulourinha.org\/en\/wp-json\/wp\/v2\/pages"}],"about":[{"href":"https:\/\/museulourinha.org\/en\/wp-json\/wp\/v2\/types\/page"}],"author":[{"embeddable":true,"href":"https:\/\/museulourinha.org\/en\/wp-json\/wp\/v2\/users\/8"}],"replies":[{"embeddable":true,"href":"https:\/\/museulourinha.org\/en\/wp-json\/wp\/v2\/comments?post=1344"}],"version-history":[{"count":0,"href":"https:\/\/museulourinha.org\/en\/wp-json\/wp\/v2\/pages\/1344\/revisions"}],"up":[{"embeddable":true,"href":"https:\/\/museulourinha.org\/en\/wp-json\/wp\/v2\/pages\/9"}],"wp:attachment":[{"href":"https:\/\/museulourinha.org\/en\/wp-json\/wp\/v2\/media?parent=1344"}],"curies":[{"name":"wp","href":"https:\/\/api.w.org\/{rel}","templated":true}]}}